{"id":29973,"date":"2023-11-04T21:25:27","date_gmt":"2023-11-05T01:25:27","guid":{"rendered":"https:\/\/stage.loncani.ca\/updatetheme\/en\/shop\/uncategorized\/lait-melanin-500-ml\/"},"modified":"2023-11-04T21:25:27","modified_gmt":"2023-11-05T01:25:27","slug":"lait-melanin-500-ml","status":"publish","type":"product","link":"https:\/\/stage.loncani.ca\/fr\/shop\/soin-de-la-peau\/night-creams\/lait-melanin-500-ml\/","title":{"rendered":"Lait Melanin 500 ML"},"content":{"rendered":"<p>D\u00e9couvrez le secret d\u2019une peau \u00e9clatante avec le Lait Melanin 500 ML. Ce lait de beaut\u00e9 hydratant et lissant a \u00e9t\u00e9 sp\u00e9cialement formul\u00e9 pour les peaux ternes et fonc\u00e9es. La routine parfaite pour les d\u00e9esses de la m\u00e9lanine, il stimule et renforce la barri\u00e8re protectrice de votre peau, tout en la nourrissant et en l\u2019hydratant tout au long de la journ\u00e9e.<\/p>\n<p>Gr\u00e2ce \u00e0 ses propri\u00e9t\u00e9s exfoliantes douces, ce lait \u00e9limine les cellules mortes de la peau, tout en maintenant le teint et la texture de votre peau. Vous remarquerez rapidement une am\u00e9lioration visible : votre peau sera plus douce, plus lisse et plus saine.<\/p>\n<p>Pour une protection optimale contre les rayons du soleil, nous vous recommandons d\u2019utiliser ce lait en combinaison avec une cr\u00e8me solaire d\u2019au moins FPS 30. De cette fa\u00e7on, vous pouvez profiter des bienfaits du Lait Melanin tout en prot\u00e9geant votre peau des dommages caus\u00e9s par les UV.<\/p>\n<p>Ce lait est id\u00e9al pour les peaux normales et s\u00e8ches. Sa formule non com\u00e9dog\u00e8ne assure une absorption rapide sans obstruer les pores. Vous pouvez l\u2019utiliser quotidiennement comme base de maquillage ou comme \u00e9tape finale de votre routine de soins de la peau.<\/p>\n<p>Le Lait Melanin contient des ingr\u00e9dients soigneusement s\u00e9lectionn\u00e9s pour apporter les meilleurs r\u00e9sultats \u00e0 votre peau. Parmi ces ingr\u00e9dients figurent l\u2019eau purifi\u00e9e, la glyc\u00e9rine, l\u2019huile min\u00e9rale, le lactate d\u2019ammonium, l\u2019acide salicylique et bien d\u2019autres encore. Tous ces \u00e9l\u00e9ments travaillent en harmonie pour vous offrir une peau \u00e9clatante et radieuse.<\/p>\n<p>Offrez \u00e0 votre peau le soin qu\u2019elle m\u00e9rite avec le Lait Melanin 500 ML. Dites adieu \u00e0 la peau terne et bonjour \u00e0 une peau lumineuse et resplendissante de sant\u00e9.<\/p>\n<p><strong>Ingr\u00e9dients :<\/strong> Eau purifi\u00e9e, glyc\u00e9rine, huile min\u00e9rale, lactate d\u2019ammonium, acide salicylique, trolamine, st\u00e9arate de glyc\u00e9ryle, b\u00e9hentrimine, Stearate Se, Behentrimonium Methosulfate et Cetearyl Alcohol, Peg-100 Stearate, Cetyl Alcohol, Chol\u00e9calcif\u00e9rol (vitamine D3 dans l\u2019huile de ma\u00efs), C\u00e9ramide 3, C\u00e9ramide 6-11, C\u00e9ramide 1, Choleste- Rol, Phytosphingosine, Dimethicone 360, Methylparaben, Di- Sodium Edta, Propylparaben, Acide Hyaluronique, Sodium Lau- Royl Lactylate, Carbomer, Xanthan Gum\u2026<\/p>\n<script>\r\njQuery('.berocket_ww_container').each( function( i, o ) {\r\n    if ( jQuery(o).height() + 20 < jQuery(o).find('.berocket_ww_ul_container').height() && jQuery(o).find('.berocket_ww_show_all').length ) {\r\n        jQuery(o).find('.berocket_ww_show_all').show();\r\n    } else if( ! jQuery(o).find('.berocket_ww_show_all').length ) {\r\n        var $scroll_block = jQuery(o).find('.berocket_ww_list');\r\n        $scroll_block.css( {maxHeight: 'initial'} );\r\n    }\r\n});\r\n<\/script>","protected":false},"excerpt":{"rendered":"<p>Lait de beaut\u00e9 hydratant et lissant sp\u00e9cialement formul\u00e9 pour les peaux ternes et fonc\u00e9es. La routine parfaite de Melanin Goddess Skin stimule et renforce la barri\u00e8re protectrice de votre peau, tout en la nourrissant et en l\u2019hydratant tout au long de la journ\u00e9e.<\/p>","protected":false},"featured_media":29972,"comment_status":"open","ping_status":"closed","template":"","meta":{"pmpro_default_level":0},"product_cat":[347],"product_tag":[1960],"yoast_head":"<!-- This site is optimized with the Yoast SEO plugin v18.6 - https:\/\/yoast.com\/wordpress\/plugins\/seo\/ -->\n<title>Lait Melanin 500 ML - LONCANI Stage<\/title>\n<meta name=\"robots\" content=\"noindex, follow, max-snippet:-1, max-image-preview:large, max-video-preview:-1\" \/>\n<meta property=\"og:locale\" content=\"fr_CA\" \/>\n<meta property=\"og:type\" content=\"article\" \/>\n<meta property=\"og:title\" content=\"Lait Melanin 500 ML - LONCANI Stage\" \/>\n<meta property=\"og:description\" content=\"Lait de beaut\u00e9 hydratant et lissant sp\u00e9cialement formul\u00e9 pour les peaux ternes et fonc\u00e9es. La routine parfaite de Melanin Goddess Skin stimule et renforce la barri\u00e8re protectrice de votre peau, tout en la nourrissant et en l\u2019hydratant tout au long de la journ\u00e9e.\" \/>\n<meta property=\"og:url\" content=\"https:\/\/stage.loncani.ca\/fr\/shop\/soin-de-la-peau\/night-creams\/lait-melanin-500-ml\/\" \/>\n<meta property=\"og:site_name\" content=\"LONCANI Stage\" \/>\n<meta property=\"og:image\" content=\"https:\/\/stage.loncani.ca\/wp-content\/uploads\/2023\/11\/lait-melanin-500-ml-2.jpg\" \/>\n\t<meta property=\"og:image:width\" content=\"800\" \/>\n\t<meta property=\"og:image:height\" content=\"800\" \/>\n\t<meta property=\"og:image:type\" content=\"image\/jpeg\" \/>\n<meta name=\"twitter:card\" content=\"summary_large_image\" \/>\n<meta name=\"twitter:label1\" content=\"Estimation du temps de lecture\" \/>\n\t<meta name=\"twitter:data1\" content=\"2 minutes\" \/>\n<script type=\"application\/ld+json\" class=\"yoast-schema-graph\">{\"@context\":\"https:\/\/schema.org\",\"@graph\":[{\"@type\":\"WebSite\",\"@id\":\"https:\/\/stage.loncani.ca\/#website\",\"url\":\"https:\/\/stage.loncani.ca\/\",\"name\":\"LONCANI Stage\",\"description\":\"Black-Owned Beauty Marketplace\",\"potentialAction\":[{\"@type\":\"SearchAction\",\"target\":{\"@type\":\"EntryPoint\",\"urlTemplate\":\"https:\/\/stage.loncani.ca\/?s={search_term_string}\"},\"query-input\":\"required name=search_term_string\"}],\"inLanguage\":\"fr-CA\"},{\"@type\":\"ImageObject\",\"@id\":\"https:\/\/stage.loncani.ca\/en\/shop\/skin-care\/night-creams\/lait-melanin-500-ml\/#primaryimage\",\"inLanguage\":\"fr-CA\",\"url\":\"https:\/\/stage.loncani.ca\/wp-content\/uploads\/2023\/11\/lait-melanin-500-ml-2.jpg\",\"contentUrl\":\"https:\/\/stage.loncani.ca\/wp-content\/uploads\/2023\/11\/lait-melanin-500-ml-2.jpg\",\"width\":800,\"height\":800},{\"@type\":\"WebPage\",\"@id\":\"https:\/\/stage.loncani.ca\/en\/shop\/skin-care\/night-creams\/lait-melanin-500-ml\/#webpage\",\"url\":\"https:\/\/stage.loncani.ca\/en\/shop\/skin-care\/night-creams\/lait-melanin-500-ml\/\",\"name\":\"Lait Melanin 500 ML - LONCANI Stage\",\"isPartOf\":{\"@id\":\"https:\/\/stage.loncani.ca\/#website\"},\"primaryImageOfPage\":{\"@id\":\"https:\/\/stage.loncani.ca\/en\/shop\/skin-care\/night-creams\/lait-melanin-500-ml\/#primaryimage\"},\"datePublished\":\"2023-11-05T01:25:27+00:00\",\"dateModified\":\"2023-11-05T01:25:27+00:00\",\"breadcrumb\":{\"@id\":\"https:\/\/stage.loncani.ca\/en\/shop\/skin-care\/night-creams\/lait-melanin-500-ml\/#breadcrumb\"},\"inLanguage\":\"fr-CA\",\"potentialAction\":[{\"@type\":\"ReadAction\",\"target\":[\"https:\/\/stage.loncani.ca\/en\/shop\/skin-care\/night-creams\/lait-melanin-500-ml\/\"]}]},{\"@type\":\"BreadcrumbList\",\"@id\":\"https:\/\/stage.loncani.ca\/en\/shop\/skin-care\/night-creams\/lait-melanin-500-ml\/#breadcrumb\",\"itemListElement\":[{\"@type\":\"ListItem\",\"position\":1,\"name\":\"Home\",\"item\":\"https:\/\/stage.loncani.ca\/\"},{\"@type\":\"ListItem\",\"position\":2,\"name\":\"Shop\",\"item\":\"https:\/\/stage.loncani.ca\/en\/shop\/\"},{\"@type\":\"ListItem\",\"position\":3,\"name\":\"Lait Melanin 500 ML\"}]}]}<\/script>\n<!-- \/ Yoast SEO plugin. -->","yoast_head_json":{"title":"Lait Melanin 500 ML - LONCANI Stage","robots":{"index":"noindex","follow":"follow","max-snippet":"max-snippet:-1","max-image-preview":"max-image-preview:large","max-video-preview":"max-video-preview:-1"},"og_locale":"fr_CA","og_type":"article","og_title":"Lait Melanin 500 ML - LONCANI Stage","og_description":"Lait de beaut\u00e9 hydratant et lissant sp\u00e9cialement formul\u00e9 pour les peaux ternes et fonc\u00e9es. La routine parfaite de Melanin Goddess Skin stimule et renforce la barri\u00e8re protectrice de votre peau, tout en la nourrissant et en l\u2019hydratant tout au long de la journ\u00e9e.","og_url":"https:\/\/stage.loncani.ca\/fr\/shop\/soin-de-la-peau\/night-creams\/lait-melanin-500-ml\/","og_site_name":"LONCANI Stage","og_image":[{"width":800,"height":800,"url":"https:\/\/stage.loncani.ca\/wp-content\/uploads\/2023\/11\/lait-melanin-500-ml-2.jpg","type":"image\/jpeg"}],"twitter_card":"summary_large_image","twitter_misc":{"Estimation du temps de lecture":"2 minutes"},"schema":{"@context":"https:\/\/schema.org","@graph":[{"@type":"WebSite","@id":"https:\/\/stage.loncani.ca\/#website","url":"https:\/\/stage.loncani.ca\/","name":"LONCANI Stage","description":"Black-Owned Beauty Marketplace","potentialAction":[{"@type":"SearchAction","target":{"@type":"EntryPoint","urlTemplate":"https:\/\/stage.loncani.ca\/?s={search_term_string}"},"query-input":"required name=search_term_string"}],"inLanguage":"fr-CA"},{"@type":"ImageObject","@id":"https:\/\/stage.loncani.ca\/en\/shop\/skin-care\/night-creams\/lait-melanin-500-ml\/#primaryimage","inLanguage":"fr-CA","url":"https:\/\/stage.loncani.ca\/wp-content\/uploads\/2023\/11\/lait-melanin-500-ml-2.jpg","contentUrl":"https:\/\/stage.loncani.ca\/wp-content\/uploads\/2023\/11\/lait-melanin-500-ml-2.jpg","width":800,"height":800},{"@type":"WebPage","@id":"https:\/\/stage.loncani.ca\/en\/shop\/skin-care\/night-creams\/lait-melanin-500-ml\/#webpage","url":"https:\/\/stage.loncani.ca\/en\/shop\/skin-care\/night-creams\/lait-melanin-500-ml\/","name":"Lait Melanin 500 ML - LONCANI Stage","isPartOf":{"@id":"https:\/\/stage.loncani.ca\/#website"},"primaryImageOfPage":{"@id":"https:\/\/stage.loncani.ca\/en\/shop\/skin-care\/night-creams\/lait-melanin-500-ml\/#primaryimage"},"datePublished":"2023-11-05T01:25:27+00:00","dateModified":"2023-11-05T01:25:27+00:00","breadcrumb":{"@id":"https:\/\/stage.loncani.ca\/en\/shop\/skin-care\/night-creams\/lait-melanin-500-ml\/#breadcrumb"},"inLanguage":"fr-CA","potentialAction":[{"@type":"ReadAction","target":["https:\/\/stage.loncani.ca\/en\/shop\/skin-care\/night-creams\/lait-melanin-500-ml\/"]}]},{"@type":"BreadcrumbList","@id":"https:\/\/stage.loncani.ca\/en\/shop\/skin-care\/night-creams\/lait-melanin-500-ml\/#breadcrumb","itemListElement":[{"@type":"ListItem","position":1,"name":"Home","item":"https:\/\/stage.loncani.ca\/"},{"@type":"ListItem","position":2,"name":"Shop","item":"https:\/\/stage.loncani.ca\/en\/shop\/"},{"@type":"ListItem","position":3,"name":"Lait Melanin 500 ML"}]}]}},"_links":{"self":[{"href":"https:\/\/stage.loncani.ca\/fr\/wp-json\/wp\/v2\/product\/29973"}],"collection":[{"href":"https:\/\/stage.loncani.ca\/fr\/wp-json\/wp\/v2\/product"}],"about":[{"href":"https:\/\/stage.loncani.ca\/fr\/wp-json\/wp\/v2\/types\/product"}],"replies":[{"embeddable":true,"href":"https:\/\/stage.loncani.ca\/fr\/wp-json\/wp\/v2\/comments?post=29973"}],"wp:featuredmedia":[{"embeddable":true,"href":"https:\/\/stage.loncani.ca\/fr\/wp-json\/wp\/v2\/media\/29972"}],"wp:attachment":[{"href":"https:\/\/stage.loncani.ca\/fr\/wp-json\/wp\/v2\/media?parent=29973"}],"wp:term":[{"taxonomy":"product_cat","embeddable":true,"href":"https:\/\/stage.loncani.ca\/fr\/wp-json\/wp\/v2\/product_cat?post=29973"},{"taxonomy":"product_tag","embeddable":true,"href":"https:\/\/stage.loncani.ca\/fr\/wp-json\/wp\/v2\/product_tag?post=29973"}],"curies":[{"name":"wp","href":"https:\/\/api.w.org\/{rel}","templated":true}]}}