{"id":29563,"date":"2023-05-22T15:01:03","date_gmt":"2023-05-22T19:01:03","guid":{"rendered":"https:\/\/stage.loncani.ca\/updatetheme\/fr\/shop\/non%20cat\u00e9goris\u00e9\/combo-huile-et-pommade-de-cheveux\/"},"modified":"2023-07-16T22:11:41","modified_gmt":"2023-07-17T02:11:41","slug":"combo-huile-et-pommade-de-cheveux","status":"publish","type":"product","link":"https:\/\/stage.loncani.ca\/fr\/shop\/soin-des-cheveux\/hair-treatment\/combo-huile-et-pommade-de-cheveux\/","title":{"rendered":"Combo Huile et Pommade de cheveux"},"content":{"rendered":"<p>Un combo gagnant pour des cheveux brillants et en sant\u00e9. Transformez votre routine capillaire avec notre combo huile et pommade. Infus\u00e9 d\u2019huile de p\u00e9pins de raisin, ce duo puissant favorise la sant\u00e9 du cuir chevelu et nourrit vos cheveux de l\u2019int\u00e9rieur. Dites adieu aux cheveux ternes et sans vie, et bonjour aux boucles pulpeuses qui brillent toute la journ\u00e9e. Notre huile capillaire est un puissant hydratant qui lisse les pointes fourchues et dompte les cheveux rebelles, tandis que la pommade renforce les m\u00e8ches et favorise la croissance cellulaire. Parfaite pour tous les types de cheveux, notre combinaison prot\u00e8ge contre les dommages caus\u00e9s par les UV et apaise le cuir chevelu, pour des cheveux plus sains et plus faciles \u00e0 coiffer. Pr\u00e9parez-vous \u00e0 arborer votre plus belle chevelure avec notre combo huile capillaire et pommade !<\/p>\n<script>\r\njQuery('.berocket_ww_container').each( function( i, o ) {\r\n    if ( jQuery(o).height() + 20 < jQuery(o).find('.berocket_ww_ul_container').height() && jQuery(o).find('.berocket_ww_show_all').length ) {\r\n        jQuery(o).find('.berocket_ww_show_all').show();\r\n    } else if( ! jQuery(o).find('.berocket_ww_show_all').length ) {\r\n        var $scroll_block = jQuery(o).find('.berocket_ww_list');\r\n        $scroll_block.css( {maxHeight: 'initial'} );\r\n    }\r\n});\r\n<\/script>","protected":false},"excerpt":{"rendered":"<p>Un combo gagnant pour des cheveux brillants et en sant\u00e9. Transformez votre routine capillaire avec notre combo huile et pommade.<\/p>","protected":false},"featured_media":29591,"comment_status":"open","ping_status":"closed","template":"","meta":{"pmpro_default_level":0},"product_cat":[339,344],"product_tag":[131,1954,1950],"yoast_head":"<!-- This site is optimized with the Yoast SEO plugin v18.6 - https:\/\/yoast.com\/wordpress\/plugins\/seo\/ -->\n<title>Combo Huile et Pommade de cheveux - LONCANI Stage<\/title>\n<meta name=\"robots\" content=\"noindex, follow, max-snippet:-1, max-image-preview:large, max-video-preview:-1\" \/>\n<meta property=\"og:locale\" content=\"fr_CA\" \/>\n<meta property=\"og:type\" content=\"article\" \/>\n<meta property=\"og:title\" content=\"Combo Huile et Pommade de cheveux - LONCANI Stage\" \/>\n<meta property=\"og:description\" content=\"Un combo gagnant pour des cheveux brillants et en sant\u00e9. Transformez votre routine capillaire avec notre combo huile et pommade.\" \/>\n<meta property=\"og:url\" content=\"https:\/\/stage.loncani.ca\/fr\/shop\/soin-des-cheveux\/hair-treatment\/combo-huile-et-pommade-de-cheveux\/\" \/>\n<meta property=\"og:site_name\" content=\"LONCANI Stage\" \/>\n<meta property=\"article:modified_time\" content=\"2023-07-17T02:11:41+00:00\" \/>\n<meta property=\"og:image\" content=\"https:\/\/stage.loncani.ca\/wp-content\/uploads\/2023\/05\/HairOil-2.png\" \/>\n\t<meta property=\"og:image:width\" content=\"2736\" \/>\n\t<meta property=\"og:image:height\" content=\"1824\" \/>\n\t<meta property=\"og:image:type\" content=\"image\/png\" \/>\n<meta name=\"twitter:card\" content=\"summary_large_image\" \/>\n<meta name=\"twitter:label1\" content=\"Estimation du temps de lecture\" \/>\n\t<meta name=\"twitter:data1\" content=\"1 minute\" \/>\n<script type=\"application\/ld+json\" class=\"yoast-schema-graph\">{\"@context\":\"https:\/\/schema.org\",\"@graph\":[{\"@type\":\"WebSite\",\"@id\":\"https:\/\/stage.loncani.ca\/#website\",\"url\":\"https:\/\/stage.loncani.ca\/\",\"name\":\"LONCANI Stage\",\"description\":\"Black-Owned Beauty Marketplace\",\"potentialAction\":[{\"@type\":\"SearchAction\",\"target\":{\"@type\":\"EntryPoint\",\"urlTemplate\":\"https:\/\/stage.loncani.ca\/?s={search_term_string}\"},\"query-input\":\"required name=search_term_string\"}],\"inLanguage\":\"fr-CA\"},{\"@type\":\"ImageObject\",\"@id\":\"https:\/\/stage.loncani.ca\/en\/shop\/hair-care\/hair-treatment\/combo-huile-et-pommade-de-cheveux\/#primaryimage\",\"inLanguage\":\"fr-CA\",\"url\":\"https:\/\/stage.loncani.ca\/wp-content\/uploads\/2023\/05\/HairOil-2.png\",\"contentUrl\":\"https:\/\/stage.loncani.ca\/wp-content\/uploads\/2023\/05\/HairOil-2.png\",\"width\":2736,\"height\":1824},{\"@type\":\"WebPage\",\"@id\":\"https:\/\/stage.loncani.ca\/en\/shop\/hair-care\/hair-treatment\/combo-huile-et-pommade-de-cheveux\/#webpage\",\"url\":\"https:\/\/stage.loncani.ca\/en\/shop\/hair-care\/hair-treatment\/combo-huile-et-pommade-de-cheveux\/\",\"name\":\"Combo Huile et Pommade de cheveux - LONCANI Stage\",\"isPartOf\":{\"@id\":\"https:\/\/stage.loncani.ca\/#website\"},\"primaryImageOfPage\":{\"@id\":\"https:\/\/stage.loncani.ca\/en\/shop\/hair-care\/hair-treatment\/combo-huile-et-pommade-de-cheveux\/#primaryimage\"},\"datePublished\":\"2023-05-22T19:01:03+00:00\",\"dateModified\":\"2023-07-17T02:11:41+00:00\",\"breadcrumb\":{\"@id\":\"https:\/\/stage.loncani.ca\/en\/shop\/hair-care\/hair-treatment\/combo-huile-et-pommade-de-cheveux\/#breadcrumb\"},\"inLanguage\":\"fr-CA\",\"potentialAction\":[{\"@type\":\"ReadAction\",\"target\":[\"https:\/\/stage.loncani.ca\/en\/shop\/hair-care\/hair-treatment\/combo-huile-et-pommade-de-cheveux\/\"]}]},{\"@type\":\"BreadcrumbList\",\"@id\":\"https:\/\/stage.loncani.ca\/en\/shop\/hair-care\/hair-treatment\/combo-huile-et-pommade-de-cheveux\/#breadcrumb\",\"itemListElement\":[{\"@type\":\"ListItem\",\"position\":1,\"name\":\"Home\",\"item\":\"https:\/\/stage.loncani.ca\/\"},{\"@type\":\"ListItem\",\"position\":2,\"name\":\"Shop\",\"item\":\"https:\/\/stage.loncani.ca\/en\/shop\/\"},{\"@type\":\"ListItem\",\"position\":3,\"name\":\"Combo Huile et Pommade de cheveux\"}]}]}<\/script>\n<!-- \/ Yoast SEO plugin. -->","yoast_head_json":{"title":"Combo Huile et Pommade de cheveux - LONCANI Stage","robots":{"index":"noindex","follow":"follow","max-snippet":"max-snippet:-1","max-image-preview":"max-image-preview:large","max-video-preview":"max-video-preview:-1"},"og_locale":"fr_CA","og_type":"article","og_title":"Combo Huile et Pommade de cheveux - LONCANI Stage","og_description":"Un combo gagnant pour des cheveux brillants et en sant\u00e9. Transformez votre routine capillaire avec notre combo huile et pommade.","og_url":"https:\/\/stage.loncani.ca\/fr\/shop\/soin-des-cheveux\/hair-treatment\/combo-huile-et-pommade-de-cheveux\/","og_site_name":"LONCANI Stage","article_modified_time":"2023-07-17T02:11:41+00:00","og_image":[{"width":2736,"height":1824,"url":"https:\/\/stage.loncani.ca\/wp-content\/uploads\/2023\/05\/HairOil-2.png","type":"image\/png"}],"twitter_card":"summary_large_image","twitter_misc":{"Estimation du temps de lecture":"1 minute"},"schema":{"@context":"https:\/\/schema.org","@graph":[{"@type":"WebSite","@id":"https:\/\/stage.loncani.ca\/#website","url":"https:\/\/stage.loncani.ca\/","name":"LONCANI Stage","description":"Black-Owned Beauty Marketplace","potentialAction":[{"@type":"SearchAction","target":{"@type":"EntryPoint","urlTemplate":"https:\/\/stage.loncani.ca\/?s={search_term_string}"},"query-input":"required name=search_term_string"}],"inLanguage":"fr-CA"},{"@type":"ImageObject","@id":"https:\/\/stage.loncani.ca\/en\/shop\/hair-care\/hair-treatment\/combo-huile-et-pommade-de-cheveux\/#primaryimage","inLanguage":"fr-CA","url":"https:\/\/stage.loncani.ca\/wp-content\/uploads\/2023\/05\/HairOil-2.png","contentUrl":"https:\/\/stage.loncani.ca\/wp-content\/uploads\/2023\/05\/HairOil-2.png","width":2736,"height":1824},{"@type":"WebPage","@id":"https:\/\/stage.loncani.ca\/en\/shop\/hair-care\/hair-treatment\/combo-huile-et-pommade-de-cheveux\/#webpage","url":"https:\/\/stage.loncani.ca\/en\/shop\/hair-care\/hair-treatment\/combo-huile-et-pommade-de-cheveux\/","name":"Combo Huile et Pommade de cheveux - LONCANI Stage","isPartOf":{"@id":"https:\/\/stage.loncani.ca\/#website"},"primaryImageOfPage":{"@id":"https:\/\/stage.loncani.ca\/en\/shop\/hair-care\/hair-treatment\/combo-huile-et-pommade-de-cheveux\/#primaryimage"},"datePublished":"2023-05-22T19:01:03+00:00","dateModified":"2023-07-17T02:11:41+00:00","breadcrumb":{"@id":"https:\/\/stage.loncani.ca\/en\/shop\/hair-care\/hair-treatment\/combo-huile-et-pommade-de-cheveux\/#breadcrumb"},"inLanguage":"fr-CA","potentialAction":[{"@type":"ReadAction","target":["https:\/\/stage.loncani.ca\/en\/shop\/hair-care\/hair-treatment\/combo-huile-et-pommade-de-cheveux\/"]}]},{"@type":"BreadcrumbList","@id":"https:\/\/stage.loncani.ca\/en\/shop\/hair-care\/hair-treatment\/combo-huile-et-pommade-de-cheveux\/#breadcrumb","itemListElement":[{"@type":"ListItem","position":1,"name":"Home","item":"https:\/\/stage.loncani.ca\/"},{"@type":"ListItem","position":2,"name":"Shop","item":"https:\/\/stage.loncani.ca\/en\/shop\/"},{"@type":"ListItem","position":3,"name":"Combo Huile et Pommade de cheveux"}]}]}},"_links":{"self":[{"href":"https:\/\/stage.loncani.ca\/fr\/wp-json\/wp\/v2\/product\/29563"}],"collection":[{"href":"https:\/\/stage.loncani.ca\/fr\/wp-json\/wp\/v2\/product"}],"about":[{"href":"https:\/\/stage.loncani.ca\/fr\/wp-json\/wp\/v2\/types\/product"}],"replies":[{"embeddable":true,"href":"https:\/\/stage.loncani.ca\/fr\/wp-json\/wp\/v2\/comments?post=29563"}],"wp:featuredmedia":[{"embeddable":true,"href":"https:\/\/stage.loncani.ca\/fr\/wp-json\/wp\/v2\/media\/29591"}],"wp:attachment":[{"href":"https:\/\/stage.loncani.ca\/fr\/wp-json\/wp\/v2\/media?parent=29563"}],"wp:term":[{"taxonomy":"product_cat","embeddable":true,"href":"https:\/\/stage.loncani.ca\/fr\/wp-json\/wp\/v2\/product_cat?post=29563"},{"taxonomy":"product_tag","embeddable":true,"href":"https:\/\/stage.loncani.ca\/fr\/wp-json\/wp\/v2\/product_tag?post=29563"}],"curies":[{"name":"wp","href":"https:\/\/api.w.org\/{rel}","templated":true}]}}