{"id":29557,"date":"2023-05-22T14:50:24","date_gmt":"2023-05-22T18:50:24","guid":{"rendered":"https:\/\/stage.loncani.ca\/updatetheme\/fr\/shop\/non%20cat\u00e9goris\u00e9\/pommade-corps\/"},"modified":"2023-07-16T22:14:33","modified_gmt":"2023-07-17T02:14:33","slug":"pommade-corps","status":"publish","type":"product","link":"https:\/\/stage.loncani.ca\/fr\/shop\/soin-de-la-peau\/body-treatment\/pommade-corps\/","title":{"rendered":"Cr\u00e8me de corps hydratante"},"content":{"rendered":"<p>Notre cr\u00e8me est enrichie en Brahmi, un ingr\u00e9dient naturel connu pour ses nombreux bienfaits pour la peau. En utilisant r\u00e9guli\u00e8rement notre cr\u00e8me, vous pouvez vous attendre \u00e0 b\u00e9n\u00e9ficier des avantages suivants :<\/p>\n<p>&#8211; Production de collag\u00e8ne : Le Brahmi contribue \u00e0 stimuler la production de collag\u00e8ne, qui est essentiel au maintien de l&#8217;\u00e9lasticit\u00e9 de la peau. Votre peau para\u00eet ainsi plus jeune et plus \u00e9clatante.<\/p>\n<p>&#8211; \u00c9claircissement des vergetures et de la cellulite : Notre cr\u00e8me contient des ingr\u00e9dients actifs qui r\u00e9duisent l&#8217;apparence des vergetures et de la cellulite, pour une peau plus lisse et plus ferme.<\/p>\n<p>&#8211; R\u00e9duit la pigmentation de la peau : Dites adieu au teint in\u00e9gal gr\u00e2ce \u00e0 notre cr\u00e8me qui agit pour r\u00e9duire la pigmentation et vous donner un teint plus uniforme.<\/p>\n<p>&#8211; Aide au traitement de l&#8217;acn\u00e9 : Notre cr\u00e8me contient des propri\u00e9t\u00e9s anti-inflammatoires qui aident \u00e0 r\u00e9duire l&#8217;acn\u00e9 et \u00e0 pr\u00e9venir d&#8217;autres \u00e9ruptions.<\/p>\n<p>&#8211; Gu\u00e9rit la sensibilit\u00e9 de la peau et les allergies : Gr\u00e2ce \u00e0 ses propri\u00e9t\u00e9s cicatrisantes, notre cr\u00e8me est efficace pour traiter la sensibilit\u00e9 de la peau et les allergies, laissant votre peau douce et souple.<\/p>\n<p>&#8211; R\u00e9pare la barri\u00e8re cutan\u00e9e : Notre cr\u00e8me aide \u00e0 r\u00e9parer la barri\u00e8re cutan\u00e9e, essentielle \u00e0 la sant\u00e9 de la peau. Elle nourrit et hydrate votre peau, lui donnant un aspect et une sensation plus lisses.<\/p>\n<p>&#8211; Favorise la cicatrisation des plaies : Notre cr\u00e8me contient des ingr\u00e9dients actifs qui favorisent la cicatrisation des plaies, ce qui en fait le choix id\u00e9al pour les personnes \u00e0 la peau sensible.<\/p>\n<p>Next Baty Skin Creme convient \u00e0 tous les types de peau et peut \u00eatre utilis\u00e9e comme hydratant quotidien ou comme traitement pour des probl\u00e8mes de peau sp\u00e9cifiques. Notre cr\u00e8me est facile \u00e0 appliquer et est rapidement absorb\u00e9e, laissant votre peau douce, hydrat\u00e9e et rajeunie.<\/p>\n<p>Alors, qu&#8217;attendez-vous ? Essayez la cr\u00e8me Next Baty Skin d\u00e8s aujourd&#8217;hui et d\u00e9couvrez ses bienfaits par vous-m\u00eame ! En l&#8217;utilisant r\u00e9guli\u00e8rement, vous remarquerez une am\u00e9lioration significative de la sant\u00e9 et de l&#8217;aspect g\u00e9n\u00e9ral de votre peau. Dites bonjour \u00e0 une peau saine et \u00e9clatante gr\u00e2ce \u00e0 notre cr\u00e8me r\u00e9volutionnaire !<\/p>\n<script>\r\njQuery('.berocket_ww_container').each( function( i, o ) {\r\n    if ( jQuery(o).height() + 20 < jQuery(o).find('.berocket_ww_ul_container').height() && jQuery(o).find('.berocket_ww_show_all').length ) {\r\n        jQuery(o).find('.berocket_ww_show_all').show();\r\n    } else if( ! jQuery(o).find('.berocket_ww_show_all').length ) {\r\n        var $scroll_block = jQuery(o).find('.berocket_ww_list');\r\n        $scroll_block.css( {maxHeight: 'initial'} );\r\n    }\r\n});\r\n<\/script>","protected":false},"excerpt":{"rendered":"<p>Voici la cr\u00e8me r\u00e9volutionnaire Next Baty Skin Creme &#8211; la solution parfaite pour tous vos probl\u00e8mes de peau !<\/p>","protected":false},"featured_media":29621,"comment_status":"open","ping_status":"closed","template":"","meta":{"pmpro_default_level":0},"product_cat":[424],"product_tag":[1951,1952,1953],"yoast_head":"<!-- This site is optimized with the Yoast SEO plugin v18.6 - https:\/\/yoast.com\/wordpress\/plugins\/seo\/ -->\n<title>Cr\u00e8me de corps hydratante - LONCANI Stage<\/title>\n<meta name=\"robots\" content=\"noindex, follow, max-snippet:-1, max-image-preview:large, max-video-preview:-1\" \/>\n<meta property=\"og:locale\" content=\"fr_CA\" \/>\n<meta property=\"og:type\" content=\"article\" \/>\n<meta property=\"og:title\" content=\"Cr\u00e8me de corps hydratante - LONCANI Stage\" \/>\n<meta property=\"og:description\" content=\"Voici la cr\u00e8me r\u00e9volutionnaire Next Baty Skin Creme - la solution parfaite pour tous vos probl\u00e8mes de peau !\" \/>\n<meta property=\"og:url\" content=\"https:\/\/stage.loncani.ca\/fr\/shop\/soin-de-la-peau\/body-treatment\/pommade-corps\/\" \/>\n<meta property=\"og:site_name\" content=\"LONCANI Stage\" \/>\n<meta property=\"article:modified_time\" content=\"2023-07-17T02:14:33+00:00\" \/>\n<meta property=\"og:image\" content=\"https:\/\/stage.loncani.ca\/wp-content\/uploads\/2023\/05\/Skin-F-1-7.jpg\" \/>\n\t<meta property=\"og:image:width\" content=\"2683\" \/>\n\t<meta property=\"og:image:height\" content=\"1789\" \/>\n\t<meta property=\"og:image:type\" content=\"image\/jpeg\" \/>\n<meta name=\"twitter:card\" content=\"summary_large_image\" \/>\n<meta name=\"twitter:label1\" content=\"Estimation du temps de lecture\" \/>\n\t<meta name=\"twitter:data1\" content=\"2 minutes\" \/>\n<script type=\"application\/ld+json\" class=\"yoast-schema-graph\">{\"@context\":\"https:\/\/schema.org\",\"@graph\":[{\"@type\":\"WebSite\",\"@id\":\"https:\/\/stage.loncani.ca\/#website\",\"url\":\"https:\/\/stage.loncani.ca\/\",\"name\":\"LONCANI Stage\",\"description\":\"Black-Owned Beauty Marketplace\",\"potentialAction\":[{\"@type\":\"SearchAction\",\"target\":{\"@type\":\"EntryPoint\",\"urlTemplate\":\"https:\/\/stage.loncani.ca\/?s={search_term_string}\"},\"query-input\":\"required name=search_term_string\"}],\"inLanguage\":\"fr-CA\"},{\"@type\":\"ImageObject\",\"@id\":\"https:\/\/stage.loncani.ca\/en\/shop\/skin-care\/body-treatment\/pommade-corps\/#primaryimage\",\"inLanguage\":\"fr-CA\",\"url\":\"https:\/\/stage.loncani.ca\/wp-content\/uploads\/2023\/05\/Skin-F-1-7.jpg\",\"contentUrl\":\"https:\/\/stage.loncani.ca\/wp-content\/uploads\/2023\/05\/Skin-F-1-7.jpg\",\"width\":2683,\"height\":1789},{\"@type\":\"WebPage\",\"@id\":\"https:\/\/stage.loncani.ca\/en\/shop\/skin-care\/body-treatment\/pommade-corps\/#webpage\",\"url\":\"https:\/\/stage.loncani.ca\/en\/shop\/skin-care\/body-treatment\/pommade-corps\/\",\"name\":\"Cr\u00e8me de corps hydratante - LONCANI Stage\",\"isPartOf\":{\"@id\":\"https:\/\/stage.loncani.ca\/#website\"},\"primaryImageOfPage\":{\"@id\":\"https:\/\/stage.loncani.ca\/en\/shop\/skin-care\/body-treatment\/pommade-corps\/#primaryimage\"},\"datePublished\":\"2023-05-22T18:50:24+00:00\",\"dateModified\":\"2023-07-17T02:14:33+00:00\",\"breadcrumb\":{\"@id\":\"https:\/\/stage.loncani.ca\/en\/shop\/skin-care\/body-treatment\/pommade-corps\/#breadcrumb\"},\"inLanguage\":\"fr-CA\",\"potentialAction\":[{\"@type\":\"ReadAction\",\"target\":[\"https:\/\/stage.loncani.ca\/en\/shop\/skin-care\/body-treatment\/pommade-corps\/\"]}]},{\"@type\":\"BreadcrumbList\",\"@id\":\"https:\/\/stage.loncani.ca\/en\/shop\/skin-care\/body-treatment\/pommade-corps\/#breadcrumb\",\"itemListElement\":[{\"@type\":\"ListItem\",\"position\":1,\"name\":\"Home\",\"item\":\"https:\/\/stage.loncani.ca\/\"},{\"@type\":\"ListItem\",\"position\":2,\"name\":\"Shop\",\"item\":\"https:\/\/stage.loncani.ca\/en\/shop\/\"},{\"@type\":\"ListItem\",\"position\":3,\"name\":\"Cr\u00e8me de corps hydratante\"}]}]}<\/script>\n<!-- \/ Yoast SEO plugin. -->","yoast_head_json":{"title":"Cr\u00e8me de corps hydratante - LONCANI Stage","robots":{"index":"noindex","follow":"follow","max-snippet":"max-snippet:-1","max-image-preview":"max-image-preview:large","max-video-preview":"max-video-preview:-1"},"og_locale":"fr_CA","og_type":"article","og_title":"Cr\u00e8me de corps hydratante - LONCANI Stage","og_description":"Voici la cr\u00e8me r\u00e9volutionnaire Next Baty Skin Creme - la solution parfaite pour tous vos probl\u00e8mes de peau !","og_url":"https:\/\/stage.loncani.ca\/fr\/shop\/soin-de-la-peau\/body-treatment\/pommade-corps\/","og_site_name":"LONCANI Stage","article_modified_time":"2023-07-17T02:14:33+00:00","og_image":[{"width":2683,"height":1789,"url":"https:\/\/stage.loncani.ca\/wp-content\/uploads\/2023\/05\/Skin-F-1-7.jpg","type":"image\/jpeg"}],"twitter_card":"summary_large_image","twitter_misc":{"Estimation du temps de lecture":"2 minutes"},"schema":{"@context":"https:\/\/schema.org","@graph":[{"@type":"WebSite","@id":"https:\/\/stage.loncani.ca\/#website","url":"https:\/\/stage.loncani.ca\/","name":"LONCANI Stage","description":"Black-Owned Beauty Marketplace","potentialAction":[{"@type":"SearchAction","target":{"@type":"EntryPoint","urlTemplate":"https:\/\/stage.loncani.ca\/?s={search_term_string}"},"query-input":"required name=search_term_string"}],"inLanguage":"fr-CA"},{"@type":"ImageObject","@id":"https:\/\/stage.loncani.ca\/en\/shop\/skin-care\/body-treatment\/pommade-corps\/#primaryimage","inLanguage":"fr-CA","url":"https:\/\/stage.loncani.ca\/wp-content\/uploads\/2023\/05\/Skin-F-1-7.jpg","contentUrl":"https:\/\/stage.loncani.ca\/wp-content\/uploads\/2023\/05\/Skin-F-1-7.jpg","width":2683,"height":1789},{"@type":"WebPage","@id":"https:\/\/stage.loncani.ca\/en\/shop\/skin-care\/body-treatment\/pommade-corps\/#webpage","url":"https:\/\/stage.loncani.ca\/en\/shop\/skin-care\/body-treatment\/pommade-corps\/","name":"Cr\u00e8me de corps hydratante - LONCANI Stage","isPartOf":{"@id":"https:\/\/stage.loncani.ca\/#website"},"primaryImageOfPage":{"@id":"https:\/\/stage.loncani.ca\/en\/shop\/skin-care\/body-treatment\/pommade-corps\/#primaryimage"},"datePublished":"2023-05-22T18:50:24+00:00","dateModified":"2023-07-17T02:14:33+00:00","breadcrumb":{"@id":"https:\/\/stage.loncani.ca\/en\/shop\/skin-care\/body-treatment\/pommade-corps\/#breadcrumb"},"inLanguage":"fr-CA","potentialAction":[{"@type":"ReadAction","target":["https:\/\/stage.loncani.ca\/en\/shop\/skin-care\/body-treatment\/pommade-corps\/"]}]},{"@type":"BreadcrumbList","@id":"https:\/\/stage.loncani.ca\/en\/shop\/skin-care\/body-treatment\/pommade-corps\/#breadcrumb","itemListElement":[{"@type":"ListItem","position":1,"name":"Home","item":"https:\/\/stage.loncani.ca\/"},{"@type":"ListItem","position":2,"name":"Shop","item":"https:\/\/stage.loncani.ca\/en\/shop\/"},{"@type":"ListItem","position":3,"name":"Cr\u00e8me de corps hydratante"}]}]}},"_links":{"self":[{"href":"https:\/\/stage.loncani.ca\/fr\/wp-json\/wp\/v2\/product\/29557"}],"collection":[{"href":"https:\/\/stage.loncani.ca\/fr\/wp-json\/wp\/v2\/product"}],"about":[{"href":"https:\/\/stage.loncani.ca\/fr\/wp-json\/wp\/v2\/types\/product"}],"replies":[{"embeddable":true,"href":"https:\/\/stage.loncani.ca\/fr\/wp-json\/wp\/v2\/comments?post=29557"}],"wp:featuredmedia":[{"embeddable":true,"href":"https:\/\/stage.loncani.ca\/fr\/wp-json\/wp\/v2\/media\/29621"}],"wp:attachment":[{"href":"https:\/\/stage.loncani.ca\/fr\/wp-json\/wp\/v2\/media?parent=29557"}],"wp:term":[{"taxonomy":"product_cat","embeddable":true,"href":"https:\/\/stage.loncani.ca\/fr\/wp-json\/wp\/v2\/product_cat?post=29557"},{"taxonomy":"product_tag","embeddable":true,"href":"https:\/\/stage.loncani.ca\/fr\/wp-json\/wp\/v2\/product_tag?post=29557"}],"curies":[{"name":"wp","href":"https:\/\/api.w.org\/{rel}","templated":true}]}}