{"id":29426,"date":"2023-03-03T18:33:26","date_gmt":"2023-03-03T23:33:26","guid":{"rendered":"https:\/\/stage.loncani.ca\/updatetheme\/fr\/shop\/non%20cat\u00e9goris\u00e9\/soins-de-beaute\/"},"modified":"2023-07-16T20:37:41","modified_gmt":"2023-07-17T00:37:41","slug":"soins-de-beaute","status":"publish","type":"product","link":"https:\/\/stage.loncani.ca\/fr\/shop\/listeo-booking\/soins-de-beaute\/","title":{"rendered":"Pr\u00e9cieuse peau: soins de beaut\u00e9"},"content":{"rendered":"<p>Depuis 1 an environ, j&#8217;aide les femmes \u00e0 se sentir belle dans leur peau. Conseill\u00e8re en beaut\u00e9 d&#8217;exp\u00e9rience, je me sp\u00e9cialise dans les soins de visage et j&#8217;offre des conseils en mati\u00e8re de soins de la peau qui permettent de garder une peau saine et \u00e9clatante.<\/p>\n<p>Je comprends que chaque personne est unique, c&#8217;est pourquoi je cr\u00e9e un plan individualis\u00e9 pour chacune de mes clients. Mes services vont de l&#8217;enseignement des techniques des soins de la peau \u00e0 la fourniture de traitements et de produits sp\u00e9cifiquement adapt\u00e9s aux besoins de chacune.<\/p>\n<p>Que vous soyez \u00e0 la recherche de conseils sur les soins de visage, de traitements ou de produits, ne cherchez plus loin. Je suis disponible pour toutes celles qui veulent une exp\u00e9rience personnalis\u00e9e !<\/p>\n<p>&nbsp;<\/p>\n<script>\r\njQuery('.berocket_ww_container').each( function( i, o ) {\r\n    if ( jQuery(o).height() + 20 < jQuery(o).find('.berocket_ww_ul_container').height() && jQuery(o).find('.berocket_ww_show_all').length ) {\r\n        jQuery(o).find('.berocket_ww_show_all').show();\r\n    } else if( ! jQuery(o).find('.berocket_ww_show_all').length ) {\r\n        var $scroll_block = jQuery(o).find('.berocket_ww_list');\r\n        $scroll_block.css( {maxHeight: 'initial'} );\r\n    }\r\n});\r\n<\/script>","protected":false},"excerpt":{"rendered":"<p>Depuis 1 an environ, j&#8217;aide les femmes \u00e0 se sentir belle dans leur peau. Conseill\u00e8re en beaut\u00e9 d&#8217;exp\u00e9rience, je me sp\u00e9cialise dans les soins de visage et j&#8217;offre des conseils en mati\u00e8re de soins de la peau qui permettent de garder une peau saine et \u00e9clatante. Je comprends que chaque personne est unique, c&#8217;est pourquoi [&hellip;]<\/p>","protected":false},"featured_media":29435,"comment_status":"open","ping_status":"closed","template":"","meta":{"pmpro_default_level":0},"product_cat":[328],"product_tag":[],"yoast_head":"<!-- This site is optimized with the Yoast SEO plugin v18.6 - https:\/\/yoast.com\/wordpress\/plugins\/seo\/ -->\n<title>Pr\u00e9cieuse peau: soins de beaut\u00e9 - LONCANI Stage<\/title>\n<meta name=\"robots\" content=\"noindex, follow, max-snippet:-1, max-image-preview:large, max-video-preview:-1\" \/>\n<meta property=\"og:locale\" content=\"fr_CA\" \/>\n<meta property=\"og:type\" content=\"article\" \/>\n<meta property=\"og:title\" content=\"Pr\u00e9cieuse peau: soins de beaut\u00e9 - LONCANI Stage\" \/>\n<meta property=\"og:description\" content=\"Depuis 1 an environ, j&#8217;aide les femmes \u00e0 se sentir belle dans leur peau. Conseill\u00e8re en beaut\u00e9 d&#8217;exp\u00e9rience, je me sp\u00e9cialise dans les soins de visage et j&#8217;offre des conseils en mati\u00e8re de soins de la peau qui permettent de garder une peau saine et \u00e9clatante. Je comprends que chaque personne est unique, c&#8217;est pourquoi [&hellip;]\" \/>\n<meta property=\"og:url\" content=\"https:\/\/stage.loncani.ca\/fr\/shop\/listeo-booking\/soins-de-beaute\/\" \/>\n<meta property=\"og:site_name\" content=\"LONCANI Stage\" \/>\n<meta property=\"article:modified_time\" content=\"2023-07-17T00:37:41+00:00\" \/>\n<meta property=\"og:image\" content=\"https:\/\/stage.loncani.ca\/wp-content\/uploads\/2023\/03\/Depositphotos_626869664_S.jpg\" \/>\n\t<meta property=\"og:image:width\" content=\"1000\" \/>\n\t<meta property=\"og:image:height\" content=\"667\" \/>\n\t<meta property=\"og:image:type\" content=\"image\/jpeg\" \/>\n<meta name=\"twitter:card\" content=\"summary_large_image\" \/>\n<meta name=\"twitter:label1\" content=\"Estimation du temps de lecture\" \/>\n\t<meta name=\"twitter:data1\" content=\"1 minute\" \/>\n<script type=\"application\/ld+json\" class=\"yoast-schema-graph\">{\"@context\":\"https:\/\/schema.org\",\"@graph\":[{\"@type\":\"WebSite\",\"@id\":\"https:\/\/stage.loncani.ca\/#website\",\"url\":\"https:\/\/stage.loncani.ca\/\",\"name\":\"LONCANI Stage\",\"description\":\"Black-Owned Beauty Marketplace\",\"potentialAction\":[{\"@type\":\"SearchAction\",\"target\":{\"@type\":\"EntryPoint\",\"urlTemplate\":\"https:\/\/stage.loncani.ca\/?s={search_term_string}\"},\"query-input\":\"required name=search_term_string\"}],\"inLanguage\":\"fr-CA\"},{\"@type\":\"ImageObject\",\"@id\":\"https:\/\/stage.loncani.ca\/shop\/listeo-booking\/soins-de-beaute\/#primaryimage\",\"inLanguage\":\"fr-CA\",\"url\":\"https:\/\/stage.loncani.ca\/wp-content\/uploads\/2023\/03\/Depositphotos_626869664_S.jpg\",\"contentUrl\":\"https:\/\/stage.loncani.ca\/wp-content\/uploads\/2023\/03\/Depositphotos_626869664_S.jpg\",\"width\":1000,\"height\":667,\"caption\":\"Naughty Kid. Annoyed Parents Scolding Their Little Daughter For Her Behaviour While Sitting Together On Couch At Home\"},{\"@type\":\"WebPage\",\"@id\":\"https:\/\/stage.loncani.ca\/shop\/listeo-booking\/soins-de-beaute\/#webpage\",\"url\":\"https:\/\/stage.loncani.ca\/shop\/listeo-booking\/soins-de-beaute\/\",\"name\":\"Pr\u00e9cieuse peau: soins de beaut\u00e9 - LONCANI Stage\",\"isPartOf\":{\"@id\":\"https:\/\/stage.loncani.ca\/#website\"},\"primaryImageOfPage\":{\"@id\":\"https:\/\/stage.loncani.ca\/shop\/listeo-booking\/soins-de-beaute\/#primaryimage\"},\"datePublished\":\"2023-03-03T23:33:26+00:00\",\"dateModified\":\"2023-07-17T00:37:41+00:00\",\"breadcrumb\":{\"@id\":\"https:\/\/stage.loncani.ca\/shop\/listeo-booking\/soins-de-beaute\/#breadcrumb\"},\"inLanguage\":\"fr-CA\",\"potentialAction\":[{\"@type\":\"ReadAction\",\"target\":[\"https:\/\/stage.loncani.ca\/shop\/listeo-booking\/soins-de-beaute\/\"]}]},{\"@type\":\"BreadcrumbList\",\"@id\":\"https:\/\/stage.loncani.ca\/shop\/listeo-booking\/soins-de-beaute\/#breadcrumb\",\"itemListElement\":[{\"@type\":\"ListItem\",\"position\":1,\"name\":\"Home\",\"item\":\"https:\/\/stage.loncani.ca\/\"},{\"@type\":\"ListItem\",\"position\":2,\"name\":\"Shop\",\"item\":\"https:\/\/stage.loncani.ca\/en\/shop\/\"},{\"@type\":\"ListItem\",\"position\":3,\"name\":\"Pr\u00e9cieuse peau: soins de beaut\u00e9\"}]}]}<\/script>\n<!-- \/ Yoast SEO plugin. -->","yoast_head_json":{"title":"Pr\u00e9cieuse peau: soins de beaut\u00e9 - LONCANI Stage","robots":{"index":"noindex","follow":"follow","max-snippet":"max-snippet:-1","max-image-preview":"max-image-preview:large","max-video-preview":"max-video-preview:-1"},"og_locale":"fr_CA","og_type":"article","og_title":"Pr\u00e9cieuse peau: soins de beaut\u00e9 - LONCANI Stage","og_description":"Depuis 1 an environ, j&#8217;aide les femmes \u00e0 se sentir belle dans leur peau. Conseill\u00e8re en beaut\u00e9 d&#8217;exp\u00e9rience, je me sp\u00e9cialise dans les soins de visage et j&#8217;offre des conseils en mati\u00e8re de soins de la peau qui permettent de garder une peau saine et \u00e9clatante. Je comprends que chaque personne est unique, c&#8217;est pourquoi [&hellip;]","og_url":"https:\/\/stage.loncani.ca\/fr\/shop\/listeo-booking\/soins-de-beaute\/","og_site_name":"LONCANI Stage","article_modified_time":"2023-07-17T00:37:41+00:00","og_image":[{"width":1000,"height":667,"url":"https:\/\/stage.loncani.ca\/wp-content\/uploads\/2023\/03\/Depositphotos_626869664_S.jpg","type":"image\/jpeg"}],"twitter_card":"summary_large_image","twitter_misc":{"Estimation du temps de lecture":"1 minute"},"schema":{"@context":"https:\/\/schema.org","@graph":[{"@type":"WebSite","@id":"https:\/\/stage.loncani.ca\/#website","url":"https:\/\/stage.loncani.ca\/","name":"LONCANI Stage","description":"Black-Owned Beauty Marketplace","potentialAction":[{"@type":"SearchAction","target":{"@type":"EntryPoint","urlTemplate":"https:\/\/stage.loncani.ca\/?s={search_term_string}"},"query-input":"required name=search_term_string"}],"inLanguage":"fr-CA"},{"@type":"ImageObject","@id":"https:\/\/stage.loncani.ca\/shop\/listeo-booking\/soins-de-beaute\/#primaryimage","inLanguage":"fr-CA","url":"https:\/\/stage.loncani.ca\/wp-content\/uploads\/2023\/03\/Depositphotos_626869664_S.jpg","contentUrl":"https:\/\/stage.loncani.ca\/wp-content\/uploads\/2023\/03\/Depositphotos_626869664_S.jpg","width":1000,"height":667,"caption":"Naughty Kid. Annoyed Parents Scolding Their Little Daughter For Her Behaviour While Sitting Together On Couch At Home"},{"@type":"WebPage","@id":"https:\/\/stage.loncani.ca\/shop\/listeo-booking\/soins-de-beaute\/#webpage","url":"https:\/\/stage.loncani.ca\/shop\/listeo-booking\/soins-de-beaute\/","name":"Pr\u00e9cieuse peau: soins de beaut\u00e9 - LONCANI Stage","isPartOf":{"@id":"https:\/\/stage.loncani.ca\/#website"},"primaryImageOfPage":{"@id":"https:\/\/stage.loncani.ca\/shop\/listeo-booking\/soins-de-beaute\/#primaryimage"},"datePublished":"2023-03-03T23:33:26+00:00","dateModified":"2023-07-17T00:37:41+00:00","breadcrumb":{"@id":"https:\/\/stage.loncani.ca\/shop\/listeo-booking\/soins-de-beaute\/#breadcrumb"},"inLanguage":"fr-CA","potentialAction":[{"@type":"ReadAction","target":["https:\/\/stage.loncani.ca\/shop\/listeo-booking\/soins-de-beaute\/"]}]},{"@type":"BreadcrumbList","@id":"https:\/\/stage.loncani.ca\/shop\/listeo-booking\/soins-de-beaute\/#breadcrumb","itemListElement":[{"@type":"ListItem","position":1,"name":"Home","item":"https:\/\/stage.loncani.ca\/"},{"@type":"ListItem","position":2,"name":"Shop","item":"https:\/\/stage.loncani.ca\/en\/shop\/"},{"@type":"ListItem","position":3,"name":"Pr\u00e9cieuse peau: soins de beaut\u00e9"}]}]}},"_links":{"self":[{"href":"https:\/\/stage.loncani.ca\/fr\/wp-json\/wp\/v2\/product\/29426"}],"collection":[{"href":"https:\/\/stage.loncani.ca\/fr\/wp-json\/wp\/v2\/product"}],"about":[{"href":"https:\/\/stage.loncani.ca\/fr\/wp-json\/wp\/v2\/types\/product"}],"replies":[{"embeddable":true,"href":"https:\/\/stage.loncani.ca\/fr\/wp-json\/wp\/v2\/comments?post=29426"}],"wp:featuredmedia":[{"embeddable":true,"href":"https:\/\/stage.loncani.ca\/fr\/wp-json\/wp\/v2\/media\/29435"}],"wp:attachment":[{"href":"https:\/\/stage.loncani.ca\/fr\/wp-json\/wp\/v2\/media?parent=29426"}],"wp:term":[{"taxonomy":"product_cat","embeddable":true,"href":"https:\/\/stage.loncani.ca\/fr\/wp-json\/wp\/v2\/product_cat?post=29426"},{"taxonomy":"product_tag","embeddable":true,"href":"https:\/\/stage.loncani.ca\/fr\/wp-json\/wp\/v2\/product_tag?post=29426"}],"curies":[{"name":"wp","href":"https:\/\/api.w.org\/{rel}","templated":true}]}}