{"id":29206,"date":"2022-12-20T14:03:33","date_gmt":"2022-12-20T19:03:33","guid":{"rendered":"https:\/\/stage.loncani.ca\/updatetheme\/en\/shop\/uncategorized\/lolita\/"},"modified":"2023-01-19T00:56:32","modified_gmt":"2023-01-19T05:56:32","slug":"lolita","status":"publish","type":"product","link":"https:\/\/stage.loncani.ca\/fr\/shop\/se-maquiller\/eyes\/lolita\/","title":{"rendered":"LOLITA"},"content":{"rendered":"<p><span style=\"color: #000000; font-family: 'Century Gothic', sans-serif; font-size: 15px;\"><span style=\"vertical-align: inherit;\"><span style=\"vertical-align: inherit;\">100% V\u00e9ritables cils de vison 3D, bande de coton noir doux de 15 \u00e0 25 mm, bande invisible transparente, qualit\u00e9 sup\u00e9rieure, doux, v\u00e9g\u00e9talien, l\u00e9ger, facile \u00e0 appliquer et \u00e0 enlever, imperm\u00e9able, magn\u00e9tique puissant, r\u00e9sultats instantan\u00e9s lisses et confortables, plus longs, plus \u00e9pais, volumineux. <\/span><span style=\"vertical-align: inherit;\">, Formule douce et s\u00fbre R\u00e9utilisable plus de 30 fois<\/span><\/span><\/span><\/p>\n<script>\r\njQuery('.berocket_ww_container').each( function( i, o ) {\r\n    if ( jQuery(o).height() + 20 < jQuery(o).find('.berocket_ww_ul_container').height() && jQuery(o).find('.berocket_ww_show_all').length ) {\r\n        jQuery(o).find('.berocket_ww_show_all').show();\r\n    } else if( ! jQuery(o).find('.berocket_ww_show_all').length ) {\r\n        var $scroll_block = jQuery(o).find('.berocket_ww_list');\r\n        $scroll_block.css( {maxHeight: 'initial'} );\r\n    }\r\n});\r\n<\/script>","protected":false},"excerpt":{"rendered":"<p><span style=\"vertical-align: inherit;\"><span style=\"vertical-align: inherit;\">#Mamacita, #Bella, #Sexy et #Sassy. <\/span><span style=\"vertical-align: inherit;\">Elle donne ce regard de lionne, le plus mignon de la f\u00eate. <\/span><span style=\"vertical-align: inherit;\">Elle sait qu&#039;elle est jolie et elle aime \u00e7a. <\/span><span style=\"vertical-align: inherit;\">Si vous voulez \u00e9pater votre journ\u00e9e ou votre soir\u00e9e : Lolita c&#039;est le #Deal !<\/span><\/span><\/p>","protected":false},"featured_media":29613,"comment_status":"open","ping_status":"closed","template":"","meta":{"pmpro_default_level":0},"product_cat":[161,165,1935,162],"product_tag":[],"yoast_head":"<!-- This site is optimized with the Yoast SEO plugin v18.6 - https:\/\/yoast.com\/wordpress\/plugins\/seo\/ -->\n<title>LOLITA - LONCANI Stage<\/title>\n<meta name=\"robots\" content=\"noindex, follow, max-snippet:-1, max-image-preview:large, max-video-preview:-1\" \/>\n<meta property=\"og:locale\" content=\"fr_CA\" \/>\n<meta property=\"og:type\" content=\"article\" \/>\n<meta property=\"og:title\" content=\"LOLITA - LONCANI Stage\" \/>\n<meta property=\"og:description\" content=\"#Mamacita, #Bella, #Sexy and #Sassy. She gives that lioness look, the cutest at the party. She knows she&#039;s pretty and she likes it. If you want to impress in your day or your evening: Lolita is the #Deal!\" \/>\n<meta property=\"og:url\" content=\"https:\/\/stage.loncani.ca\/fr\/shop\/se-maquiller\/eyes\/lolita\/\" \/>\n<meta property=\"og:site_name\" content=\"LONCANI Stage\" \/>\n<meta property=\"article:modified_time\" content=\"2023-01-19T05:56:32+00:00\" \/>\n<meta property=\"og:image\" content=\"https:\/\/stage.loncani.ca\/wp-content\/uploads\/2023\/05\/lolita-1.png\" \/>\n\t<meta property=\"og:image:width\" content=\"443\" \/>\n\t<meta property=\"og:image:height\" content=\"564\" \/>\n\t<meta property=\"og:image:type\" content=\"image\/png\" \/>\n<meta name=\"twitter:card\" content=\"summary_large_image\" \/>\n<meta name=\"twitter:label1\" content=\"Estimation du temps de lecture\" \/>\n\t<meta name=\"twitter:data1\" content=\"1 minute\" \/>\n<script type=\"application\/ld+json\" class=\"yoast-schema-graph\">{\"@context\":\"https:\/\/schema.org\",\"@graph\":[{\"@type\":\"WebSite\",\"@id\":\"https:\/\/stage.loncani.ca\/#website\",\"url\":\"https:\/\/stage.loncani.ca\/\",\"name\":\"LONCANI Stage\",\"description\":\"Black-Owned Beauty Marketplace\",\"potentialAction\":[{\"@type\":\"SearchAction\",\"target\":{\"@type\":\"EntryPoint\",\"urlTemplate\":\"https:\/\/stage.loncani.ca\/?s={search_term_string}\"},\"query-input\":\"required name=search_term_string\"}],\"inLanguage\":\"fr-CA\"},{\"@type\":\"ImageObject\",\"@id\":\"https:\/\/stage.loncani.ca\/en\/shop\/makeup\/eyes\/lolita\/#primaryimage\",\"inLanguage\":\"fr-CA\",\"url\":\"https:\/\/stage.loncani.ca\/wp-content\/uploads\/2023\/05\/lolita-1.png\",\"contentUrl\":\"https:\/\/stage.loncani.ca\/wp-content\/uploads\/2023\/05\/lolita-1.png\",\"width\":443,\"height\":564},{\"@type\":\"WebPage\",\"@id\":\"https:\/\/stage.loncani.ca\/en\/shop\/makeup\/eyes\/lolita\/#webpage\",\"url\":\"https:\/\/stage.loncani.ca\/en\/shop\/makeup\/eyes\/lolita\/\",\"name\":\"LOLITA - LONCANI Stage\",\"isPartOf\":{\"@id\":\"https:\/\/stage.loncani.ca\/#website\"},\"primaryImageOfPage\":{\"@id\":\"https:\/\/stage.loncani.ca\/en\/shop\/makeup\/eyes\/lolita\/#primaryimage\"},\"datePublished\":\"2022-12-20T19:03:33+00:00\",\"dateModified\":\"2023-01-19T05:56:32+00:00\",\"breadcrumb\":{\"@id\":\"https:\/\/stage.loncani.ca\/en\/shop\/makeup\/eyes\/lolita\/#breadcrumb\"},\"inLanguage\":\"fr-CA\",\"potentialAction\":[{\"@type\":\"ReadAction\",\"target\":[\"https:\/\/stage.loncani.ca\/en\/shop\/makeup\/eyes\/lolita\/\"]}]},{\"@type\":\"BreadcrumbList\",\"@id\":\"https:\/\/stage.loncani.ca\/en\/shop\/makeup\/eyes\/lolita\/#breadcrumb\",\"itemListElement\":[{\"@type\":\"ListItem\",\"position\":1,\"name\":\"Home\",\"item\":\"https:\/\/stage.loncani.ca\/\"},{\"@type\":\"ListItem\",\"position\":2,\"name\":\"Shop\",\"item\":\"https:\/\/stage.loncani.ca\/en\/shop\/\"},{\"@type\":\"ListItem\",\"position\":3,\"name\":\"LOLITA\"}]}]}<\/script>\n<!-- \/ Yoast SEO plugin. -->","yoast_head_json":{"title":"LOLITA - LONCANI Stage","robots":{"index":"noindex","follow":"follow","max-snippet":"max-snippet:-1","max-image-preview":"max-image-preview:large","max-video-preview":"max-video-preview:-1"},"og_locale":"fr_CA","og_type":"article","og_title":"LOLITA - LONCANI Stage","og_description":"#Mamacita, #Bella, #Sexy and #Sassy. She gives that lioness look, the cutest at the party. She knows she's pretty and she likes it. If you want to impress in your day or your evening: Lolita is the #Deal!","og_url":"https:\/\/stage.loncani.ca\/fr\/shop\/se-maquiller\/eyes\/lolita\/","og_site_name":"LONCANI Stage","article_modified_time":"2023-01-19T05:56:32+00:00","og_image":[{"width":443,"height":564,"url":"https:\/\/stage.loncani.ca\/wp-content\/uploads\/2023\/05\/lolita-1.png","type":"image\/png"}],"twitter_card":"summary_large_image","twitter_misc":{"Estimation du temps de lecture":"1 minute"},"schema":{"@context":"https:\/\/schema.org","@graph":[{"@type":"WebSite","@id":"https:\/\/stage.loncani.ca\/#website","url":"https:\/\/stage.loncani.ca\/","name":"LONCANI Stage","description":"Black-Owned Beauty Marketplace","potentialAction":[{"@type":"SearchAction","target":{"@type":"EntryPoint","urlTemplate":"https:\/\/stage.loncani.ca\/?s={search_term_string}"},"query-input":"required name=search_term_string"}],"inLanguage":"fr-CA"},{"@type":"ImageObject","@id":"https:\/\/stage.loncani.ca\/en\/shop\/makeup\/eyes\/lolita\/#primaryimage","inLanguage":"fr-CA","url":"https:\/\/stage.loncani.ca\/wp-content\/uploads\/2023\/05\/lolita-1.png","contentUrl":"https:\/\/stage.loncani.ca\/wp-content\/uploads\/2023\/05\/lolita-1.png","width":443,"height":564},{"@type":"WebPage","@id":"https:\/\/stage.loncani.ca\/en\/shop\/makeup\/eyes\/lolita\/#webpage","url":"https:\/\/stage.loncani.ca\/en\/shop\/makeup\/eyes\/lolita\/","name":"LOLITA - LONCANI Stage","isPartOf":{"@id":"https:\/\/stage.loncani.ca\/#website"},"primaryImageOfPage":{"@id":"https:\/\/stage.loncani.ca\/en\/shop\/makeup\/eyes\/lolita\/#primaryimage"},"datePublished":"2022-12-20T19:03:33+00:00","dateModified":"2023-01-19T05:56:32+00:00","breadcrumb":{"@id":"https:\/\/stage.loncani.ca\/en\/shop\/makeup\/eyes\/lolita\/#breadcrumb"},"inLanguage":"fr-CA","potentialAction":[{"@type":"ReadAction","target":["https:\/\/stage.loncani.ca\/en\/shop\/makeup\/eyes\/lolita\/"]}]},{"@type":"BreadcrumbList","@id":"https:\/\/stage.loncani.ca\/en\/shop\/makeup\/eyes\/lolita\/#breadcrumb","itemListElement":[{"@type":"ListItem","position":1,"name":"Home","item":"https:\/\/stage.loncani.ca\/"},{"@type":"ListItem","position":2,"name":"Shop","item":"https:\/\/stage.loncani.ca\/en\/shop\/"},{"@type":"ListItem","position":3,"name":"LOLITA"}]}]}},"_links":{"self":[{"href":"https:\/\/stage.loncani.ca\/fr\/wp-json\/wp\/v2\/product\/29206"}],"collection":[{"href":"https:\/\/stage.loncani.ca\/fr\/wp-json\/wp\/v2\/product"}],"about":[{"href":"https:\/\/stage.loncani.ca\/fr\/wp-json\/wp\/v2\/types\/product"}],"replies":[{"embeddable":true,"href":"https:\/\/stage.loncani.ca\/fr\/wp-json\/wp\/v2\/comments?post=29206"}],"wp:featuredmedia":[{"embeddable":true,"href":"https:\/\/stage.loncani.ca\/fr\/wp-json\/wp\/v2\/media\/29613"}],"wp:attachment":[{"href":"https:\/\/stage.loncani.ca\/fr\/wp-json\/wp\/v2\/media?parent=29206"}],"wp:term":[{"taxonomy":"product_cat","embeddable":true,"href":"https:\/\/stage.loncani.ca\/fr\/wp-json\/wp\/v2\/product_cat?post=29206"},{"taxonomy":"product_tag","embeddable":true,"href":"https:\/\/stage.loncani.ca\/fr\/wp-json\/wp\/v2\/product_tag?post=29206"}],"curies":[{"name":"wp","href":"https:\/\/api.w.org\/{rel}","templated":true}]}}