{"id":28881,"date":"2022-12-01T22:32:47","date_gmt":"2022-12-02T03:32:47","guid":{"rendered":"https:\/\/stage.loncani.ca\/updatetheme\/fr\/boutique\/non%20cat\u00e9goris\u00e9\/bougie-de-massage-ou-la\/"},"modified":"2022-12-21T13:47:14","modified_gmt":"2022-12-21T18:47:14","slug":"bougie-de-massage-ou-la","status":"publish","type":"product","link":"https:\/\/stage.loncani.ca\/fr\/shop\/beaute-et-sante\/bougie-de-massage-ou-la\/","title":{"rendered":"OU LA"},"content":{"rendered":"<p>BOUGIE DE MASSAGE \u2013 CIRE DE SOYA BEURRE DE KARIT\u00c9 ET VITAMINE E. M\u00c9LANGE D&#039;HUILES ESSENTIELLES DE Noix de coco, Lime, et Vanille. Un bel ensemble de parfums exotique et vivifiant<\/p>\n<p>&nbsp;<\/p>\n<p>-Lime \u2013 Reconnu pour ses propri\u00e9t\u00e9s purifiante et \u00e9nergisante.<\/p>\n<p>Probl\u00e8mes respiratoires, \u00e9puisement et d\u00e9pression.<\/p>\n<p>-Vanille \u2013 joyeux, exaltant et enrichissant<\/p>\n<p>Relaxant, tranquillit\u00e9 et confort<\/p>\n<script>\r\njQuery('.berocket_ww_container').each( function( i, o ) {\r\n    if ( jQuery(o).height() + 20 < jQuery(o).find('.berocket_ww_ul_container').height() && jQuery(o).find('.berocket_ww_show_all').length ) {\r\n        jQuery(o).find('.berocket_ww_show_all').show();\r\n    } else if( ! jQuery(o).find('.berocket_ww_show_all').length ) {\r\n        var $scroll_block = jQuery(o).find('.berocket_ww_list');\r\n        $scroll_block.css( {maxHeight: 'initial'} );\r\n    }\r\n});\r\n<\/script>","protected":false},"excerpt":{"rendered":"<p>BOUGIE DE MASSAGE \u2013 CIRE DE SOYA BEURRE DE KARIT\u00c9 ET VITAMINE E. M\u00c9LANGE D&#039;HUILES ESSENTIELLES DE Noix de coco, Lime, et Vanille. Un bel ensemble de parfums exotique et vivifiant<\/p>","protected":false},"featured_media":29391,"comment_status":"open","ping_status":"closed","template":"","meta":{"pmpro_default_level":0},"product_cat":[161],"product_tag":[1919,1921,1920,1923],"yoast_head":"<!-- This site is optimized with the Yoast SEO plugin v18.6 - https:\/\/yoast.com\/wordpress\/plugins\/seo\/ -->\n<title>OU LA - LONCANI Stage<\/title>\n<meta name=\"robots\" content=\"noindex, follow, max-snippet:-1, max-image-preview:large, max-video-preview:-1\" \/>\n<meta property=\"og:locale\" content=\"fr_CA\" \/>\n<meta property=\"og:type\" content=\"article\" \/>\n<meta property=\"og:title\" content=\"OU LA - LONCANI Stage\" \/>\n<meta property=\"og:description\" content=\"BOUGIE DE MASSAGE - CIRE DE SOYA BEURRE DE KARIT\u00c9 ET VITAMINE E. M\u00c9LANGE D&#039;HUILES ESSENTIELLES DE Noix de coco, Lime, et Vanille. Un bel ensemble de parfums exotique et vivifiant\" \/>\n<meta property=\"og:url\" content=\"https:\/\/stage.loncani.ca\/fr\/shop\/beaute-et-sante\/bougie-de-massage-ou-la\/\" \/>\n<meta property=\"og:site_name\" content=\"LONCANI Stage\" \/>\n<meta property=\"article:modified_time\" content=\"2022-12-21T18:47:14+00:00\" \/>\n<meta property=\"og:image\" content=\"https:\/\/stage.loncani.ca\/wp-content\/uploads\/2023\/01\/2022-09-29-02_05_08-.png\" \/>\n\t<meta property=\"og:image:width\" content=\"1919\" \/>\n\t<meta property=\"og:image:height\" content=\"1080\" \/>\n\t<meta property=\"og:image:type\" content=\"image\/png\" \/>\n<meta name=\"twitter:card\" content=\"summary_large_image\" \/>\n<script type=\"application\/ld+json\" class=\"yoast-schema-graph\">{\"@context\":\"https:\/\/schema.org\",\"@graph\":[{\"@type\":\"WebSite\",\"@id\":\"https:\/\/stage.loncani.ca\/#website\",\"url\":\"https:\/\/stage.loncani.ca\/\",\"name\":\"LONCANI Stage\",\"description\":\"Black-Owned Beauty Marketplace\",\"potentialAction\":[{\"@type\":\"SearchAction\",\"target\":{\"@type\":\"EntryPoint\",\"urlTemplate\":\"https:\/\/stage.loncani.ca\/?s={search_term_string}\"},\"query-input\":\"required name=search_term_string\"}],\"inLanguage\":\"fr-CA\"},{\"@type\":\"ImageObject\",\"@id\":\"https:\/\/stage.loncani.ca\/en\/shop\/beauty-health\/bougie-de-massage-ou-la\/#primaryimage\",\"inLanguage\":\"fr-CA\",\"url\":\"https:\/\/stage.loncani.ca\/wp-content\/uploads\/2023\/01\/2022-09-29-02_05_08-.png\",\"contentUrl\":\"https:\/\/stage.loncani.ca\/wp-content\/uploads\/2023\/01\/2022-09-29-02_05_08-.png\",\"width\":1919,\"height\":1080},{\"@type\":\"WebPage\",\"@id\":\"https:\/\/stage.loncani.ca\/en\/shop\/beauty-health\/bougie-de-massage-ou-la\/#webpage\",\"url\":\"https:\/\/stage.loncani.ca\/en\/shop\/beauty-health\/bougie-de-massage-ou-la\/\",\"name\":\"OU LA - LONCANI Stage\",\"isPartOf\":{\"@id\":\"https:\/\/stage.loncani.ca\/#website\"},\"primaryImageOfPage\":{\"@id\":\"https:\/\/stage.loncani.ca\/en\/shop\/beauty-health\/bougie-de-massage-ou-la\/#primaryimage\"},\"datePublished\":\"2022-12-02T03:32:47+00:00\",\"dateModified\":\"2022-12-21T18:47:14+00:00\",\"breadcrumb\":{\"@id\":\"https:\/\/stage.loncani.ca\/en\/shop\/beauty-health\/bougie-de-massage-ou-la\/#breadcrumb\"},\"inLanguage\":\"fr-CA\",\"potentialAction\":[{\"@type\":\"ReadAction\",\"target\":[\"https:\/\/stage.loncani.ca\/en\/shop\/beauty-health\/bougie-de-massage-ou-la\/\"]}]},{\"@type\":\"BreadcrumbList\",\"@id\":\"https:\/\/stage.loncani.ca\/en\/shop\/beauty-health\/bougie-de-massage-ou-la\/#breadcrumb\",\"itemListElement\":[{\"@type\":\"ListItem\",\"position\":1,\"name\":\"Home\",\"item\":\"https:\/\/stage.loncani.ca\/\"},{\"@type\":\"ListItem\",\"position\":2,\"name\":\"Shop\",\"item\":\"https:\/\/stage.loncani.ca\/en\/shop\/\"},{\"@type\":\"ListItem\",\"position\":3,\"name\":\"OU LA\"}]}]}<\/script>\n<!-- \/ Yoast SEO plugin. -->","yoast_head_json":{"title":"OU LA - LONCANI Stage","robots":{"index":"noindex","follow":"follow","max-snippet":"max-snippet:-1","max-image-preview":"max-image-preview:large","max-video-preview":"max-video-preview:-1"},"og_locale":"fr_CA","og_type":"article","og_title":"OU LA - LONCANI Stage","og_description":"BOUGIE DE MASSAGE - CIRE DE SOYA BEURRE DE KARIT\u00c9 ET VITAMINE E. M\u00c9LANGE D'HUILES ESSENTIELLES DE Noix de coco, Lime, et Vanille. Un bel ensemble de parfums exotique et vivifiant","og_url":"https:\/\/stage.loncani.ca\/fr\/shop\/beaute-et-sante\/bougie-de-massage-ou-la\/","og_site_name":"LONCANI Stage","article_modified_time":"2022-12-21T18:47:14+00:00","og_image":[{"width":1919,"height":1080,"url":"https:\/\/stage.loncani.ca\/wp-content\/uploads\/2023\/01\/2022-09-29-02_05_08-.png","type":"image\/png"}],"twitter_card":"summary_large_image","schema":{"@context":"https:\/\/schema.org","@graph":[{"@type":"WebSite","@id":"https:\/\/stage.loncani.ca\/#website","url":"https:\/\/stage.loncani.ca\/","name":"LONCANI Stage","description":"Black-Owned Beauty Marketplace","potentialAction":[{"@type":"SearchAction","target":{"@type":"EntryPoint","urlTemplate":"https:\/\/stage.loncani.ca\/?s={search_term_string}"},"query-input":"required name=search_term_string"}],"inLanguage":"fr-CA"},{"@type":"ImageObject","@id":"https:\/\/stage.loncani.ca\/en\/shop\/beauty-health\/bougie-de-massage-ou-la\/#primaryimage","inLanguage":"fr-CA","url":"https:\/\/stage.loncani.ca\/wp-content\/uploads\/2023\/01\/2022-09-29-02_05_08-.png","contentUrl":"https:\/\/stage.loncani.ca\/wp-content\/uploads\/2023\/01\/2022-09-29-02_05_08-.png","width":1919,"height":1080},{"@type":"WebPage","@id":"https:\/\/stage.loncani.ca\/en\/shop\/beauty-health\/bougie-de-massage-ou-la\/#webpage","url":"https:\/\/stage.loncani.ca\/en\/shop\/beauty-health\/bougie-de-massage-ou-la\/","name":"OU LA - LONCANI Stage","isPartOf":{"@id":"https:\/\/stage.loncani.ca\/#website"},"primaryImageOfPage":{"@id":"https:\/\/stage.loncani.ca\/en\/shop\/beauty-health\/bougie-de-massage-ou-la\/#primaryimage"},"datePublished":"2022-12-02T03:32:47+00:00","dateModified":"2022-12-21T18:47:14+00:00","breadcrumb":{"@id":"https:\/\/stage.loncani.ca\/en\/shop\/beauty-health\/bougie-de-massage-ou-la\/#breadcrumb"},"inLanguage":"fr-CA","potentialAction":[{"@type":"ReadAction","target":["https:\/\/stage.loncani.ca\/en\/shop\/beauty-health\/bougie-de-massage-ou-la\/"]}]},{"@type":"BreadcrumbList","@id":"https:\/\/stage.loncani.ca\/en\/shop\/beauty-health\/bougie-de-massage-ou-la\/#breadcrumb","itemListElement":[{"@type":"ListItem","position":1,"name":"Home","item":"https:\/\/stage.loncani.ca\/"},{"@type":"ListItem","position":2,"name":"Shop","item":"https:\/\/stage.loncani.ca\/en\/shop\/"},{"@type":"ListItem","position":3,"name":"OU LA"}]}]}},"_links":{"self":[{"href":"https:\/\/stage.loncani.ca\/fr\/wp-json\/wp\/v2\/product\/28881"}],"collection":[{"href":"https:\/\/stage.loncani.ca\/fr\/wp-json\/wp\/v2\/product"}],"about":[{"href":"https:\/\/stage.loncani.ca\/fr\/wp-json\/wp\/v2\/types\/product"}],"replies":[{"embeddable":true,"href":"https:\/\/stage.loncani.ca\/fr\/wp-json\/wp\/v2\/comments?post=28881"}],"wp:featuredmedia":[{"embeddable":true,"href":"https:\/\/stage.loncani.ca\/fr\/wp-json\/wp\/v2\/media\/29391"}],"wp:attachment":[{"href":"https:\/\/stage.loncani.ca\/fr\/wp-json\/wp\/v2\/media?parent=28881"}],"wp:term":[{"taxonomy":"product_cat","embeddable":true,"href":"https:\/\/stage.loncani.ca\/fr\/wp-json\/wp\/v2\/product_cat?post=28881"},{"taxonomy":"product_tag","embeddable":true,"href":"https:\/\/stage.loncani.ca\/fr\/wp-json\/wp\/v2\/product_tag?post=28881"}],"curies":[{"name":"wp","href":"https:\/\/api.w.org\/{rel}","templated":true}]}}