{"id":28862,"date":"2022-12-01T21:45:39","date_gmt":"2022-12-02T02:45:39","guid":{"rendered":"https:\/\/stage.loncani.ca\/updatetheme\/fr\/boutique\/non%20cat\u00e9goris\u00e9\/bougiee-sante-et-bien-etre\/"},"modified":"2023-06-08T21:08:36","modified_gmt":"2023-06-09T01:08:36","slug":"bougiee-sante-et-bien-etre","status":"publish","type":"product","link":"https:\/\/stage.loncani.ca\/fr\/shop\/listeo-booking\/bougiee-sante-et-bien-etre\/","title":{"rendered":"Bougies sant\u00e9 et bien-\u00eatre"},"content":{"rendered":"<p>Nous proposons plusieurs services dont<\/p>\n<p>Bougie de massage personnalis\u00e9e<br \/>\nSelon le besoin physique ou mental, je peux vous sugg\u00e9rer les meilleurs m\u00e9langes d&#039;huiles essentielles pour un r\u00e9sultat optimal et vous faire une bougie qui est faite pour vous<\/p>\n<p>Collection Bougie &amp; Bijou personnalis\u00e9<\/p>\n<p>La collection Bougie &amp; Bijou est une bougie de massage qui contient un bijou surprise \u00e0 l&#039;int\u00e9rieur et que l&#039;on d\u00e9couvre uniquement lorsque la cire est presque compl\u00e8tement fondue. On peut y trouver une bague, une cha\u00eene avec un pendentif ou des boucles d&#039;oreilles. Il est possible de personnaliser cette collection en confectionnant une bougie avec le bijou de votre choix. Quel cadeau original pour votre bien-aim\u00e9\u00a0!<\/p>\n<script>\r\njQuery('.berocket_ww_container').each( function( i, o ) {\r\n    if ( jQuery(o).height() + 20 < jQuery(o).find('.berocket_ww_ul_container').height() && jQuery(o).find('.berocket_ww_show_all').length ) {\r\n        jQuery(o).find('.berocket_ww_show_all').show();\r\n    } else if( ! jQuery(o).find('.berocket_ww_show_all').length ) {\r\n        var $scroll_block = jQuery(o).find('.berocket_ww_list');\r\n        $scroll_block.css( {maxHeight: 'initial'} );\r\n    }\r\n});\r\n<\/script>","protected":false},"excerpt":{"rendered":"<p>Nous offrons plusieurs services dont Bougie de massage personnalis\u00e9es Selon le besoin physique ou mentale, je peux vous sugg\u00e9rer les meilleurs m\u00e9langes d&#8217;huiles essentielles pour un r\u00e9sultat optimal et vous faire une bougie qui est faite pour vous Collection Bougie &amp; Bijou personnalis\u00e9e La collection Bougie &amp; Bijou est une bougie de massage qui renferme [&hellip;]<\/p>","protected":false},"featured_media":29122,"comment_status":"open","ping_status":"closed","template":"","meta":{"pmpro_default_level":0},"product_cat":[328],"product_tag":[],"yoast_head":"<!-- This site is optimized with the Yoast SEO plugin v18.6 - https:\/\/yoast.com\/wordpress\/plugins\/seo\/ -->\n<title>Bougies sant\u00e9 et bien-\u00eatre - LONCANI Stage<\/title>\n<meta name=\"robots\" content=\"noindex, follow, max-snippet:-1, max-image-preview:large, max-video-preview:-1\" \/>\n<meta property=\"og:locale\" content=\"fr_CA\" \/>\n<meta property=\"og:type\" content=\"article\" \/>\n<meta property=\"og:title\" content=\"Bougies sant\u00e9 et bien-\u00eatre - LONCANI Stage\" \/>\n<meta property=\"og:description\" content=\"Nous offrons plusieurs services dont Bougie de massage personnalis\u00e9es Selon le besoin physique ou mentale, je peux vous sugg\u00e9rer les meilleurs m\u00e9langes d&#8217;huiles essentielles pour un r\u00e9sultat optimal et vous faire une bougie qui est faite pour vous Collection Bougie &amp; Bijou personnalis\u00e9e La collection Bougie &amp; Bijou est une bougie de massage qui renferme [&hellip;]\" \/>\n<meta property=\"og:url\" content=\"https:\/\/stage.loncani.ca\/fr\/shop\/listeo-booking\/bougiee-sante-et-bien-etre\/\" \/>\n<meta property=\"og:site_name\" content=\"LONCANI Stage\" \/>\n<meta property=\"article:modified_time\" content=\"2023-06-09T01:08:36+00:00\" \/>\n<meta property=\"og:image\" content=\"https:\/\/stage.loncani.ca\/wp-content\/uploads\/2022\/12\/rich45251-1.jpg\" \/>\n\t<meta property=\"og:image:width\" content=\"1601\" \/>\n\t<meta property=\"og:image:height\" content=\"2000\" \/>\n\t<meta property=\"og:image:type\" content=\"image\/jpeg\" \/>\n<meta name=\"twitter:card\" content=\"summary_large_image\" \/>\n<meta name=\"twitter:label1\" content=\"Estimation du temps de lecture\" \/>\n\t<meta name=\"twitter:data1\" content=\"1 minute\" \/>\n<script type=\"application\/ld+json\" class=\"yoast-schema-graph\">{\"@context\":\"https:\/\/schema.org\",\"@graph\":[{\"@type\":\"WebSite\",\"@id\":\"https:\/\/stage.loncani.ca\/#website\",\"url\":\"https:\/\/stage.loncani.ca\/\",\"name\":\"LONCANI Stage\",\"description\":\"Black-Owned Beauty Marketplace\",\"potentialAction\":[{\"@type\":\"SearchAction\",\"target\":{\"@type\":\"EntryPoint\",\"urlTemplate\":\"https:\/\/stage.loncani.ca\/?s={search_term_string}\"},\"query-input\":\"required name=search_term_string\"}],\"inLanguage\":\"fr-CA\"},{\"@type\":\"ImageObject\",\"@id\":\"https:\/\/stage.loncani.ca\/shop\/listeo-booking\/bougiee-sante-et-bien-etre\/#primaryimage\",\"inLanguage\":\"fr-CA\",\"url\":\"https:\/\/stage.loncani.ca\/wp-content\/uploads\/2022\/12\/rich45251-1.jpg\",\"contentUrl\":\"https:\/\/stage.loncani.ca\/wp-content\/uploads\/2022\/12\/rich45251-1.jpg\",\"width\":1601,\"height\":2000},{\"@type\":\"WebPage\",\"@id\":\"https:\/\/stage.loncani.ca\/shop\/listeo-booking\/bougiee-sante-et-bien-etre\/#webpage\",\"url\":\"https:\/\/stage.loncani.ca\/shop\/listeo-booking\/bougiee-sante-et-bien-etre\/\",\"name\":\"Bougies sant\u00e9 et bien-\u00eatre - LONCANI Stage\",\"isPartOf\":{\"@id\":\"https:\/\/stage.loncani.ca\/#website\"},\"primaryImageOfPage\":{\"@id\":\"https:\/\/stage.loncani.ca\/shop\/listeo-booking\/bougiee-sante-et-bien-etre\/#primaryimage\"},\"datePublished\":\"2022-12-02T02:45:39+00:00\",\"dateModified\":\"2023-06-09T01:08:36+00:00\",\"breadcrumb\":{\"@id\":\"https:\/\/stage.loncani.ca\/shop\/listeo-booking\/bougiee-sante-et-bien-etre\/#breadcrumb\"},\"inLanguage\":\"fr-CA\",\"potentialAction\":[{\"@type\":\"ReadAction\",\"target\":[\"https:\/\/stage.loncani.ca\/shop\/listeo-booking\/bougiee-sante-et-bien-etre\/\"]}]},{\"@type\":\"BreadcrumbList\",\"@id\":\"https:\/\/stage.loncani.ca\/shop\/listeo-booking\/bougiee-sante-et-bien-etre\/#breadcrumb\",\"itemListElement\":[{\"@type\":\"ListItem\",\"position\":1,\"name\":\"Home\",\"item\":\"https:\/\/stage.loncani.ca\/\"},{\"@type\":\"ListItem\",\"position\":2,\"name\":\"Shop\",\"item\":\"https:\/\/stage.loncani.ca\/en\/shop\/\"},{\"@type\":\"ListItem\",\"position\":3,\"name\":\"Bougies sant\u00e9 et bien-\u00eatre\"}]}]}<\/script>\n<!-- \/ Yoast SEO plugin. -->","yoast_head_json":{"title":"Bougies sant\u00e9 et bien-\u00eatre - LONCANI Stage","robots":{"index":"noindex","follow":"follow","max-snippet":"max-snippet:-1","max-image-preview":"max-image-preview:large","max-video-preview":"max-video-preview:-1"},"og_locale":"fr_CA","og_type":"article","og_title":"Bougies sant\u00e9 et bien-\u00eatre - LONCANI Stage","og_description":"Nous offrons plusieurs services dont Bougie de massage personnalis\u00e9es Selon le besoin physique ou mentale, je peux vous sugg\u00e9rer les meilleurs m\u00e9langes d&#8217;huiles essentielles pour un r\u00e9sultat optimal et vous faire une bougie qui est faite pour vous Collection Bougie &amp; Bijou personnalis\u00e9e La collection Bougie &amp; Bijou est une bougie de massage qui renferme [&hellip;]","og_url":"https:\/\/stage.loncani.ca\/fr\/shop\/listeo-booking\/bougiee-sante-et-bien-etre\/","og_site_name":"LONCANI Stage","article_modified_time":"2023-06-09T01:08:36+00:00","og_image":[{"width":1601,"height":2000,"url":"https:\/\/stage.loncani.ca\/wp-content\/uploads\/2022\/12\/rich45251-1.jpg","type":"image\/jpeg"}],"twitter_card":"summary_large_image","twitter_misc":{"Estimation du temps de lecture":"1 minute"},"schema":{"@context":"https:\/\/schema.org","@graph":[{"@type":"WebSite","@id":"https:\/\/stage.loncani.ca\/#website","url":"https:\/\/stage.loncani.ca\/","name":"LONCANI Stage","description":"Black-Owned Beauty Marketplace","potentialAction":[{"@type":"SearchAction","target":{"@type":"EntryPoint","urlTemplate":"https:\/\/stage.loncani.ca\/?s={search_term_string}"},"query-input":"required name=search_term_string"}],"inLanguage":"fr-CA"},{"@type":"ImageObject","@id":"https:\/\/stage.loncani.ca\/shop\/listeo-booking\/bougiee-sante-et-bien-etre\/#primaryimage","inLanguage":"fr-CA","url":"https:\/\/stage.loncani.ca\/wp-content\/uploads\/2022\/12\/rich45251-1.jpg","contentUrl":"https:\/\/stage.loncani.ca\/wp-content\/uploads\/2022\/12\/rich45251-1.jpg","width":1601,"height":2000},{"@type":"WebPage","@id":"https:\/\/stage.loncani.ca\/shop\/listeo-booking\/bougiee-sante-et-bien-etre\/#webpage","url":"https:\/\/stage.loncani.ca\/shop\/listeo-booking\/bougiee-sante-et-bien-etre\/","name":"Bougies sant\u00e9 et bien-\u00eatre - LONCANI Stage","isPartOf":{"@id":"https:\/\/stage.loncani.ca\/#website"},"primaryImageOfPage":{"@id":"https:\/\/stage.loncani.ca\/shop\/listeo-booking\/bougiee-sante-et-bien-etre\/#primaryimage"},"datePublished":"2022-12-02T02:45:39+00:00","dateModified":"2023-06-09T01:08:36+00:00","breadcrumb":{"@id":"https:\/\/stage.loncani.ca\/shop\/listeo-booking\/bougiee-sante-et-bien-etre\/#breadcrumb"},"inLanguage":"fr-CA","potentialAction":[{"@type":"ReadAction","target":["https:\/\/stage.loncani.ca\/shop\/listeo-booking\/bougiee-sante-et-bien-etre\/"]}]},{"@type":"BreadcrumbList","@id":"https:\/\/stage.loncani.ca\/shop\/listeo-booking\/bougiee-sante-et-bien-etre\/#breadcrumb","itemListElement":[{"@type":"ListItem","position":1,"name":"Home","item":"https:\/\/stage.loncani.ca\/"},{"@type":"ListItem","position":2,"name":"Shop","item":"https:\/\/stage.loncani.ca\/en\/shop\/"},{"@type":"ListItem","position":3,"name":"Bougies sant\u00e9 et bien-\u00eatre"}]}]}},"_links":{"self":[{"href":"https:\/\/stage.loncani.ca\/fr\/wp-json\/wp\/v2\/product\/28862"}],"collection":[{"href":"https:\/\/stage.loncani.ca\/fr\/wp-json\/wp\/v2\/product"}],"about":[{"href":"https:\/\/stage.loncani.ca\/fr\/wp-json\/wp\/v2\/types\/product"}],"replies":[{"embeddable":true,"href":"https:\/\/stage.loncani.ca\/fr\/wp-json\/wp\/v2\/comments?post=28862"}],"wp:featuredmedia":[{"embeddable":true,"href":"https:\/\/stage.loncani.ca\/fr\/wp-json\/wp\/v2\/media\/29122"}],"wp:attachment":[{"href":"https:\/\/stage.loncani.ca\/fr\/wp-json\/wp\/v2\/media?parent=28862"}],"wp:term":[{"taxonomy":"product_cat","embeddable":true,"href":"https:\/\/stage.loncani.ca\/fr\/wp-json\/wp\/v2\/product_cat?post=28862"},{"taxonomy":"product_tag","embeddable":true,"href":"https:\/\/stage.loncani.ca\/fr\/wp-json\/wp\/v2\/product_tag?post=28862"}],"curies":[{"name":"wp","href":"https:\/\/api.w.org\/{rel}","templated":true}]}}