{"id":28196,"date":"2022-08-14T19:24:00","date_gmt":"2022-08-14T23:24:00","guid":{"rendered":"https:\/\/stage.loncani.ca\/updatetheme\/shop\/uncategorized\/mgfitness4u-personal-trainer\/"},"modified":"2022-12-01T21:02:24","modified_gmt":"2022-12-02T02:02:24","slug":"mgfitness4u-personal-trainer","status":"publish","type":"product","link":"https:\/\/stage.loncani.ca\/fr\/shop\/listeo-booking\/mgfitness4u-entraineur-personnel-2\/","title":{"rendered":"Entra\u00eeneur personnel MGFitness4u"},"content":{"rendered":"<p>Marcia est une \u00e9ducatrice professionnelle active en bien-\u00eatre depuis 30 ans. Sa vision et son objectif sont d&#039;encourager, de motiver et d&#039;inspirer les gens \u00e0 rester actifs gr\u00e2ce \u00e0 un mode de vie qui englobe la forme physique. Chaque aspect de notre bien-\u00eatre est important. Elle est passionn\u00e9e et engag\u00e9e \u00e0 aider les autres \u00e0 atteindre leurs objectifs personnels. L&#039;activit\u00e9 physique est un acte de soins personnels qui est essentiel \u00e0 notre vie de tous les jours. Garder un style de vie actif n\u00e9cessite du d\u00e9vouement, repousser les limites, consacrer du temps et des efforts, sans excuses.<\/p>\n<p>Quels que soient vos objectifs de fitness, Marcia a une solution pour vous ! Elle encourage ses clients \u00e0 am\u00e9liorer leur sant\u00e9, tant mentale que physique, en renfor\u00e7ant les avantages de d\u00e9velopper de bonnes habitudes.<\/p>\n<p>ENTRA\u00ceNEMENT DE N&#039;IMPORTE O\u00d9<\/p>\n<p>\u00cates-vous trop occup\u00e9 pour aller au gymnase, mais avez-vous besoin de conseils pour votre entra\u00eenement? Si vous \u00eates engag\u00e9 et que vous souhaitez atteindre vos objectifs personnels de mise en forme, Marcia est ravie de vous guider dans ce voyage incroyable.<\/p>\n<p>Veuillez me contacter avant de r\u00e9server.<br \/>\nJe vous remercie<\/p>\n<script>\r\njQuery('.berocket_ww_container').each( function( i, o ) {\r\n    if ( jQuery(o).height() + 20 < jQuery(o).find('.berocket_ww_ul_container').height() && jQuery(o).find('.berocket_ww_show_all').length ) {\r\n        jQuery(o).find('.berocket_ww_show_all').show();\r\n    } else if( ! jQuery(o).find('.berocket_ww_show_all').length ) {\r\n        var $scroll_block = jQuery(o).find('.berocket_ww_list');\r\n        $scroll_block.css( {maxHeight: 'initial'} );\r\n    }\r\n});\r\n<\/script>","protected":false},"excerpt":{"rendered":"<p>Marcia has been an active wellness professional educator for 30 years. Her vision and focus are to encourage, motivate, and inspire people to keep active through a lifestyle that embraces physical fitness. Every aspect of our well-being is important. She is passionate and committed to helping others to achieve their personal goals. Physical activity is [&hellip;]<\/p>","protected":false},"featured_media":29403,"comment_status":"open","ping_status":"closed","template":"","meta":{"pmpro_default_level":0},"product_cat":[328],"product_tag":[],"yoast_head":"<!-- This site is optimized with the Yoast SEO plugin v18.6 - https:\/\/yoast.com\/wordpress\/plugins\/seo\/ -->\n<title>MGFitness4u Personal Trainer - LONCANI Stage<\/title>\n<meta name=\"robots\" content=\"noindex, follow, max-snippet:-1, max-image-preview:large, max-video-preview:-1\" \/>\n<meta property=\"og:locale\" content=\"fr_CA\" \/>\n<meta property=\"og:type\" content=\"article\" \/>\n<meta property=\"og:title\" content=\"MGFitness4u Personal Trainer - LONCANI Stage\" \/>\n<meta property=\"og:description\" content=\"Marcia has been an active wellness professional educator for 30 years. Her vision and focus are to encourage, motivate, and inspire people to keep active through a lifestyle that embraces physical fitness. Every aspect of our well-being is important. She is passionate and committed to helping others to achieve their personal goals. Physical activity is [&hellip;]\" \/>\n<meta property=\"og:url\" content=\"https:\/\/stage.loncani.ca\/fr\/shop\/listeo-booking\/mgfitness4u-entraineur-personnel-2\/\" \/>\n<meta property=\"og:site_name\" content=\"LONCANI Stage\" \/>\n<meta property=\"article:modified_time\" content=\"2022-12-02T02:02:24+00:00\" \/>\n<meta property=\"og:image\" content=\"https:\/\/stage.loncani.ca\/wp-content\/uploads\/2023\/01\/IMG-3945-1024x768-1.png\" \/>\n\t<meta property=\"og:image:width\" content=\"1024\" \/>\n\t<meta property=\"og:image:height\" content=\"768\" \/>\n\t<meta property=\"og:image:type\" content=\"image\/png\" \/>\n<meta name=\"twitter:card\" content=\"summary_large_image\" \/>\n<meta name=\"twitter:label1\" content=\"Estimation du temps de lecture\" \/>\n\t<meta name=\"twitter:data1\" content=\"1 minute\" \/>\n<script type=\"application\/ld+json\" class=\"yoast-schema-graph\">{\"@context\":\"https:\/\/schema.org\",\"@graph\":[{\"@type\":\"WebSite\",\"@id\":\"https:\/\/stage.loncani.ca\/#website\",\"url\":\"https:\/\/stage.loncani.ca\/\",\"name\":\"LONCANI Stage\",\"description\":\"Black-Owned Beauty Marketplace\",\"potentialAction\":[{\"@type\":\"SearchAction\",\"target\":{\"@type\":\"EntryPoint\",\"urlTemplate\":\"https:\/\/stage.loncani.ca\/?s={search_term_string}\"},\"query-input\":\"required name=search_term_string\"}],\"inLanguage\":\"fr-CA\"},{\"@type\":\"ImageObject\",\"@id\":\"https:\/\/stage.loncani.ca\/shop\/listeo-booking\/mgfitness4u-personal-trainer\/#primaryimage\",\"inLanguage\":\"fr-CA\",\"url\":\"https:\/\/stage.loncani.ca\/wp-content\/uploads\/2023\/01\/IMG-3945-1024x768-1.png\",\"contentUrl\":\"https:\/\/stage.loncani.ca\/wp-content\/uploads\/2023\/01\/IMG-3945-1024x768-1.png\",\"width\":1024,\"height\":768},{\"@type\":\"WebPage\",\"@id\":\"https:\/\/stage.loncani.ca\/shop\/listeo-booking\/mgfitness4u-personal-trainer\/#webpage\",\"url\":\"https:\/\/stage.loncani.ca\/shop\/listeo-booking\/mgfitness4u-personal-trainer\/\",\"name\":\"MGFitness4u Personal Trainer - LONCANI Stage\",\"isPartOf\":{\"@id\":\"https:\/\/stage.loncani.ca\/#website\"},\"primaryImageOfPage\":{\"@id\":\"https:\/\/stage.loncani.ca\/shop\/listeo-booking\/mgfitness4u-personal-trainer\/#primaryimage\"},\"datePublished\":\"2022-08-14T23:24:00+00:00\",\"dateModified\":\"2022-12-02T02:02:24+00:00\",\"breadcrumb\":{\"@id\":\"https:\/\/stage.loncani.ca\/shop\/listeo-booking\/mgfitness4u-personal-trainer\/#breadcrumb\"},\"inLanguage\":\"fr-CA\",\"potentialAction\":[{\"@type\":\"ReadAction\",\"target\":[\"https:\/\/stage.loncani.ca\/shop\/listeo-booking\/mgfitness4u-personal-trainer\/\"]}]},{\"@type\":\"BreadcrumbList\",\"@id\":\"https:\/\/stage.loncani.ca\/shop\/listeo-booking\/mgfitness4u-personal-trainer\/#breadcrumb\",\"itemListElement\":[{\"@type\":\"ListItem\",\"position\":1,\"name\":\"Home\",\"item\":\"https:\/\/stage.loncani.ca\/\"},{\"@type\":\"ListItem\",\"position\":2,\"name\":\"Shop\",\"item\":\"https:\/\/stage.loncani.ca\/en\/shop\/\"},{\"@type\":\"ListItem\",\"position\":3,\"name\":\"MGFitness4u Personal Trainer\"}]}]}<\/script>\n<!-- \/ Yoast SEO plugin. -->","yoast_head_json":{"title":"MGFitness4u Personal Trainer - LONCANI Stage","robots":{"index":"noindex","follow":"follow","max-snippet":"max-snippet:-1","max-image-preview":"max-image-preview:large","max-video-preview":"max-video-preview:-1"},"og_locale":"fr_CA","og_type":"article","og_title":"MGFitness4u Personal Trainer - LONCANI Stage","og_description":"Marcia has been an active wellness professional educator for 30 years. Her vision and focus are to encourage, motivate, and inspire people to keep active through a lifestyle that embraces physical fitness. Every aspect of our well-being is important. She is passionate and committed to helping others to achieve their personal goals. Physical activity is [&hellip;]","og_url":"https:\/\/stage.loncani.ca\/fr\/shop\/listeo-booking\/mgfitness4u-entraineur-personnel-2\/","og_site_name":"LONCANI Stage","article_modified_time":"2022-12-02T02:02:24+00:00","og_image":[{"width":1024,"height":768,"url":"https:\/\/stage.loncani.ca\/wp-content\/uploads\/2023\/01\/IMG-3945-1024x768-1.png","type":"image\/png"}],"twitter_card":"summary_large_image","twitter_misc":{"Estimation du temps de lecture":"1 minute"},"schema":{"@context":"https:\/\/schema.org","@graph":[{"@type":"WebSite","@id":"https:\/\/stage.loncani.ca\/#website","url":"https:\/\/stage.loncani.ca\/","name":"LONCANI Stage","description":"Black-Owned Beauty Marketplace","potentialAction":[{"@type":"SearchAction","target":{"@type":"EntryPoint","urlTemplate":"https:\/\/stage.loncani.ca\/?s={search_term_string}"},"query-input":"required name=search_term_string"}],"inLanguage":"fr-CA"},{"@type":"ImageObject","@id":"https:\/\/stage.loncani.ca\/shop\/listeo-booking\/mgfitness4u-personal-trainer\/#primaryimage","inLanguage":"fr-CA","url":"https:\/\/stage.loncani.ca\/wp-content\/uploads\/2023\/01\/IMG-3945-1024x768-1.png","contentUrl":"https:\/\/stage.loncani.ca\/wp-content\/uploads\/2023\/01\/IMG-3945-1024x768-1.png","width":1024,"height":768},{"@type":"WebPage","@id":"https:\/\/stage.loncani.ca\/shop\/listeo-booking\/mgfitness4u-personal-trainer\/#webpage","url":"https:\/\/stage.loncani.ca\/shop\/listeo-booking\/mgfitness4u-personal-trainer\/","name":"MGFitness4u Personal Trainer - LONCANI Stage","isPartOf":{"@id":"https:\/\/stage.loncani.ca\/#website"},"primaryImageOfPage":{"@id":"https:\/\/stage.loncani.ca\/shop\/listeo-booking\/mgfitness4u-personal-trainer\/#primaryimage"},"datePublished":"2022-08-14T23:24:00+00:00","dateModified":"2022-12-02T02:02:24+00:00","breadcrumb":{"@id":"https:\/\/stage.loncani.ca\/shop\/listeo-booking\/mgfitness4u-personal-trainer\/#breadcrumb"},"inLanguage":"fr-CA","potentialAction":[{"@type":"ReadAction","target":["https:\/\/stage.loncani.ca\/shop\/listeo-booking\/mgfitness4u-personal-trainer\/"]}]},{"@type":"BreadcrumbList","@id":"https:\/\/stage.loncani.ca\/shop\/listeo-booking\/mgfitness4u-personal-trainer\/#breadcrumb","itemListElement":[{"@type":"ListItem","position":1,"name":"Home","item":"https:\/\/stage.loncani.ca\/"},{"@type":"ListItem","position":2,"name":"Shop","item":"https:\/\/stage.loncani.ca\/en\/shop\/"},{"@type":"ListItem","position":3,"name":"MGFitness4u Personal Trainer"}]}]}},"_links":{"self":[{"href":"https:\/\/stage.loncani.ca\/fr\/wp-json\/wp\/v2\/product\/28196"}],"collection":[{"href":"https:\/\/stage.loncani.ca\/fr\/wp-json\/wp\/v2\/product"}],"about":[{"href":"https:\/\/stage.loncani.ca\/fr\/wp-json\/wp\/v2\/types\/product"}],"replies":[{"embeddable":true,"href":"https:\/\/stage.loncani.ca\/fr\/wp-json\/wp\/v2\/comments?post=28196"}],"wp:featuredmedia":[{"embeddable":true,"href":"https:\/\/stage.loncani.ca\/fr\/wp-json\/wp\/v2\/media\/29403"}],"wp:attachment":[{"href":"https:\/\/stage.loncani.ca\/fr\/wp-json\/wp\/v2\/media?parent=28196"}],"wp:term":[{"taxonomy":"product_cat","embeddable":true,"href":"https:\/\/stage.loncani.ca\/fr\/wp-json\/wp\/v2\/product_cat?post=28196"},{"taxonomy":"product_tag","embeddable":true,"href":"https:\/\/stage.loncani.ca\/fr\/wp-json\/wp\/v2\/product_tag?post=28196"}],"curies":[{"name":"wp","href":"https:\/\/api.w.org\/{rel}","templated":true}]}}