{"id":28041,"date":"2022-06-22T22:43:26","date_gmt":"2022-06-23T02:43:26","guid":{"rendered":"https:\/\/stage.loncani.ca\/updatetheme\/shop\/uncategorized\/eyeslashes\/"},"modified":"2023-11-07T10:20:07","modified_gmt":"2023-11-07T15:20:07","slug":"eyeslashes","status":"publish","type":"product","link":"https:\/\/stage.loncani.ca\/fr\/shop\/listeo-booking\/cils\/","title":{"rendered":"Extension de cils"},"content":{"rendered":"<p>Salut mesdames!<br \/>\nBienvenue sur mon profil d&#039;entreprise. Je suis une technicienne des cils certifi\u00e9e avec 4 ans d&#039;exp\u00e9rience. Je fais tout type, taille, volume. Contactez-moi pour plus de d\u00e9tails si vous avez des questions.<\/p>\n<p>Vous pouvez prendre rendez-vous avec moi en cliquant sur le bouton &#039;r\u00e9server maintenant&#039;. Vous pouvez \u00e9galement me contacter avec votre requ\u00eate en cliquant sur le bouton &quot;demander un rendez-vous&quot;.<\/p>\n<script>\r\njQuery('.berocket_ww_container').each( function( i, o ) {\r\n    if ( jQuery(o).height() + 20 < jQuery(o).find('.berocket_ww_ul_container').height() && jQuery(o).find('.berocket_ww_show_all').length ) {\r\n        jQuery(o).find('.berocket_ww_show_all').show();\r\n    } else if( ! jQuery(o).find('.berocket_ww_show_all').length ) {\r\n        var $scroll_block = jQuery(o).find('.berocket_ww_list');\r\n        $scroll_block.css( {maxHeight: 'initial'} );\r\n    }\r\n});\r\n<\/script>","protected":false},"excerpt":{"rendered":"<p>Hi Ladies! Welcome to my business profile. I am an eyelash tech certified with 4 years of experience. I do all type, size, volume. Contact me for more details if you have questions. You can book an appointment with me by clicking on the \u2018book now\u2019 button. You can also contact me with your query [&hellip;]<\/p>","protected":false},"featured_media":29405,"comment_status":"open","ping_status":"closed","template":"","meta":{"pmpro_default_level":0},"product_cat":[328],"product_tag":[],"yoast_head":"<!-- This site is optimized with the Yoast SEO plugin v18.6 - https:\/\/yoast.com\/wordpress\/plugins\/seo\/ -->\n<title>Eyeslashes Extension - LONCANI Stage<\/title>\n<meta name=\"robots\" content=\"noindex, follow, max-snippet:-1, max-image-preview:large, max-video-preview:-1\" \/>\n<meta property=\"og:locale\" content=\"fr_CA\" \/>\n<meta property=\"og:type\" content=\"article\" \/>\n<meta property=\"og:title\" content=\"Eyeslashes Extension - LONCANI Stage\" \/>\n<meta property=\"og:description\" content=\"Hi Ladies! Welcome to my business profile. I am an eyelash tech certified with 4 years of experience. I do all type, size, volume. Contact me for more details if you have questions. You can book an appointment with me by clicking on the \u2018book now\u2019 button. You can also contact me with your query [&hellip;]\" \/>\n<meta property=\"og:url\" content=\"https:\/\/stage.loncani.ca\/fr\/shop\/listeo-booking\/cils\/\" \/>\n<meta property=\"og:site_name\" content=\"LONCANI Stage\" \/>\n<meta property=\"article:modified_time\" content=\"2023-11-07T15:20:07+00:00\" \/>\n<meta property=\"og:image\" content=\"https:\/\/stage.loncani.ca\/wp-content\/uploads\/2023\/01\/images-1.png\" \/>\n\t<meta property=\"og:image:width\" content=\"407\" \/>\n\t<meta property=\"og:image:height\" content=\"612\" \/>\n\t<meta property=\"og:image:type\" content=\"image\/png\" \/>\n<meta name=\"twitter:card\" content=\"summary_large_image\" \/>\n<script type=\"application\/ld+json\" class=\"yoast-schema-graph\">{\"@context\":\"https:\/\/schema.org\",\"@graph\":[{\"@type\":\"WebSite\",\"@id\":\"https:\/\/stage.loncani.ca\/#website\",\"url\":\"https:\/\/stage.loncani.ca\/\",\"name\":\"LONCANI Stage\",\"description\":\"Black-Owned Beauty Marketplace\",\"potentialAction\":[{\"@type\":\"SearchAction\",\"target\":{\"@type\":\"EntryPoint\",\"urlTemplate\":\"https:\/\/stage.loncani.ca\/?s={search_term_string}\"},\"query-input\":\"required name=search_term_string\"}],\"inLanguage\":\"fr-CA\"},{\"@type\":\"ImageObject\",\"@id\":\"https:\/\/stage.loncani.ca\/en\/shop\/listeo-booking\/eyeslashes\/#primaryimage\",\"inLanguage\":\"fr-CA\",\"url\":\"https:\/\/stage.loncani.ca\/wp-content\/uploads\/2023\/01\/images-1.png\",\"contentUrl\":\"https:\/\/stage.loncani.ca\/wp-content\/uploads\/2023\/01\/images-1.png\",\"width\":407,\"height\":612},{\"@type\":\"WebPage\",\"@id\":\"https:\/\/stage.loncani.ca\/en\/shop\/listeo-booking\/eyeslashes\/#webpage\",\"url\":\"https:\/\/stage.loncani.ca\/en\/shop\/listeo-booking\/eyeslashes\/\",\"name\":\"Eyeslashes Extension - LONCANI Stage\",\"isPartOf\":{\"@id\":\"https:\/\/stage.loncani.ca\/#website\"},\"primaryImageOfPage\":{\"@id\":\"https:\/\/stage.loncani.ca\/en\/shop\/listeo-booking\/eyeslashes\/#primaryimage\"},\"datePublished\":\"2022-06-23T02:43:26+00:00\",\"dateModified\":\"2023-11-07T15:20:07+00:00\",\"breadcrumb\":{\"@id\":\"https:\/\/stage.loncani.ca\/en\/shop\/listeo-booking\/eyeslashes\/#breadcrumb\"},\"inLanguage\":\"fr-CA\",\"potentialAction\":[{\"@type\":\"ReadAction\",\"target\":[\"https:\/\/stage.loncani.ca\/en\/shop\/listeo-booking\/eyeslashes\/\"]}]},{\"@type\":\"BreadcrumbList\",\"@id\":\"https:\/\/stage.loncani.ca\/en\/shop\/listeo-booking\/eyeslashes\/#breadcrumb\",\"itemListElement\":[{\"@type\":\"ListItem\",\"position\":1,\"name\":\"Home\",\"item\":\"https:\/\/stage.loncani.ca\/\"},{\"@type\":\"ListItem\",\"position\":2,\"name\":\"Shop\",\"item\":\"https:\/\/stage.loncani.ca\/en\/shop\/\"},{\"@type\":\"ListItem\",\"position\":3,\"name\":\"Eyeslashes Extension\"}]}]}<\/script>\n<!-- \/ Yoast SEO plugin. -->","yoast_head_json":{"title":"Eyeslashes Extension - LONCANI Stage","robots":{"index":"noindex","follow":"follow","max-snippet":"max-snippet:-1","max-image-preview":"max-image-preview:large","max-video-preview":"max-video-preview:-1"},"og_locale":"fr_CA","og_type":"article","og_title":"Eyeslashes Extension - LONCANI Stage","og_description":"Hi Ladies! Welcome to my business profile. I am an eyelash tech certified with 4 years of experience. I do all type, size, volume. Contact me for more details if you have questions. You can book an appointment with me by clicking on the \u2018book now\u2019 button. You can also contact me with your query [&hellip;]","og_url":"https:\/\/stage.loncani.ca\/fr\/shop\/listeo-booking\/cils\/","og_site_name":"LONCANI Stage","article_modified_time":"2023-11-07T15:20:07+00:00","og_image":[{"width":407,"height":612,"url":"https:\/\/stage.loncani.ca\/wp-content\/uploads\/2023\/01\/images-1.png","type":"image\/png"}],"twitter_card":"summary_large_image","schema":{"@context":"https:\/\/schema.org","@graph":[{"@type":"WebSite","@id":"https:\/\/stage.loncani.ca\/#website","url":"https:\/\/stage.loncani.ca\/","name":"LONCANI Stage","description":"Black-Owned Beauty Marketplace","potentialAction":[{"@type":"SearchAction","target":{"@type":"EntryPoint","urlTemplate":"https:\/\/stage.loncani.ca\/?s={search_term_string}"},"query-input":"required name=search_term_string"}],"inLanguage":"fr-CA"},{"@type":"ImageObject","@id":"https:\/\/stage.loncani.ca\/en\/shop\/listeo-booking\/eyeslashes\/#primaryimage","inLanguage":"fr-CA","url":"https:\/\/stage.loncani.ca\/wp-content\/uploads\/2023\/01\/images-1.png","contentUrl":"https:\/\/stage.loncani.ca\/wp-content\/uploads\/2023\/01\/images-1.png","width":407,"height":612},{"@type":"WebPage","@id":"https:\/\/stage.loncani.ca\/en\/shop\/listeo-booking\/eyeslashes\/#webpage","url":"https:\/\/stage.loncani.ca\/en\/shop\/listeo-booking\/eyeslashes\/","name":"Eyeslashes Extension - LONCANI Stage","isPartOf":{"@id":"https:\/\/stage.loncani.ca\/#website"},"primaryImageOfPage":{"@id":"https:\/\/stage.loncani.ca\/en\/shop\/listeo-booking\/eyeslashes\/#primaryimage"},"datePublished":"2022-06-23T02:43:26+00:00","dateModified":"2023-11-07T15:20:07+00:00","breadcrumb":{"@id":"https:\/\/stage.loncani.ca\/en\/shop\/listeo-booking\/eyeslashes\/#breadcrumb"},"inLanguage":"fr-CA","potentialAction":[{"@type":"ReadAction","target":["https:\/\/stage.loncani.ca\/en\/shop\/listeo-booking\/eyeslashes\/"]}]},{"@type":"BreadcrumbList","@id":"https:\/\/stage.loncani.ca\/en\/shop\/listeo-booking\/eyeslashes\/#breadcrumb","itemListElement":[{"@type":"ListItem","position":1,"name":"Home","item":"https:\/\/stage.loncani.ca\/"},{"@type":"ListItem","position":2,"name":"Shop","item":"https:\/\/stage.loncani.ca\/en\/shop\/"},{"@type":"ListItem","position":3,"name":"Eyeslashes Extension"}]}]}},"_links":{"self":[{"href":"https:\/\/stage.loncani.ca\/fr\/wp-json\/wp\/v2\/product\/28041"}],"collection":[{"href":"https:\/\/stage.loncani.ca\/fr\/wp-json\/wp\/v2\/product"}],"about":[{"href":"https:\/\/stage.loncani.ca\/fr\/wp-json\/wp\/v2\/types\/product"}],"replies":[{"embeddable":true,"href":"https:\/\/stage.loncani.ca\/fr\/wp-json\/wp\/v2\/comments?post=28041"}],"wp:featuredmedia":[{"embeddable":true,"href":"https:\/\/stage.loncani.ca\/fr\/wp-json\/wp\/v2\/media\/29405"}],"wp:attachment":[{"href":"https:\/\/stage.loncani.ca\/fr\/wp-json\/wp\/v2\/media?parent=28041"}],"wp:term":[{"taxonomy":"product_cat","embeddable":true,"href":"https:\/\/stage.loncani.ca\/fr\/wp-json\/wp\/v2\/product_cat?post=28041"},{"taxonomy":"product_tag","embeddable":true,"href":"https:\/\/stage.loncani.ca\/fr\/wp-json\/wp\/v2\/product_tag?post=28041"}],"curies":[{"name":"wp","href":"https:\/\/api.w.org\/{rel}","templated":true}]}}