{"id":3,"date":"2019-11-14T07:47:02","date_gmt":"2019-11-14T07:47:02","guid":{"rendered":"http:\/\/192.168.1.200\/loncani?page_id=3"},"modified":"2022-11-08T13:44:05","modified_gmt":"2022-11-08T18:44:05","slug":"privacy-policy","status":"publish","type":"page","link":"https:\/\/stage.loncani.ca\/fr\/politique-de-confidentialite\/","title":{"rendered":"Politique de confidentialit\u00e9"},"content":{"rendered":"<div class=\"vc_row wpb_row vc_row-fluid cms-content-wrap\"><div class=\"wpb_column vc_column_container vc_col-sm-12\"><div class=\"vc_column-inner\"><div class=\"wpb_wrapper\">\n\t<div class=\"wpb_text_column wpb_content_element  vc_custom_1664781691559\" >\n\t\t<div class=\"wpb_wrapper\">\n\t\t\t<h3>1. INTRODUCTION<\/h3>\n<p>1.1 LONCANI respecte votre vie priv\u00e9e. Cette politique de confidentialit\u00e9 explique (i) quelles informations sont collect\u00e9es lorsque vous acc\u00e9dez et utilisez la plateforme www.loncani.ca et l&#039;application mobile, ainsi que nos services, (ii) l&#039;utilisation que nous faisons des informations collect\u00e9es, et (iii) le niveau de s\u00e9curit\u00e9 que nous assurons pour la protection de ces derniers.<\/p>\n<p>1.2 En acc\u00e9dant et en utilisant les services de la plateforme, vous acceptez express\u00e9ment cette politique de confidentialit\u00e9. Il peut \u00eatre modifi\u00e9 \u00e0 tout moment pour s&#039;adapter \u00e0 toute nouvelle pratique commerciale, technologie ou changement l\u00e9gislatif.<\/p>\n<h3>2. COLLECTE DE DONN\u00c9ES<\/h3>\n<p>LONCANI collecte des donn\u00e9es relatives \u00e0 votre acc\u00e8s et \u00e0 votre utilisation de la plateforme, y compris tous les autres sites Web connexes. LONCANI peut collecter vos donn\u00e9es concernant votre nom, votre sexe, votre adresse, vos informations de facturation, votre adresse e-mail, vos num\u00e9ros de t\u00e9l\u00e9phone, votre identifiant de connexion ou d&#039;autres informations pouvant \u00eatre utilis\u00e9es pour vous identifier ou vous contacter dans le cadre de l&#039;acc\u00e8s et de l&#039;utilisation de la plateforme (\u00ab\u00a0Donn\u00e9es personnelles\u00a0\u00bb). Par exemple, LONCANI peut conserver un historique des biens et services obtenus sur la plateforme gr\u00e2ce aux services propos\u00e9s par les fournisseurs pour vous servir lors d&#039;acc\u00e8s ult\u00e9rieurs ou mieux les utiliser.<\/p>\n<h3>3. UTILISATION DES DONN\u00c9ES COLLECT\u00c9ES<\/h3>\n<p>LONCANI utilise les donn\u00e9es collect\u00e9es transmises pour l&#039;ex\u00e9cution des services pour lesquels les donn\u00e9es ont \u00e9t\u00e9 collect\u00e9es, telles que la connexion des membres enregistr\u00e9s de la plateforme (les \u00abUtilisateurs\u00bb) pour la fourniture et l&#039;acquisition de biens et services entre eux, ainsi que pour l&#039;am\u00e9lioration de la plateforme et \u00e0 des fins statistiques.<\/p>\n<h3>4. SITES TIERS<\/h3>\n<p>La plate-forme peut contenir des liens ou des renvois vers d&#039;autres sites Web tiers. Cette politique de confidentialit\u00e9 ne s&#039;applique pas \u00e0 ces autres sites Web tiers ou aux pratiques d&#039;autres soci\u00e9t\u00e9s ou individus que LONCANI ne contr\u00f4le pas. Vous devez vous informer et consulter les politiques de confidentialit\u00e9 des sites Web tiers que vous visitez et qui r\u00e9gissent la collecte et l&#039;utilisation de vos donn\u00e9es personnelles lorsque vous les visitez. Dans les limites l\u00e9gales, LONCANI ne peut \u00eatre tenu responsable des pratiques de confidentialit\u00e9 de ces sites tiers.<\/p>\n<h3>5. COMMUNICATION AUX TIERS<\/h3>\n<p>LONCANI ne communique pas vos Donn\u00e9es \u00e0 des tiers \u00e0 l&#039;exception d&#039;autres Utilisateurs pour leur permettre de mettre \u00e0 disposition et d&#039;obtenir des biens et services aupr\u00e8s d&#039;autres Utilisateurs, ainsi que de nos partenaires et\/ou sous-traitants, par exemple PayPal et Stripe, dans la mesure n\u00e9cessaire \u00e0 la l&#039;ex\u00e9cution des prestations, leur gestion et leurs paiements.<\/p>\n<h3>6. TRANSMISSION \u00c0 L&#039;\u00c9TRANGER<\/h3>\n<p>Vos donn\u00e9es sont trait\u00e9es au Canada mais peuvent \u00e9galement \u00eatre stock\u00e9es et utilis\u00e9es dans d&#039;autres pays par nos partenaires ext\u00e9rieurs \u00e0 notre \u00e9quipe. Certains de ces emplacements peuvent inclure des pays qui ne garantissent pas n\u00e9cessairement le m\u00eame degr\u00e9 de protection de la vie priv\u00e9e que le Canada. En nous soumettant vos donn\u00e9es, vous acceptez explicitement ce transfert pour am\u00e9liorer l&#039;exp\u00e9rience utilisateur sur la plateforme.<\/p>\n<h3>7. COOKIES<\/h3>\n<p>7.1 Pour am\u00e9liorer l&#039;utilisation et la fonctionnalit\u00e9 de la plate-forme, LONCANI utilise des \u00abcookies\u00bb ou d&#039;autres cookies, qui peuvent enregistrer automatiquement des donn\u00e9es personnelles. Un cookie est un petit fichier de donn\u00e9es qui est stock\u00e9 sur votre appareil \u00e9lectronique. Lorsque vous acc\u00e9dez et utilisez la plateforme et les services, par exemple, le cookie identifie votre appareil \u00e9lectronique. LONCANI utilise \u00e9galement des cookies pour mesurer le trafic et l&#039;utilisation de la plateforme et de ses fonctionnalit\u00e9s.<\/p>\n<p>7.2 Si vous ne souhaitez pas enregistrer de cookies sur votre appareil \u00e9lectronique, vous devez configurer votre navigateur Internet ou appareil \u00e9lectronique pour refuser les cookies avant d&#039;utiliser la plateforme. Sinon, vous consentez \u00e0 la collecte et au traitement des donn\u00e9es collect\u00e9es. L&#039;utilisation de la plateforme ou de certaines de ses fonctionnalit\u00e9s peut \u00eatre modifi\u00e9e ou ne pas fonctionner.<\/p>\n<h3>8. MODIFICATIONS<\/h3>\n<p>LONCANI peut modifier cette politique de confidentialit\u00e9 \u00e0 tout moment \u00e0 sa seule discr\u00e9tion. LONCANI informera les Utilisateurs par e-mail. Par votre acc\u00e8s renouvel\u00e9 et votre utilisation de la plateforme apr\u00e8s toute modification, vous acceptez express\u00e9ment la politique de confidentialit\u00e9 modifi\u00e9e. La politique de confidentialit\u00e9 en vigueur au moment de la collecte et de l&#039;utilisation des donn\u00e9es les r\u00e9git.<\/p>\n<h3>9. LE DROIT D&#039;ACC\u00c8S ET DE RECTIFICATION<\/h3>\n<p>Sur demande et sauf disposition l\u00e9gale contraire, LONCANI vous fournira un r\u00e9sum\u00e9 des donn\u00e9es collect\u00e9es et trait\u00e9es. Sur demande et sous r\u00e9serve des droits l\u00e9gaux par ailleurs, vous aurez la possibilit\u00e9 de corriger, mettre \u00e0 jour, modifier ou supprimer ces informations en envoyant un e-mail \u00e0 <a href=\"mailto:info@loncani.ca\">info@loncani.ca<\/a><\/p>\n<h3>10. QUESTIONS<\/h3>\n<p>Si vous avez des questions concernant cette politique de confidentialit\u00e9, veuillez contacter LONCANI au <a href=\"mailto:info@loncani.ca\">info@loncani.ca<\/a><\/p>\n<p>Merci,<\/p>\n<p>\u00c9quipe LONCANI<\/p>\n\n\t\t<\/div>\n\t<\/div>\n<\/div><\/div><\/div><\/div>\n<script>\r\njQuery('.berocket_ww_container').each( function( i, o ) {\r\n    if ( jQuery(o).height() + 20 < jQuery(o).find('.berocket_ww_ul_container').height() && jQuery(o).find('.berocket_ww_show_all').length ) {\r\n        jQuery(o).find('.berocket_ww_show_all').show();\r\n    } else if( ! jQuery(o).find('.berocket_ww_show_all').length ) {\r\n        var $scroll_block = jQuery(o).find('.berocket_ww_list');\r\n        $scroll_block.css( {maxHeight: 'initial'} );\r\n    }\r\n});\r\n<\/script>","protected":false},"excerpt":{"rendered":"1. INTRODUCTION 1.1 LONCANI respects your privacy. This Privacy Policy explains (i) what information is collected when you access and use the www.loncani.ca platform and the application mobile, as well as our services, (ii) the use we make of the information collected, and (iii) the level of security we provide for the protection of the [...]","protected":false},"author":1,"featured_media":0,"parent":0,"menu_order":0,"comment_status":"closed","ping_status":"open","template":"","meta":{"pmpro_default_level":0},"yoast_head":"<!-- This site is optimized with the Yoast SEO plugin v18.6 - https:\/\/yoast.com\/wordpress\/plugins\/seo\/ -->\n<title>Privacy Policy - LONCANI Beauty Marketplace<\/title>\n<meta name=\"description\" content=\"LONCANI respects your privacy. By accessing and using the services of the platform, you expressly agree to this Privacy Policy. Read Now!\" \/>\n<meta name=\"robots\" content=\"noindex, follow, max-snippet:-1, max-image-preview:large, max-video-preview:-1\" \/>\n<meta property=\"og:locale\" content=\"fr_CA\" \/>\n<meta property=\"og:type\" content=\"article\" \/>\n<meta property=\"og:title\" content=\"Privacy Policy - LONCANI Beauty Marketplace\" \/>\n<meta property=\"og:description\" content=\"LONCANI respects your privacy. By accessing and using the services of the platform, you expressly agree to this Privacy Policy. Read Now!\" \/>\n<meta property=\"og:url\" content=\"https:\/\/stage.loncani.ca\/fr\/politique-de-confidentialite\/\" \/>\n<meta property=\"og:site_name\" content=\"LONCANI Stage\" \/>\n<meta property=\"article:modified_time\" content=\"2022-11-08T18:44:05+00:00\" \/>\n<meta name=\"twitter:card\" content=\"summary_large_image\" \/>\n<meta name=\"twitter:label1\" content=\"Estimation du temps de lecture\" \/>\n\t<meta name=\"twitter:data1\" content=\"4 minutes\" \/>\n<script type=\"application\/ld+json\" class=\"yoast-schema-graph\">{\"@context\":\"https:\/\/schema.org\",\"@graph\":[{\"@type\":\"WebSite\",\"@id\":\"https:\/\/stage.loncani.ca\/#website\",\"url\":\"https:\/\/stage.loncani.ca\/\",\"name\":\"LONCANI Stage\",\"description\":\"Black-Owned Beauty Marketplace\",\"potentialAction\":[{\"@type\":\"SearchAction\",\"target\":{\"@type\":\"EntryPoint\",\"urlTemplate\":\"https:\/\/stage.loncani.ca\/?s={search_term_string}\"},\"query-input\":\"required name=search_term_string\"}],\"inLanguage\":\"fr-CA\"},{\"@type\":\"WebPage\",\"@id\":\"https:\/\/stage.loncani.ca\/en\/privacy-policy\/#webpage\",\"url\":\"https:\/\/stage.loncani.ca\/en\/privacy-policy\/\",\"name\":\"Privacy Policy - LONCANI Beauty Marketplace\",\"isPartOf\":{\"@id\":\"https:\/\/stage.loncani.ca\/#website\"},\"datePublished\":\"2019-11-14T07:47:02+00:00\",\"dateModified\":\"2022-11-08T18:44:05+00:00\",\"description\":\"LONCANI respects your privacy. By accessing and using the services of the platform, you expressly agree to this Privacy Policy. Read Now!\",\"breadcrumb\":{\"@id\":\"https:\/\/stage.loncani.ca\/en\/privacy-policy\/#breadcrumb\"},\"inLanguage\":\"fr-CA\",\"potentialAction\":[{\"@type\":\"ReadAction\",\"target\":[\"https:\/\/stage.loncani.ca\/en\/privacy-policy\/\"]}]},{\"@type\":\"BreadcrumbList\",\"@id\":\"https:\/\/stage.loncani.ca\/en\/privacy-policy\/#breadcrumb\",\"itemListElement\":[{\"@type\":\"ListItem\",\"position\":1,\"name\":\"Home\",\"item\":\"https:\/\/stage.loncani.ca\/\"},{\"@type\":\"ListItem\",\"position\":2,\"name\":\"Privacy Policy\"}]}]}<\/script>\n<!-- \/ Yoast SEO plugin. -->","yoast_head_json":{"title":"Privacy Policy - LONCANI Beauty Marketplace","description":"LONCANI respects your privacy. By accessing and using the services of the platform, you expressly agree to this Privacy Policy. Read Now!","robots":{"index":"noindex","follow":"follow","max-snippet":"max-snippet:-1","max-image-preview":"max-image-preview:large","max-video-preview":"max-video-preview:-1"},"og_locale":"fr_CA","og_type":"article","og_title":"Privacy Policy - LONCANI Beauty Marketplace","og_description":"LONCANI respects your privacy. By accessing and using the services of the platform, you expressly agree to this Privacy Policy. Read Now!","og_url":"https:\/\/stage.loncani.ca\/fr\/politique-de-confidentialite\/","og_site_name":"LONCANI Stage","article_modified_time":"2022-11-08T18:44:05+00:00","twitter_card":"summary_large_image","twitter_misc":{"Estimation du temps de lecture":"4 minutes"},"schema":{"@context":"https:\/\/schema.org","@graph":[{"@type":"WebSite","@id":"https:\/\/stage.loncani.ca\/#website","url":"https:\/\/stage.loncani.ca\/","name":"LONCANI Stage","description":"Black-Owned Beauty Marketplace","potentialAction":[{"@type":"SearchAction","target":{"@type":"EntryPoint","urlTemplate":"https:\/\/stage.loncani.ca\/?s={search_term_string}"},"query-input":"required name=search_term_string"}],"inLanguage":"fr-CA"},{"@type":"WebPage","@id":"https:\/\/stage.loncani.ca\/en\/privacy-policy\/#webpage","url":"https:\/\/stage.loncani.ca\/en\/privacy-policy\/","name":"Privacy Policy - LONCANI Beauty Marketplace","isPartOf":{"@id":"https:\/\/stage.loncani.ca\/#website"},"datePublished":"2019-11-14T07:47:02+00:00","dateModified":"2022-11-08T18:44:05+00:00","description":"LONCANI respects your privacy. By accessing and using the services of the platform, you expressly agree to this Privacy Policy. Read Now!","breadcrumb":{"@id":"https:\/\/stage.loncani.ca\/en\/privacy-policy\/#breadcrumb"},"inLanguage":"fr-CA","potentialAction":[{"@type":"ReadAction","target":["https:\/\/stage.loncani.ca\/en\/privacy-policy\/"]}]},{"@type":"BreadcrumbList","@id":"https:\/\/stage.loncani.ca\/en\/privacy-policy\/#breadcrumb","itemListElement":[{"@type":"ListItem","position":1,"name":"Home","item":"https:\/\/stage.loncani.ca\/"},{"@type":"ListItem","position":2,"name":"Privacy Policy"}]}]}},"_links":{"self":[{"href":"https:\/\/stage.loncani.ca\/fr\/wp-json\/wp\/v2\/pages\/3"}],"collection":[{"href":"https:\/\/stage.loncani.ca\/fr\/wp-json\/wp\/v2\/pages"}],"about":[{"href":"https:\/\/stage.loncani.ca\/fr\/wp-json\/wp\/v2\/types\/page"}],"author":[{"embeddable":true,"href":"https:\/\/stage.loncani.ca\/fr\/wp-json\/wp\/v2\/users\/1"}],"replies":[{"embeddable":true,"href":"https:\/\/stage.loncani.ca\/fr\/wp-json\/wp\/v2\/comments?post=3"}],"version-history":[{"count":4,"href":"https:\/\/stage.loncani.ca\/fr\/wp-json\/wp\/v2\/pages\/3\/revisions"}],"predecessor-version":[{"id":28364,"href":"https:\/\/stage.loncani.ca\/fr\/wp-json\/wp\/v2\/pages\/3\/revisions\/28364"}],"wp:attachment":[{"href":"https:\/\/stage.loncani.ca\/fr\/wp-json\/wp\/v2\/media?parent=3"}],"curies":[{"name":"wp","href":"https:\/\/api.w.org\/{rel}","templated":true}]}}