{"id":2856,"date":"2020-05-22T08:13:33","date_gmt":"2020-05-22T12:13:33","guid":{"rendered":"https:\/\/stage.loncani.ca\/updatetheme\/?page_id=2856"},"modified":"2024-03-19T08:58:08","modified_gmt":"2024-03-19T12:58:08","slug":"get-booked","status":"publish","type":"page","link":"https:\/\/stage.loncani.ca\/fr\/reservation\/","title":{"rendered":"Booking"},"content":{"rendered":"<div class=\"vc_row wpb_row vc_row-fluid how-it-work-wrap mobile_heading_h1_sect\"><div class=\"wpb_column vc_column_container vc_col-sm-12\"><div class=\"vc_column-inner\"><div class=\"wpb_wrapper\"><div class=\"vc_row wpb_row vc_inner vc_row-fluid section-ttile\"><div class=\"wpb_column vc_column_container vc_col-sm-12\"><div class=\"vc_column-inner\"><div class=\"wpb_wrapper\"><h2 style=\"text-align: center\" class=\"vc_custom_heading\" >Booking<\/h2>\n\t<div class=\"wpb_single_image wpb_content_element vc_align_center\">\n\t\t\n\t\t<figure class=\"wpb_wrapper vc_figure\">\n\t\t\t<div class=\"vc_single_image-wrapper   vc_box_border_grey\"><img src=\"https:\/\/stage.loncani.ca\/wp-content\/uploads\/2019\/12\/title-icon.svg\" class=\"vc_single_image-img attachment-full\" alt=\"\" loading=\"lazy\" title=\"ic\u00f4ne de titre\" \/><\/div>\n\t\t<\/figure>\n\t<\/div>\n<\/div><\/div><\/div><\/div><\/div><\/div><\/div><\/div><div data-vc-full-width=\"true\" data-vc-full-width-init=\"false\" class=\"vc_row wpb_row vc_row-fluid get_visibility main_image mobile_left_text_right_img vc_custom_1593016336074 vc_row-has-fill\"><div class=\"wpb_column vc_column_container vc_col-sm-6\"><div class=\"vc_column-inner\"><div class=\"wpb_wrapper\"><div class=\"vc_empty_space\"   style=\"height: 20px\"><span class=\"vc_empty_space_inner\"><\/span><\/div>\n\t<div class=\"wpb_text_column wpb_content_element\" >\n\t\t<div class=\"wpb_wrapper\">\n\t\t\t<h1>Rendez votre annonce plus productive avec <b class=\"dark\"> un syst\u00e8me simple de r\u00e9servation<\/b><\/h1>\n\n\t\t<\/div>\n\t<\/div>\n<div class=\"vc_empty_space\"   style=\"height: 20px\"><span class=\"vc_empty_space_inner\"><\/span><\/div>\n\t<div class=\"wpb_text_column wpb_content_element\" >\n\t\t<div class=\"wpb_wrapper\">\n\t\t\t<p>Inscrivez-vous sur LONCANI pour cr\u00e9er votre profil d'entreprise. Dressez la liste de vos services et produits, et d\u00e9finissez les prix de vos services. Vous pouvez configurer votre calendrier en fonction de vos heures et jours disponibles. Il vous permettra de pr\u00e9senter votre syst\u00e8me de r\u00e9servation en ligne. Apr\u00e8s avoir obtenu un rendez-vous, vous pouvez l'approuver ou le d\u00e9cliner<\/p>\n\n\t\t<\/div>\n\t<\/div>\n<div class=\"vc_empty_space\"   style=\"height: 20px\"><span class=\"vc_empty_space_inner\"><\/span><\/div><div class=\"vc_btn3-container vc_btn3-left\" ><a style=\"background-color:#b87a29; color:#ffffff;\" class=\"vc_general vc_btn3 vc_btn3-size-md vc_btn3-shape-round vc_btn3-style-custom\" href=\"https:\/\/stage.loncani.ca\/fr\/mon-profil\/#tab2\" title=\"\">Commencez gratuitement<\/a><\/div><\/div><\/div><\/div><div class=\"wpb_column vc_column_container vc_col-sm-6\"><div class=\"vc_column-inner\"><div class=\"wpb_wrapper\">\n\t<div class=\"wpb_single_image wpb_content_element vc_align_center  vc_custom_1590977089675  img-wrap\">\n\t\t\n\t\t<figure class=\"wpb_wrapper vc_figure\">\n\t\t\t<div class=\"vc_single_image-wrapper   vc_box_border_grey\"><img width=\"4000\" height=\"3200\" src=\"https:\/\/stage.loncani.ca\/wp-content\/uploads\/2020\/05\/Booking-and-confirmation.png\" class=\"vc_single_image-img attachment-full\" alt=\"\" loading=\"lazy\" title=\"\" \/><\/div>\n\t\t<\/figure>\n\t<\/div>\n<\/div><\/div><\/div><\/div><div class=\"vc_row-full-width vc_clearfix\"><\/div><div class=\"vc_row wpb_row vc_row-fluid mobile_right_text_left_img vc_row-o-equal-height vc_row-o-content-middle vc_row-flex\"><div class=\"wpb_column vc_column_container vc_col-sm-6 vc_col-has-fill\"><div class=\"vc_column-inner vc_custom_1590977522176\"><div class=\"wpb_wrapper\">\n\t<div class=\"wpb_single_image wpb_content_element vc_align_left\">\n\t\t\n\t\t<figure class=\"wpb_wrapper vc_figure\">\n\t\t\t<div class=\"vc_single_image-wrapper   vc_box_border_grey\"><img width=\"2304\" height=\"1728\" src=\"https:\/\/stage.loncani.ca\/wp-content\/uploads\/2022\/08\/Type-of-listing-to-book.png\" class=\"vc_single_image-img attachment-full\" alt=\"\" loading=\"lazy\" title=\"\" \/><\/div>\n\t\t<\/figure>\n\t<\/div>\n<\/div><\/div><\/div><div class=\"wpb_column vc_column_container vc_col-sm-6\"><div class=\"vc_column-inner vc_custom_1590553590191\"><div class=\"wpb_wrapper\">\n\t<div class=\"wpb_text_column wpb_content_element\" >\n\t\t<div class=\"wpb_wrapper\">\n\t\t\t<h1>Des services <b class=\"dark\"> de beaut\u00e9 aux \u00e9v\u00e9nements de beaut\u00e9, <\/b>ne jamais manquer une opportunit\u00e9 de vente<\/h1>\n\n\t\t<\/div>\n\t<\/div>\n<div class=\"vc_empty_space\"   style=\"height: 10px\"><span class=\"vc_empty_space_inner\"><\/span><\/div>\n\t<div class=\"wpb_text_column wpb_content_element\" >\n\t\t<div class=\"wpb_wrapper\">\n\t\t\t<p><span style=\"color: #bf6f76;\">? <\/span>D\u00e9finissez votre prix pour les jours ouvrables et le week-end<\/p>\n<p><span style=\"color: #bf6f76;\">? <\/span>Frais de r\u00e9servation, acompte de r\u00e9servation ou paiement int\u00e9gral<\/p>\n<p><span style=\"color: #bf6f76;\">? E<\/span>Activez le formulaire de r\u00e9servation avec votre annonce en un clic<\/p>\n\n\t\t<\/div>\n\t<\/div>\n<\/div><\/div><\/div><\/div><div class=\"vc_row wpb_row vc_row-fluid mobile_left_text_right_img vc_row-o-equal-height vc_row-o-content-middle vc_row-flex\"><div class=\"wpb_column vc_column_container vc_col-sm-6\"><div class=\"vc_column-inner vc_custom_1590553590191\"><div class=\"wpb_wrapper\">\n\t<div class=\"wpb_text_column wpb_content_element\" >\n\t\t<div class=\"wpb_wrapper\">\n\t\t\t<h1>Ajoutez soigneusement vos <b class=\"dark\">disponibilit\u00e9s<\/b> et nous remplissons votre <b class=\"dark\">Calendrier<\/b>pour vous<\/h1>\n\n\t\t<\/div>\n\t<\/div>\n<div class=\"vc_empty_space\"   style=\"height: 10px\"><span class=\"vc_empty_space_inner\"><\/span><\/div>\n\t<div class=\"wpb_text_column wpb_content_element\" >\n\t\t<div class=\"wpb_wrapper\">\n\t\t\t<p><span style=\"color: #bf6f76;\">? Set up<\/span>\u00a0vos disponibilit\u00e9s pour chacune de vos annonces<\/p>\n<p><span style=\"color: #bf6f76;\">? <\/span>Acceptez Instantan\u00e9ment la r\u00e9servation ou sur approbation uniquement<\/p>\n<p><span style=\"color: #bf6f76;\">? <\/span>Synchronisez la r\u00e9servation pour chaque annonce de votre calendrier<\/p>\n<p><span style=\"color: #bf6f76;\">? <\/span>D\u00e9finissez votre politique d&#039;annulation et de remboursement de r\u00e9servation<\/p>\n\n\t\t<\/div>\n\t<\/div>\n<\/div><\/div><\/div><div class=\"wpb_column vc_column_container vc_col-sm-6 vc_col-has-fill\"><div class=\"vc_column-inner vc_custom_1590973848926\"><div class=\"wpb_wrapper\">\n\t<div class=\"wpb_single_image wpb_content_element vc_align_left\">\n\t\t\n\t\t<figure class=\"wpb_wrapper vc_figure\">\n\t\t\t<div class=\"vc_single_image-wrapper   vc_box_border_grey\"><img width=\"709\" height=\"502\" src=\"https:\/\/stage.loncani.ca\/wp-content\/uploads\/2020\/05\/Screen-Shot-2020-05-27-at-8.10.52-PM.png\" class=\"vc_single_image-img attachment-full\" alt=\"\" loading=\"lazy\" title=\"Capture d&#039;\u00e9cran 2020-05-27 \u00e0 20.10.52 PM\" \/><\/div>\n\t\t<\/figure>\n\t<\/div>\n<\/div><\/div><\/div><\/div><div class=\"vc_row wpb_row vc_row-fluid mobile_right_text_left_img vc_row-o-equal-height vc_row-o-content-middle vc_row-flex\"><div class=\"wpb_column vc_column_container vc_col-sm-6 vc_col-has-fill\"><div class=\"vc_column-inner vc_custom_1590973921208\"><div class=\"wpb_wrapper\">\n\t<div class=\"wpb_single_image wpb_content_element vc_align_left\">\n\t\t\n\t\t<figure class=\"wpb_wrapper vc_figure\">\n\t\t\t<div class=\"vc_single_image-wrapper   vc_box_border_grey\"><img width=\"570\" height=\"490\" src=\"https:\/\/stage.loncani.ca\/wp-content\/uploads\/2020\/07\/bookingimgs.png\" class=\"vc_single_image-img attachment-full\" alt=\"\" loading=\"lazy\" title=\"r\u00e9servationimgs\" \/><\/div>\n\t\t<\/figure>\n\t<\/div>\n<\/div><\/div><\/div><div class=\"wpb_column vc_column_container vc_col-sm-6\"><div class=\"vc_column-inner vc_custom_1590553590191\"><div class=\"wpb_wrapper\">\n\t<div class=\"wpb_text_column wpb_content_element\" >\n\t\t<div class=\"wpb_wrapper\">\n\t\t\t<h1>Booking <b class=\"dark\"> Partout, \u00e0 tout moment <\/b><\/p>\n\n\t\t<\/div>\n\t<\/div>\n<div class=\"vc_empty_space\"   style=\"height: 10px\"><span class=\"vc_empty_space_inner\"><\/span><\/div>\n\t<div class=\"wpb_text_column wpb_content_element\" >\n\t\t<div class=\"wpb_wrapper\">\n\t\t\t<p><span style=\"color: #bf6f76;\">? <\/span>R\u00e9servation \u00e0 travers vos r\u00e9seaux sociaux pr\u00e9f\u00e9r\u00e9s<\/h1>\n<p><span style=\"color: #bf6f76;\">? <\/span>Acceptez la r\u00e9servation LONCANI depuis votre site Web<\/p>\n<p><span style=\"color: #bf6f76;\">\u00a0<\/span>\u00a0Partagez votre page entreprise en un clic<\/p>\n\n\t\t<\/div>\n\t<\/div>\n<\/div><\/div><\/div><\/div><div class=\"vc_row wpb_row vc_row-fluid mobile_left_text_right_img vc_row-o-equal-height vc_row-o-content-middle vc_row-flex\"><div class=\"wpb_column vc_column_container vc_col-sm-6\"><div class=\"vc_column-inner vc_custom_1590553590191\"><div class=\"wpb_wrapper\">\n\t<div class=\"wpb_text_column wpb_content_element\" >\n\t\t<div class=\"wpb_wrapper\">\n\t\t\t<p><span class=\"cmsoon\">Bient\u00f4t disponible<\/span><\/p>\n\n\t\t<\/div>\n\t<\/div>\n\n\t<div class=\"wpb_text_column wpb_content_element\" >\n\t\t<div class=\"wpb_wrapper\">\n\t\t\t<h1>SMS et e-mail <b class=\"dark\"> Rappel <\/b> pour rendez-vous et plus<\/h1>\n\n\t\t<\/div>\n\t<\/div>\n<div class=\"vc_empty_space\"   style=\"height: 10px\"><span class=\"vc_empty_space_inner\"><\/span><\/div>\n\t<div class=\"wpb_text_column wpb_content_element\" >\n\t\t<div class=\"wpb_wrapper\">\n\t\t\t<p><span style=\"color: #bf6f76;\">? <\/span>Soyez averti pour toutes les activit\u00e9s concernant la r\u00e9servation<\/p>\n<p><span style=\"color: #bf6f76;\">? <\/span>\u00catre automatiquement averti pour un paiement de r\u00e9servation<\/p>\n<p><span style=\"color: #bf6f76;\">? <\/span>Soyez averti de toutes les activit\u00e9s de r\u00e9servation et de paiement par SMS <span style=\"color: #aa6363;\">(Bient\u00f4t disponible)<\/span><\/p>\n\n\t\t<\/div>\n\t<\/div>\n<\/div><\/div><\/div><div class=\"wpb_column vc_column_container vc_col-sm-6 vc_col-has-fill\"><div class=\"vc_column-inner vc_custom_1590978407596\"><div class=\"wpb_wrapper\">\n\t<div class=\"wpb_single_image wpb_content_element vc_align_left\">\n\t\t\n\t\t<figure class=\"wpb_wrapper vc_figure\">\n\t\t\t<div class=\"vc_single_image-wrapper   vc_box_border_grey\"><img width=\"570\" height=\"491\" src=\"https:\/\/stage.loncani.ca\/wp-content\/uploads\/2020\/07\/appointmentimgs.png\" class=\"vc_single_image-img attachment-full\" alt=\"\" loading=\"lazy\" title=\"\" \/><\/div>\n\t\t<\/figure>\n\t<\/div>\n<\/div><\/div><\/div><\/div><div class=\"vc_row wpb_row vc_row-fluid mobile_right_text_left_img vc_row-o-equal-height vc_row-o-content-middle vc_row-flex\"><div class=\"wpb_column vc_column_container vc_col-sm-6 vc_col-has-fill\"><div class=\"vc_column-inner vc_custom_1590974154340\"><div class=\"wpb_wrapper\">\n\t<div class=\"wpb_single_image wpb_content_element vc_align_left  vc_custom_1595953925092\">\n\t\t\n\t\t<figure class=\"wpb_wrapper vc_figure\">\n\t\t\t<div class=\"vc_single_image-wrapper   vc_box_border_grey\"><img width=\"570\" height=\"455\" src=\"https:\/\/stage.loncani.ca\/wp-content\/uploads\/2020\/07\/payments-booking.png\" class=\"vc_single_image-img attachment-full\" alt=\"\" loading=\"lazy\" title=\"\" \/><\/div>\n\t\t<\/figure>\n\t<\/div>\n<\/div><\/div><\/div><div class=\"wpb_column vc_column_container vc_col-sm-6\"><div class=\"vc_column-inner vc_custom_1590553590191\"><div class=\"wpb_wrapper\">\n\t<div class=\"wpb_text_column wpb_content_element\" >\n\t\t<div class=\"wpb_wrapper\">\n\t\t\t<h1>Le <b class=\"dark\"> Paiement de la r\u00e9servation <\/b> en ligne rendu plus facile<\/h1>\n\n\t\t<\/div>\n\t<\/div>\n<div class=\"vc_empty_space\"   style=\"height: 10px\"><span class=\"vc_empty_space_inner\"><\/span><\/div>\n\t<div class=\"wpb_text_column wpb_content_element\" >\n\t\t<div class=\"wpb_wrapper\">\n\t\t\t<p><span style=\"color: #bf6f76;\">? <span style=\"color: #000000;\">Laissez votre client payer vos services avec un acompte ou le montant total<\/span><\/span><\/p>\n<p><span style=\"color: #bf6f76;\">? <\/span>\u00catre automatiquement inform\u00e9 de tout acompte et paiement effectu\u00e9<\/p>\n<p><span style=\"color: #bf6f76;\">? <\/span>Gestion financi\u00e8re transparente avec rapport de revenus<\/p>\n\n\t\t<\/div>\n\t<\/div>\n<\/div><\/div><\/div><\/div><div data-vc-full-width=\"true\" data-vc-full-width-init=\"false\" class=\"vc_row wpb_row vc_row-fluid footer_row bottom_icon_btn vc_custom_1593015959013 vc_row-has-fill vc_row-o-content-middle vc_row-flex\"><div class=\"wpb_column vc_column_container vc_col-sm-12\"><div class=\"vc_column-inner\"><div class=\"wpb_wrapper\"><div class=\"vc_row wpb_row vc_inner vc_row-fluid vc_row-o-content-middle vc_row-flex\"><div class=\"wpb_column vc_column_container vc_col-sm-2\"><div class=\"vc_column-inner\"><div class=\"wpb_wrapper\"><div class=\"vc_icon_element vc_icon_element-outer vc_icon_element-align-center vc_icon_element-have-style\"><div class=\"vc_icon_element-inner vc_icon_element-color-custom vc_icon_element-have-style-inner vc_icon_element-size-md vc_icon_element-style-rounded-less vc_icon_element-background vc_icon_element-background-color-custom\"  style=\"background-color:#b87a29\"><span class=\"vc_icon_element-icon fas fa-question\" style=\"color:#ffffff !important\"><\/span><\/div><\/div><\/div><\/div><\/div><div class=\"wpb_column vc_column_container vc_col-sm-7\"><div class=\"vc_column-inner vc_custom_1590564149703\"><div class=\"wpb_wrapper\"><h1 style=\"color: #000000;text-align: left\" class=\"vc_custom_heading main_head vc_custom_1595473282628\" >Avez-vous encore des questions ou vous ne savez pas par o\u00f9 commencer?<\/h1><\/div><\/div><\/div><div class=\"wpb_column vc_column_container vc_col-sm-3\"><div class=\"vc_column-inner\"><div class=\"wpb_wrapper\"><div class=\"vc_btn3-container  contact-box custom_contact vc_btn3-left\" ><button style=\"background-color:#b87a29; color:#ffffff;\" class=\"vc_general vc_btn3 vc_btn3-size-md vc_btn3-shape-round vc_btn3-style-custom\">Contacter-nous<\/button><\/div><\/div><\/div><\/div><\/div><\/div><\/div><\/div><\/div><div class=\"vc_row-full-width vc_clearfix\"><\/div>\n<script>\r\njQuery('.berocket_ww_container').each( function( i, o ) {\r\n    if ( jQuery(o).height() + 20 < jQuery(o).find('.berocket_ww_ul_container').height() && jQuery(o).find('.berocket_ww_show_all').length ) {\r\n        jQuery(o).find('.berocket_ww_show_all').show();\r\n    } else if( ! jQuery(o).find('.berocket_ww_show_all').length ) {\r\n        var $scroll_block = jQuery(o).find('.berocket_ww_list');\r\n        $scroll_block.css( {maxHeight: 'initial'} );\r\n    }\r\n});\r\n<\/script>","protected":false},"excerpt":{"rendered":"Get Booked Make your listing more powerful with a Simple Booking form Sign up at LOCANI to create your business profile. List your services and products, and set compatible price for your package. Create an appealing portfolio demonstrating your quality products and services. You can set up your calendar related your available hours and days. [...]","protected":false},"author":90,"featured_media":0,"parent":0,"menu_order":0,"comment_status":"closed","ping_status":"closed","template":"","meta":{"pmpro_default_level":0},"yoast_head":"<!-- This site is optimized with the Yoast SEO plugin v18.6 - https:\/\/yoast.com\/wordpress\/plugins\/seo\/ -->\n<title>Get booked with a Powerful &amp; Simple booking form - Loncani<\/title>\n<meta name=\"description\" content=\"Let us help you get booked with a simple booking form. Make your listing powerful &amp; easy when you have a simple booking form.\" \/>\n<meta name=\"robots\" content=\"noindex, follow, max-snippet:-1, max-image-preview:large, max-video-preview:-1\" \/>\n<meta property=\"og:locale\" content=\"fr_CA\" \/>\n<meta property=\"og:type\" content=\"article\" \/>\n<meta property=\"og:title\" content=\"Get booked with a Powerful &amp; Simple booking form - Loncani\" \/>\n<meta property=\"og:description\" content=\"Let us help you get booked with a simple booking form. Make your listing powerful &amp; easy when you have a simple booking form.\" \/>\n<meta property=\"og:url\" content=\"https:\/\/stage.loncani.ca\/fr\/reservation\/\" \/>\n<meta property=\"og:site_name\" content=\"LONCANI Stage\" \/>\n<meta property=\"article:modified_time\" content=\"2024-03-19T12:58:08+00:00\" \/>\n<meta name=\"twitter:card\" content=\"summary_large_image\" \/>\n<meta name=\"twitter:label1\" content=\"Estimation du temps de lecture\" \/>\n\t<meta name=\"twitter:data1\" content=\"3 minutes\" \/>\n<script type=\"application\/ld+json\" class=\"yoast-schema-graph\">{\"@context\":\"https:\/\/schema.org\",\"@graph\":[{\"@type\":\"WebSite\",\"@id\":\"https:\/\/stage.loncani.ca\/#website\",\"url\":\"https:\/\/stage.loncani.ca\/\",\"name\":\"LONCANI Stage\",\"description\":\"Black-Owned Beauty Marketplace\",\"potentialAction\":[{\"@type\":\"SearchAction\",\"target\":{\"@type\":\"EntryPoint\",\"urlTemplate\":\"https:\/\/stage.loncani.ca\/?s={search_term_string}\"},\"query-input\":\"required name=search_term_string\"}],\"inLanguage\":\"fr-CA\"},{\"@type\":\"WebPage\",\"@id\":\"https:\/\/stage.loncani.ca\/get-booked\/#webpage\",\"url\":\"https:\/\/stage.loncani.ca\/get-booked\/\",\"name\":\"Get booked with a Powerful & Simple booking form - Loncani\",\"isPartOf\":{\"@id\":\"https:\/\/stage.loncani.ca\/#website\"},\"datePublished\":\"2020-05-22T12:13:33+00:00\",\"dateModified\":\"2024-03-19T12:58:08+00:00\",\"description\":\"Let us help you get booked with a simple booking form. Make your listing powerful & easy when you have a simple booking form.\",\"breadcrumb\":{\"@id\":\"https:\/\/stage.loncani.ca\/get-booked\/#breadcrumb\"},\"inLanguage\":\"fr-CA\",\"potentialAction\":[{\"@type\":\"ReadAction\",\"target\":[\"https:\/\/stage.loncani.ca\/get-booked\/\"]}]},{\"@type\":\"BreadcrumbList\",\"@id\":\"https:\/\/stage.loncani.ca\/get-booked\/#breadcrumb\",\"itemListElement\":[{\"@type\":\"ListItem\",\"position\":1,\"name\":\"Home\",\"item\":\"https:\/\/stage.loncani.ca\/\"},{\"@type\":\"ListItem\",\"position\":2,\"name\":\"Get Booked\"}]}]}<\/script>\n<!-- \/ Yoast SEO plugin. -->","yoast_head_json":{"title":"Get booked with a Powerful & Simple booking form - Loncani","description":"Let us help you get booked with a simple booking form. Make your listing powerful & easy when you have a simple booking form.","robots":{"index":"noindex","follow":"follow","max-snippet":"max-snippet:-1","max-image-preview":"max-image-preview:large","max-video-preview":"max-video-preview:-1"},"og_locale":"fr_CA","og_type":"article","og_title":"Get booked with a Powerful & Simple booking form - Loncani","og_description":"Let us help you get booked with a simple booking form. Make your listing powerful & easy when you have a simple booking form.","og_url":"https:\/\/stage.loncani.ca\/fr\/reservation\/","og_site_name":"LONCANI Stage","article_modified_time":"2024-03-19T12:58:08+00:00","twitter_card":"summary_large_image","twitter_misc":{"Estimation du temps de lecture":"3 minutes"},"schema":{"@context":"https:\/\/schema.org","@graph":[{"@type":"WebSite","@id":"https:\/\/stage.loncani.ca\/#website","url":"https:\/\/stage.loncani.ca\/","name":"LONCANI Stage","description":"Black-Owned Beauty Marketplace","potentialAction":[{"@type":"SearchAction","target":{"@type":"EntryPoint","urlTemplate":"https:\/\/stage.loncani.ca\/?s={search_term_string}"},"query-input":"required name=search_term_string"}],"inLanguage":"fr-CA"},{"@type":"WebPage","@id":"https:\/\/stage.loncani.ca\/get-booked\/#webpage","url":"https:\/\/stage.loncani.ca\/get-booked\/","name":"Get booked with a Powerful & Simple booking form - Loncani","isPartOf":{"@id":"https:\/\/stage.loncani.ca\/#website"},"datePublished":"2020-05-22T12:13:33+00:00","dateModified":"2024-03-19T12:58:08+00:00","description":"Let us help you get booked with a simple booking form. Make your listing powerful & easy when you have a simple booking form.","breadcrumb":{"@id":"https:\/\/stage.loncani.ca\/get-booked\/#breadcrumb"},"inLanguage":"fr-CA","potentialAction":[{"@type":"ReadAction","target":["https:\/\/stage.loncani.ca\/get-booked\/"]}]},{"@type":"BreadcrumbList","@id":"https:\/\/stage.loncani.ca\/get-booked\/#breadcrumb","itemListElement":[{"@type":"ListItem","position":1,"name":"Home","item":"https:\/\/stage.loncani.ca\/"},{"@type":"ListItem","position":2,"name":"Get Booked"}]}]}},"_links":{"self":[{"href":"https:\/\/stage.loncani.ca\/fr\/wp-json\/wp\/v2\/pages\/2856"}],"collection":[{"href":"https:\/\/stage.loncani.ca\/fr\/wp-json\/wp\/v2\/pages"}],"about":[{"href":"https:\/\/stage.loncani.ca\/fr\/wp-json\/wp\/v2\/types\/page"}],"author":[{"embeddable":true,"href":"https:\/\/stage.loncani.ca\/fr\/wp-json\/wp\/v2\/users\/90"}],"replies":[{"embeddable":true,"href":"https:\/\/stage.loncani.ca\/fr\/wp-json\/wp\/v2\/comments?post=2856"}],"version-history":[{"count":2,"href":"https:\/\/stage.loncani.ca\/fr\/wp-json\/wp\/v2\/pages\/2856\/revisions"}],"predecessor-version":[{"id":30597,"href":"https:\/\/stage.loncani.ca\/fr\/wp-json\/wp\/v2\/pages\/2856\/revisions\/30597"}],"wp:attachment":[{"href":"https:\/\/stage.loncani.ca\/fr\/wp-json\/wp\/v2\/media?parent=2856"}],"curies":[{"name":"wp","href":"https:\/\/api.w.org\/{rel}","templated":true}]}}