{"id":27540,"date":"2021-06-03T05:32:26","date_gmt":"2021-06-03T09:32:26","guid":{"rendered":"https:\/\/stage.loncani.ca\/updatetheme\/?page_id=27540"},"modified":"2022-12-27T16:19:54","modified_gmt":"2022-12-27T21:19:54","slug":"about-us","status":"publish","type":"page","link":"https:\/\/stage.loncani.ca\/fr\/a-propos\/","title":{"rendered":"\u00c0 propos"},"content":{"rendered":"<div data-vc-full-width=\"true\" data-vc-full-width-init=\"false\" class=\"vc_row wpb_row vc_row-fluid about-banner-wrap\"><div class=\"container wpb_column vc_column_container vc_col-sm-12\"><div class=\"vc_column-inner\"><div class=\"wpb_wrapper\"><div class=\"vc_row wpb_row vc_inner vc_row-fluid about-banner-img-row vc_custom_1622717367422 vc_row-has-fill\"><div class=\"about-banner-content-column wpb_column vc_column_container vc_col-sm-12\"><div class=\"vc_column-inner\"><div class=\"wpb_wrapper\"><h2 style=\"text-align: left\" class=\"vc_custom_heading business-section-title\" >Aidons-nous et grandissons ensemble<\/h2><h2 style=\"text-align: left\" class=\"vc_custom_heading light-title\" >Commencer ici\u00a0!<\/h2><\/div><\/div><\/div><\/div><\/div><\/div><\/div><\/div><div class=\"vc_row-full-width vc_clearfix\"><\/div><div class=\"vc_row wpb_row vc_row-fluid about-content-box1\"><div class=\"container wpb_column vc_column_container vc_col-sm-12\"><div class=\"vc_column-inner\"><div class=\"wpb_wrapper\"><div class=\"vc_row wpb_row vc_inner vc_row-fluid\"><div class=\"about-content-box wpb_column vc_column_container vc_col-sm-7\"><div class=\"vc_column-inner\"><div class=\"wpb_wrapper\"><h2 style=\"text-align: left\" class=\"vc_custom_heading business-section-title\" >Qu&#039;est-ce que la plate-forme LONCANI\u00a0?<\/h2>\n\t<div class=\"wpb_text_column wpb_content_element\" >\n\t\t<div class=\"wpb_wrapper\">\n\t\t\t<p>LONCANI est une startup technologique qui propose des outils et des solutions en ligne pour valoriser et promouvoir la beaut\u00e9 africaine. Nous proposons une plateforme web et une application mobile pour les professionnels et entreprises de services de beaut\u00e9 issus de la communaut\u00e9 afro-descendante qui souhaitent renforcer leur activit\u00e9 et mieux servir leurs clients. Nous les aidons \u00e0 d\u00e9velopper leur activit\u00e9 en ligne avec un outil qui leur permet de faire la publicit\u00e9 de leurs services, de g\u00e9rer les clients, les r\u00e9servations et d&#039;accepter les paiements \u00e9lectroniques. L&#039;objectif de la plateforme est de r\u00e9pondre aux besoins des femmes pour trouver leur coiffeur ou esth\u00e9ticienne, comme d&#039;autre part, d&#039;aider les entrepreneurs du secteur de la beaut\u00e9 \u00e0 gagner en visibilit\u00e9.<\/p>\n\n\t\t<\/div>\n\t<\/div>\n\n\t<div class=\"wpb_single_image wpb_content_element vc_align_left   content-img\">\n\t\t\n\t\t<figure class=\"wpb_wrapper vc_figure\">\n\t\t\t<div class=\"vc_single_image-wrapper   vc_box_border_grey\"><img width=\"119\" height=\"26\" src=\"https:\/\/stage.loncani.ca\/wp-content\/uploads\/2021\/06\/title-bg.png\" class=\"vc_single_image-img attachment-full\" alt=\"\" loading=\"lazy\" title=\"\" \/><\/div>\n\t\t<\/figure>\n\t<\/div>\n<h2 style=\"text-align: left\" class=\"vc_custom_heading business-section-title\" >Notre mission et notre vision<\/h2>\n\t<div class=\"wpb_text_column wpb_content_element\" >\n\t\t<div class=\"wpb_wrapper\">\n\t\t\t<p>Notre mission est d&#039;une part de r\u00e9pondre aux besoins des femmes pour trouver leur coiffeur ou esth\u00e9ticienne, et d&#039;autre part, d&#039;aider les entrepreneurs noirs du secteur de la beaut\u00e9 \u00e0 gagner en visibilit\u00e9. Nous voulons aider la communaut\u00e9 en leur fournissant un moyen simple et efficace de se connecter avec les clients, d&#039;automatiser les t\u00e2ches r\u00e9p\u00e9titives et de d\u00e9velopper leur activit\u00e9. Nous visons \u00e9galement \u00e0 \u00eatre une plate-forme \u00e9ducative sur les soins et services de beaut\u00e9 africains pour les communaut\u00e9s d&#039;ascendance africaine ici au Canada.<\/p>\n<p>LONCANI entend se positionner comme la r\u00e9f\u00e9rence unique en beaut\u00e9 et bien-\u00eatre de la communaut\u00e9 noire.<\/p>\n\n\t\t<\/div>\n\t<\/div>\n<\/div><\/div><\/div><div class=\"about-content-box-clr wpb_column vc_column_container vc_col-sm-5\"><div class=\"vc_column-inner\"><div class=\"wpb_wrapper\"><h2 style=\"text-align: left\" class=\"vc_custom_heading business-section-title\" >La plateforme de services et de produits de beaut\u00e9 et de bien-\u00eatre de la communaut\u00e9 noire<\/h2>\n\t<div class=\"wpb_text_column wpb_content_element\" >\n\t\t<div class=\"wpb_wrapper\">\n\t\t\t<p>Aujourd&#039;hui, de nombreux professionnels de la beaut\u00e9 de notre communaut\u00e9 ont du mal \u00e0 pr\u00e9senter leurs produits et services en ligne et \u00e0 d\u00e9velopper leurs activit\u00e9s dans l&#039;industrie de la beaut\u00e9.<\/p>\n<p>C&#039;est l\u00e0 qu&#039;intervient LONCANI. Nous proposons une application mobile unique pour tous les besoins de votre entreprise afin de donner \u00e0 votre entreprise la visibilit\u00e9 qu&#039;elle m\u00e9rite. Chez LONCANI, notre priorit\u00e9 absolue est d&#039;aider ces entreprises \u00e0 se faire conna\u00eetre et \u00e0 atteindre le niveau sup\u00e9rieur.<\/p>\n<p>La plate-forme de march\u00e9 LONCANI regorge de possibilit\u00e9s et d&#039;opportunit\u00e9s. Nous accueillons tous ceux qui s&#039;identifient comme afro-descendants dans le domaine de la beaut\u00e9 et du bien-\u00eatre, des artistes ind\u00e9pendants, des esth\u00e9ticiennes et des PME aux salons de beaut\u00e9 d\u00e9j\u00e0 \u00e9tablis.<\/p>\n<p>Pour les consommateurs, c&#039;est un moyen facile de trouver, de r\u00e9server et d&#039;\u00e9valuer des professionnels.<\/p>\n\n\t\t<\/div>\n\t<\/div>\n<\/div><\/div><\/div><\/div><\/div><\/div><\/div><\/div><div class=\"vc_row wpb_row vc_row-fluid about-img-row-wrap\"><div class=\"container wpb_column vc_column_container vc_col-sm-12\"><div class=\"vc_column-inner\"><div class=\"wpb_wrapper\"><div class=\"vc_row wpb_row vc_inner vc_row-fluid about-img-row-inner\"><div class=\"about-img-row-img wpb_column vc_column_container vc_col-sm-6\"><div class=\"vc_column-inner\"><div class=\"wpb_wrapper\">\n\t<div class=\"wpb_single_image wpb_content_element vc_align_left\">\n\t\t\n\t\t<figure class=\"wpb_wrapper vc_figure\">\n\t\t\t<div class=\"vc_single_image-wrapper   vc_box_border_grey\"><img width=\"1708\" height=\"2560\" src=\"https:\/\/stage.loncani.ca\/wp-content\/uploads\/2022\/10\/NIPSG-5-1-scaled.jpg\" class=\"vc_single_image-img attachment-full\" alt=\"LONCANI - \u00c0 propos de nous\" loading=\"lazy\" title=\"\" \/><\/div>\n\t\t<\/figure>\n\t<\/div>\n<\/div><\/div><\/div><div class=\"about-img-row-content wpb_column vc_column_container vc_col-sm-6\"><div class=\"vc_column-inner\"><div class=\"wpb_wrapper\"><h2 style=\"text-align: left\" class=\"vc_custom_heading light-title\" >Qui est derri\u00e8re ?<\/h2>\n\t<div class=\"wpb_text_column wpb_content_element  business-section-title\" >\n\t\t<div class=\"wpb_wrapper\">\n\t\t\t<p>St\u00e9phanie, entrepreneure chevronn\u00e9e et chanteuse \u00e0 temps partiel.<\/p>\n\n\t\t<\/div>\n\t<\/div>\n\n\t<div class=\"wpb_text_column wpb_content_element\" >\n\t\t<div class=\"wpb_wrapper\">\n\t\t\t<p>Je suis St\u00e9phanie, une femme entrepreneure d\u00e9vou\u00e9e. Je suis n\u00e9 et j&#039;ai grandi en C\u00f4te d&#039;Ivoire, mais je suis arriv\u00e9 au Canada en 2013 pour \u00e9tudier. Je suis concepteur de sites Web et d\u00e9veloppeur de sites Web pour des clients. J&#039;aime passer mon temps libre \u00e0 chanter et \u00e0 danser comme un hobbit en mangeant des sushis ou des alloco avec atti\u00e9k\u00e9 \u00e0 c\u00f4t\u00e9 !<\/p>\n<p>LONCANI est issu de mon exp\u00e9rience de consommatrice et coiffeuse \u00e0 temps partiel. J&#039;ai remarqu\u00e9 qu&#039;il n&#039;y avait aucune ressource pour trouver un professionnel qui connaissait mon type de cheveux. Mes anciens clients ont \u00e9galement eu du mal \u00e0 trouver quelqu&#039;un quand j&#039;\u00e9tais indisponible, alors j&#039;ai d\u00e9cid\u00e9 de cr\u00e9er LONCANI, non seulement pour moi mais aussi pour notre communaut\u00e9 ! J&#039;esp\u00e8re sinc\u00e8rement collaborer avec vous pour l&#039;am\u00e9liorer. \u00ab Seul on va plus vite, ensemble on va plus loin<em>.<\/em>\u201d<\/p>\n\n\t\t<\/div>\n\t<\/div>\n<\/div><\/div><\/div><\/div><\/div><\/div><\/div><\/div><div data-vc-full-width=\"true\" data-vc-full-width-init=\"false\" data-vc-stretch-content=\"true\" class=\"vc_row wpb_row vc_row-fluid value-title-wrap\"><div class=\"container wpb_column vc_column_container vc_col-sm-12\"><div class=\"vc_column-inner\"><div class=\"wpb_wrapper\">\n\t<div class=\"wpb_text_column wpb_content_element  wpb_animate_when_almost_visible wpb_fadeIn fadeIn value-title-paragraph\" >\n\t\t<div class=\"wpb_wrapper\">\n\t\t\t<h2 style=\"text-align: center;\"><strong>La beaut\u00e9 r\u00e9side dans l&#039;\u0153il du spectateur<\/strong><\/h2>\n\n\t\t<\/div>\n\t<\/div>\n<h2 style=\"font-size: 11px;color: #ffffff;text-align: center\" class=\"vc_custom_heading\" >Oscar Wilde<\/h2><\/div><\/div><\/div><\/div><div class=\"vc_row-full-width vc_clearfix\"><\/div><div class=\"vc_row wpb_row vc_row-fluid core-value-row-wrap\"><div class=\"container wpb_column vc_column_container vc_col-sm-12\"><div class=\"vc_column-inner\"><div class=\"wpb_wrapper\"><div class=\"vc_row wpb_row vc_inner vc_row-fluid\"><div class=\"core-value-img-wrap wpb_column vc_column_container vc_col-sm-5\"><div class=\"vc_column-inner\"><div class=\"wpb_wrapper\"><h4 style=\"text-align: left\" class=\"vc_custom_heading light-title vc_custom_1666078975101\" >Valeurs fondamentales<\/h4><h2 style=\"text-align: left\" class=\"vc_custom_heading section-title\" >Valeurs fondamentales<\/h2>\n\t<div class=\"wpb_single_image wpb_content_element vc_align_left\">\n\t\t\n\t\t<figure class=\"wpb_wrapper vc_figure\">\n\t\t\t<div class=\"vc_single_image-wrapper   vc_box_border_grey\"><img width=\"234\" height=\"300\" src=\"https:\/\/stage.loncani.ca\/wp-content\/uploads\/2021\/06\/Rectangle-7-copy-234x300-1.jpg\" class=\"vc_single_image-img attachment-medium\" alt=\"\" loading=\"lazy\" title=\"\" \/><\/div>\n\t\t<\/figure>\n\t<\/div>\n<\/div><\/div><\/div><div class=\"core-value-content-wrap wpb_column vc_column_container vc_col-sm-7\"><div class=\"vc_column-inner\"><div class=\"wpb_wrapper\">\n\t<div class=\"wpb_text_column wpb_content_element\" >\n\t\t<div class=\"wpb_wrapper\">\n\t\t\t<div class=\"core-values\">\n\n       <div class=\"core-values-content about-layer-forward core-values-slider\">\n\n          <div class=\"core-values__item item1\" style=\"\" aria-hidden=\"true\" tabindex=\"-1\" role=\"option\" aria-describedby=\"slick-slide00\">\n\n             <div class=\"core-values__item-number\">01<\/div>\n\n             <div class=\"core-values__item-text\">Construire une communaut\u00e9 forte<\/div>\n\n          <\/div>\n\n          <div class=\"core-values__item item2\" style=\"\" aria-hidden=\"true\" tabindex=\"-1\" role=\"option\" aria-describedby=\"slick-slide01\">\n\n             <div class=\"core-values__item-number\">02<\/div>\n\n             <div class=\"core-values__item-text\">Soins<\/div>\n\n          <\/div>\n\n          <div class=\"core-values__item item3\" style=\"\" aria-hidden=\"true\" tabindex=\"-1\" role=\"option\" aria-describedby=\"slick-slide02\">\n\n             <div class=\"core-values__item-number\">03<\/div>\n\n             <div class=\"core-values__item-text\">\u00c9coute<\/div>\n\n          <\/div>\n\n          <div class=\"core-values__item item4\" style=\"\" aria-hidden=\"true\" tabindex=\"-1\" role=\"option\" aria-describedby=\"slick-slide03\">\n\n             <div class=\"core-values__item-number\">04<\/div>\n\n             <div class=\"core-values__item-text\">Partenariat gagnant-gagnant<\/div>\n\n          <\/div>\n\n          <div class=\"core-values__item item5\" style=\"\" aria-hidden=\"true\" tabindex=\"-1\" role=\"option\" aria-describedby=\"slick-slide04\">\n\n             <div class=\"core-values__item-number\">05<\/div>\n\n             <div class=\"core-values__item-text\">Souplesse<\/div>\n\n          <\/div>\n\n          <div class=\"core-values__item item6\" style=\"\" aria-hidden=\"true\" tabindex=\"-1\" role=\"option\" aria-describedby=\"slick-slide05\">\n\n             <div class=\"core-values__item-number\">06<\/div>\n\n             <div class=\"core-values__item-text\">Le temps compte<\/div>\n\n          <\/div>\n\n          <div class=\"core-values__item item7\" style=\"\" aria-hidden=\"true\" tabindex=\"-1\" role=\"option\" aria-describedby=\"slick-slide06\">\n\n             <div class=\"core-values__item-number\">07<\/div>\n\n             <div class=\"core-values__item-text\">Accessibilit\u00e9<\/div>\n\n          <\/div>\n\n          <div class=\"core-values__item item8\" style=\"\" aria-hidden=\"true\" tabindex=\"-1\" role=\"option\" aria-describedby=\"slick-slide07\">\n\n             <div class=\"core-values__item-number\">08<\/div>\n\n             <div class=\"core-values__item-text\">Abordabilit\u00e9<\/div>\n\n          <\/div>\n\n          <div class=\"core-values__item item9\" style=\"\" aria-hidden=\"true\" tabindex=\"-1\" role=\"option\" aria-describedby=\"slick-slide08\">\n\n             <div class=\"core-values__item-number\">09<\/div>\n\n             <div class=\"core-values__item-text\">Simplicit\u00e9<\/div>\n\n          <\/div>\n\n          <div class=\"core-values__item item10\" style=\"\" aria-hidden=\"true\" tabindex=\"-1\" role=\"option\" aria-describedby=\"slick-slide09\"><\/div>\n\n       <\/div>\n\n    <\/div>\n\n\t\t<\/div>\n\t<\/div>\n<\/div><\/div><\/div><\/div><\/div><\/div><\/div><\/div>\n<script>\r\njQuery('.berocket_ww_container').each( function( i, o ) {\r\n    if ( jQuery(o).height() + 20 < jQuery(o).find('.berocket_ww_ul_container').height() && jQuery(o).find('.berocket_ww_show_all').length ) {\r\n        jQuery(o).find('.berocket_ww_show_all').show();\r\n    } else if( ! jQuery(o).find('.berocket_ww_show_all').length ) {\r\n        var $scroll_block = jQuery(o).find('.berocket_ww_list');\r\n        $scroll_block.css( {maxHeight: 'initial'} );\r\n    }\r\n});\r\n<\/script>","protected":false},"excerpt":{"rendered":"Construire une communaut\u00e9 forte","protected":false},"author":90,"featured_media":28713,"parent":0,"menu_order":0,"comment_status":"closed","ping_status":"closed","template":"","meta":{"pmpro_default_level":0},"yoast_head":"<!-- This site is optimized with the Yoast SEO plugin v18.6 - https:\/\/yoast.com\/wordpress\/plugins\/seo\/ -->\n<title>About Us - A Marketplace For Black-owned Beauty Businesses In Canada<\/title>\n<meta name=\"description\" content=\"LONCANI intends to position itself as the black community\u2019s one-stop beauty &amp; wellness shop by collaborating with black-Owned beauty businesses to grow their business.\" \/>\n<meta name=\"robots\" content=\"noindex, follow, max-snippet:-1, max-image-preview:large, max-video-preview:-1\" \/>\n<meta property=\"og:locale\" content=\"fr_CA\" \/>\n<meta property=\"og:type\" content=\"article\" \/>\n<meta property=\"og:title\" content=\"About Us - A Marketplace For Black-owned Beauty Businesses In Canada\" \/>\n<meta property=\"og:description\" content=\"LONCANI intends to position itself as the black community\u2019s one-stop beauty &amp; wellness shop by collaborating with black-Owned beauty businesses to grow their business.\" \/>\n<meta property=\"og:url\" content=\"https:\/\/stage.loncani.ca\/fr\/a-propos\/\" \/>\n<meta property=\"og:site_name\" content=\"LONCANI Stage\" \/>\n<meta property=\"article:modified_time\" content=\"2022-12-27T21:19:54+00:00\" \/>\n<meta property=\"og:image\" content=\"https:\/\/stage.loncani.ca\/wp-content\/uploads\/2022\/10\/logo3.png\" \/>\n\t<meta property=\"og:image:width\" content=\"2000\" \/>\n\t<meta property=\"og:image:height\" content=\"2000\" \/>\n\t<meta property=\"og:image:type\" content=\"image\/png\" \/>\n<meta name=\"twitter:card\" content=\"summary_large_image\" \/>\n<meta name=\"twitter:label1\" content=\"Estimation du temps de lecture\" \/>\n\t<meta name=\"twitter:data1\" content=\"5 minutes\" \/>\n<script type=\"application\/ld+json\" class=\"yoast-schema-graph\">{\"@context\":\"https:\/\/schema.org\",\"@graph\":[{\"@type\":\"WebSite\",\"@id\":\"https:\/\/stage.loncani.ca\/#website\",\"url\":\"https:\/\/stage.loncani.ca\/\",\"name\":\"LONCANI Stage\",\"description\":\"Black-Owned Beauty Marketplace\",\"potentialAction\":[{\"@type\":\"SearchAction\",\"target\":{\"@type\":\"EntryPoint\",\"urlTemplate\":\"https:\/\/stage.loncani.ca\/?s={search_term_string}\"},\"query-input\":\"required name=search_term_string\"}],\"inLanguage\":\"fr-CA\"},{\"@type\":\"ImageObject\",\"@id\":\"https:\/\/stage.loncani.ca\/en\/about-us\/#primaryimage\",\"inLanguage\":\"fr-CA\",\"url\":\"https:\/\/stage.loncani.ca\/wp-content\/uploads\/2022\/10\/logo3.png\",\"contentUrl\":\"https:\/\/stage.loncani.ca\/wp-content\/uploads\/2022\/10\/logo3.png\",\"width\":2000,\"height\":2000,\"caption\":\"LONCANI logo\"},{\"@type\":\"WebPage\",\"@id\":\"https:\/\/stage.loncani.ca\/en\/about-us\/#webpage\",\"url\":\"https:\/\/stage.loncani.ca\/en\/about-us\/\",\"name\":\"About Us - A Marketplace For Black-owned Beauty Businesses In Canada\",\"isPartOf\":{\"@id\":\"https:\/\/stage.loncani.ca\/#website\"},\"primaryImageOfPage\":{\"@id\":\"https:\/\/stage.loncani.ca\/en\/about-us\/#primaryimage\"},\"datePublished\":\"2021-06-03T09:32:26+00:00\",\"dateModified\":\"2022-12-27T21:19:54+00:00\",\"description\":\"LONCANI intends to position itself as the black community\u2019s one-stop beauty & wellness shop by collaborating with black-Owned beauty businesses to grow their business.\",\"breadcrumb\":{\"@id\":\"https:\/\/stage.loncani.ca\/en\/about-us\/#breadcrumb\"},\"inLanguage\":\"fr-CA\",\"potentialAction\":[{\"@type\":\"ReadAction\",\"target\":[\"https:\/\/stage.loncani.ca\/en\/about-us\/\"]}]},{\"@type\":\"BreadcrumbList\",\"@id\":\"https:\/\/stage.loncani.ca\/en\/about-us\/#breadcrumb\",\"itemListElement\":[{\"@type\":\"ListItem\",\"position\":1,\"name\":\"Home\",\"item\":\"https:\/\/stage.loncani.ca\/\"},{\"@type\":\"ListItem\",\"position\":2,\"name\":\"About Us\"}]}]}<\/script>\n<!-- \/ Yoast SEO plugin. -->","yoast_head_json":{"title":"About Us - A Marketplace For Black-owned Beauty Businesses In Canada","description":"LONCANI intends to position itself as the black community\u2019s one-stop beauty & wellness shop by collaborating with black-Owned beauty businesses to grow their business.","robots":{"index":"noindex","follow":"follow","max-snippet":"max-snippet:-1","max-image-preview":"max-image-preview:large","max-video-preview":"max-video-preview:-1"},"og_locale":"fr_CA","og_type":"article","og_title":"About Us - A Marketplace For Black-owned Beauty Businesses In Canada","og_description":"LONCANI intends to position itself as the black community\u2019s one-stop beauty & wellness shop by collaborating with black-Owned beauty businesses to grow their business.","og_url":"https:\/\/stage.loncani.ca\/fr\/a-propos\/","og_site_name":"LONCANI Stage","article_modified_time":"2022-12-27T21:19:54+00:00","og_image":[{"width":2000,"height":2000,"url":"https:\/\/stage.loncani.ca\/wp-content\/uploads\/2022\/10\/logo3.png","type":"image\/png"}],"twitter_card":"summary_large_image","twitter_misc":{"Estimation du temps de lecture":"5 minutes"},"schema":{"@context":"https:\/\/schema.org","@graph":[{"@type":"WebSite","@id":"https:\/\/stage.loncani.ca\/#website","url":"https:\/\/stage.loncani.ca\/","name":"LONCANI Stage","description":"Black-Owned Beauty Marketplace","potentialAction":[{"@type":"SearchAction","target":{"@type":"EntryPoint","urlTemplate":"https:\/\/stage.loncani.ca\/?s={search_term_string}"},"query-input":"required name=search_term_string"}],"inLanguage":"fr-CA"},{"@type":"ImageObject","@id":"https:\/\/stage.loncani.ca\/en\/about-us\/#primaryimage","inLanguage":"fr-CA","url":"https:\/\/stage.loncani.ca\/wp-content\/uploads\/2022\/10\/logo3.png","contentUrl":"https:\/\/stage.loncani.ca\/wp-content\/uploads\/2022\/10\/logo3.png","width":2000,"height":2000,"caption":"LONCANI logo"},{"@type":"WebPage","@id":"https:\/\/stage.loncani.ca\/en\/about-us\/#webpage","url":"https:\/\/stage.loncani.ca\/en\/about-us\/","name":"About Us - A Marketplace For Black-owned Beauty Businesses In Canada","isPartOf":{"@id":"https:\/\/stage.loncani.ca\/#website"},"primaryImageOfPage":{"@id":"https:\/\/stage.loncani.ca\/en\/about-us\/#primaryimage"},"datePublished":"2021-06-03T09:32:26+00:00","dateModified":"2022-12-27T21:19:54+00:00","description":"LONCANI intends to position itself as the black community\u2019s one-stop beauty & wellness shop by collaborating with black-Owned beauty businesses to grow their business.","breadcrumb":{"@id":"https:\/\/stage.loncani.ca\/en\/about-us\/#breadcrumb"},"inLanguage":"fr-CA","potentialAction":[{"@type":"ReadAction","target":["https:\/\/stage.loncani.ca\/en\/about-us\/"]}]},{"@type":"BreadcrumbList","@id":"https:\/\/stage.loncani.ca\/en\/about-us\/#breadcrumb","itemListElement":[{"@type":"ListItem","position":1,"name":"Home","item":"https:\/\/stage.loncani.ca\/"},{"@type":"ListItem","position":2,"name":"About Us"}]}]}},"_links":{"self":[{"href":"https:\/\/stage.loncani.ca\/fr\/wp-json\/wp\/v2\/pages\/27540"}],"collection":[{"href":"https:\/\/stage.loncani.ca\/fr\/wp-json\/wp\/v2\/pages"}],"about":[{"href":"https:\/\/stage.loncani.ca\/fr\/wp-json\/wp\/v2\/types\/page"}],"author":[{"embeddable":true,"href":"https:\/\/stage.loncani.ca\/fr\/wp-json\/wp\/v2\/users\/90"}],"replies":[{"embeddable":true,"href":"https:\/\/stage.loncani.ca\/fr\/wp-json\/wp\/v2\/comments?post=27540"}],"version-history":[{"count":4,"href":"https:\/\/stage.loncani.ca\/fr\/wp-json\/wp\/v2\/pages\/27540\/revisions"}],"predecessor-version":[{"id":29281,"href":"https:\/\/stage.loncani.ca\/fr\/wp-json\/wp\/v2\/pages\/27540\/revisions\/29281"}],"wp:featuredmedia":[{"embeddable":true,"href":"https:\/\/stage.loncani.ca\/fr\/wp-json\/wp\/v2\/media\/28713"}],"wp:attachment":[{"href":"https:\/\/stage.loncani.ca\/fr\/wp-json\/wp\/v2\/media?parent=27540"}],"curies":[{"name":"wp","href":"https:\/\/api.w.org\/{rel}","templated":true}]}}