{"id":29976,"date":"2023-11-04T21:28:03","date_gmt":"2023-11-05T01:28:03","guid":{"rendered":"https:\/\/stage.loncani.ca\/updatetheme\/en\/shop\/uncategorized\/creme-visage-melanin-50g\/"},"modified":"2023-11-08T05:25:10","modified_gmt":"2023-11-08T10:25:10","slug":"creme-visage-melanin-50g","status":"publish","type":"product","link":"https:\/\/stage.loncani.ca\/en\/shop\/skin-care\/face-treatment\/creme-visage-melanin-50g\/","title":{"rendered":"Cr\u00e8me Visage Melanin 50g"},"content":{"rendered":"<p>D\u00e9couvrez Cr\u00e8me Visage Melanin 50g, la cr\u00e8me de correction des taches brunes et des pigments \u00e0 action rapide qui va r\u00e9volutionner votre routine beaut\u00e9. Formul\u00e9e avec des ingr\u00e9dients efficaces qui p\u00e9n\u00e8trent profond\u00e9ment dans la peau, cette cr\u00e8me estompe rapidement l\u2019apparence des taches brunes, des cicatrices d\u2019acn\u00e9, des taches de vieillesse et des t\u00e2ches de soleil.<\/p>\n<p>Cette cr\u00e8me est bien plus qu\u2019un simple hydratant pour la peau, c\u2019est le meilleur hydratant que vous puissiez trouver. Sa formule l\u00e9g\u00e8re et polyvalente en fait un produit id\u00e9al pour une utilisation quotidienne. Vous pouvez l\u2019utiliser comme un hydratant l\u00e9ger pour maintenir votre peau souple et douce, ou comme un masque de traitement pour unifier votre teint et pr\u00e9venir les dommages futurs.<\/p>\n<p>Gr\u00e2ce \u00e0 Cr\u00e8me Visage Melanin, votre teint devient progressivement plus uniforme. En seulement 2 \u00e0 3 semaines d\u2019utilisation r\u00e9guli\u00e8re, vous remarquerez une peau plus \u00e9clatante et lumineuse. Les probl\u00e8mes de pigmentation et les ridules seront moins visibles, vous offrant ainsi une apparence plus jeune et rayonnante.<\/p>\n<p>L\u2019application de cette cr\u00e8me est simple. Apr\u00e8s avoir nettoy\u00e9 et s\u00e9ch\u00e9 votre visage, appliquez une petite quantit\u00e9 sur l\u2019ensemble de la zone concern\u00e9e. Massez d\u00e9licatement la peau jusqu\u2019\u00e0 absorption compl\u00e8te. Pour des r\u00e9sultats optimaux, utilisez deux fois par jour.<\/p>\n<p>Votre s\u00e9curit\u00e9 est notre priorit\u00e9. Cr\u00e8me Visage Melanin est destin\u00e9e \u00e0 un usage externe uniquement. En cas de rougeur ou d\u2019irritation, cessez son utilisation. \u00c9vitez tout contact direct avec les yeux. Pour conserver la qualit\u00e9 du produit, conservez-le dans un endroit frais et sombre.<\/p>\n<p>Les ingr\u00e9dients de la cr\u00e8me comprennent de l\u2019eau, de l\u2019huile de coco biologique, de l\u2019huile de p\u00e9pins de raisin, des Aha, de la cire \u00e9mulsifiante, de l\u2019acide st\u00e9arique, de l\u2019alpha-arbutine, de la glyc\u00e9rine, de l\u2019acide kojique, de l\u2019extrait de racine de r\u00e9glisse biologique, de la gomme xanthane, de la vitamine E, du niacinamide, du ph\u00e9noxy\u00e9thanol et du diac\u00e9tate de glutamate t\u00e9trasodique.<\/p>\n<p>R\u00e9v\u00e9lez votre beaut\u00e9 naturelle avec Cr\u00e8me Visage Melanin 50g et profitez d\u2019une peau plus uniforme et \u00e9clatante d\u00e8s aujourd\u2019hui !<\/p>\n<script>\r\njQuery('.berocket_ww_container').each( function( i, o ) {\r\n    if ( jQuery(o).height() + 20 < jQuery(o).find('.berocket_ww_ul_container').height() && jQuery(o).find('.berocket_ww_show_all').length ) {\r\n        jQuery(o).find('.berocket_ww_show_all').show();\r\n    } else if( ! jQuery(o).find('.berocket_ww_show_all').length ) {\r\n        var $scroll_block = jQuery(o).find('.berocket_ww_list');\r\n        $scroll_block.css( {maxHeight: 'initial'} );\r\n    }\r\n});\r\n<\/script>\r\n","protected":false},"excerpt":{"rendered":"<p>Une cr\u00e8me de correction des taches brunes et des pigments \u00e0 action rapide, formul\u00e9e avec des ingr\u00e9dients efficaces qui p\u00e9n\u00e8trent profond\u00e9ment dans la peau pour estomper l\u2019apparence des taches brunes, des cicatrices d\u2019acn\u00e9, des taches de vieillesse et des t\u00e2ches de soleil.<\/p>\n","protected":false},"featured_media":29977,"comment_status":"open","ping_status":"closed","template":"","meta":{"pmpro_default_level":0},"product_cat":[423],"product_tag":[],"yoast_head":"<!-- This site is optimized with the Yoast SEO plugin v18.6 - https:\/\/yoast.com\/wordpress\/plugins\/seo\/ -->\n<title>Cr\u00e8me Visage Melanin 50g - LONCANI Stage<\/title>\n<meta name=\"robots\" content=\"noindex, follow, max-snippet:-1, max-image-preview:large, max-video-preview:-1\" \/>\n<meta property=\"og:locale\" content=\"en_US\" \/>\n<meta property=\"og:type\" content=\"article\" \/>\n<meta property=\"og:title\" content=\"Cr\u00e8me Visage Melanin 50g - LONCANI Stage\" \/>\n<meta property=\"og:description\" content=\"Une cr\u00e8me de correction des taches brunes et des pigments \u00e0 action rapide, formul\u00e9e avec des ingr\u00e9dients efficaces qui p\u00e9n\u00e8trent profond\u00e9ment dans la peau pour estomper l\u2019apparence des taches brunes, des cicatrices d\u2019acn\u00e9, des taches de vieillesse et des t\u00e2ches de soleil.\" \/>\n<meta property=\"og:url\" content=\"https:\/\/stage.loncani.ca\/en\/shop\/skin-care\/face-treatment\/creme-visage-melanin-50g\/\" \/>\n<meta property=\"og:site_name\" content=\"LONCANI Stage\" \/>\n<meta property=\"article:modified_time\" content=\"2023-11-08T10:25:10+00:00\" \/>\n<meta property=\"og:image\" content=\"https:\/\/stage.loncani.ca\/wp-content\/uploads\/2023\/11\/calvin-klein-jeans-reflective-logo-full-zip-1.jpg\" \/>\n\t<meta property=\"og:image:width\" content=\"800\" \/>\n\t<meta property=\"og:image:height\" content=\"800\" \/>\n\t<meta property=\"og:image:type\" content=\"image\/jpeg\" \/>\n<meta name=\"twitter:card\" content=\"summary_large_image\" \/>\n<meta name=\"twitter:label1\" content=\"Est. reading time\" \/>\n\t<meta name=\"twitter:data1\" content=\"2 minutes\" \/>\n<script type=\"application\/ld+json\" class=\"yoast-schema-graph\">{\"@context\":\"https:\/\/schema.org\",\"@graph\":[{\"@type\":\"WebSite\",\"@id\":\"https:\/\/stage.loncani.ca\/#website\",\"url\":\"https:\/\/stage.loncani.ca\/\",\"name\":\"LONCANI Stage\",\"description\":\"Black-Owned Beauty Marketplace\",\"potentialAction\":[{\"@type\":\"SearchAction\",\"target\":{\"@type\":\"EntryPoint\",\"urlTemplate\":\"https:\/\/stage.loncani.ca\/?s={search_term_string}\"},\"query-input\":\"required name=search_term_string\"}],\"inLanguage\":\"en-CA\"},{\"@type\":\"ImageObject\",\"@id\":\"https:\/\/stage.loncani.ca\/en\/shop\/skin-care\/face-treatment\/creme-visage-melanin-50g\/#primaryimage\",\"inLanguage\":\"en-CA\",\"url\":\"https:\/\/stage.loncani.ca\/wp-content\/uploads\/2023\/11\/calvin-klein-jeans-reflective-logo-full-zip-1.jpg\",\"contentUrl\":\"https:\/\/stage.loncani.ca\/wp-content\/uploads\/2023\/11\/calvin-klein-jeans-reflective-logo-full-zip-1.jpg\",\"width\":800,\"height\":800},{\"@type\":\"WebPage\",\"@id\":\"https:\/\/stage.loncani.ca\/en\/shop\/skin-care\/face-treatment\/creme-visage-melanin-50g\/#webpage\",\"url\":\"https:\/\/stage.loncani.ca\/en\/shop\/skin-care\/face-treatment\/creme-visage-melanin-50g\/\",\"name\":\"Cr\u00e8me Visage Melanin 50g - LONCANI Stage\",\"isPartOf\":{\"@id\":\"https:\/\/stage.loncani.ca\/#website\"},\"primaryImageOfPage\":{\"@id\":\"https:\/\/stage.loncani.ca\/en\/shop\/skin-care\/face-treatment\/creme-visage-melanin-50g\/#primaryimage\"},\"datePublished\":\"2023-11-05T01:28:03+00:00\",\"dateModified\":\"2023-11-08T10:25:10+00:00\",\"breadcrumb\":{\"@id\":\"https:\/\/stage.loncani.ca\/en\/shop\/skin-care\/face-treatment\/creme-visage-melanin-50g\/#breadcrumb\"},\"inLanguage\":\"en-CA\",\"potentialAction\":[{\"@type\":\"ReadAction\",\"target\":[\"https:\/\/stage.loncani.ca\/en\/shop\/skin-care\/face-treatment\/creme-visage-melanin-50g\/\"]}]},{\"@type\":\"BreadcrumbList\",\"@id\":\"https:\/\/stage.loncani.ca\/en\/shop\/skin-care\/face-treatment\/creme-visage-melanin-50g\/#breadcrumb\",\"itemListElement\":[{\"@type\":\"ListItem\",\"position\":1,\"name\":\"Home\",\"item\":\"https:\/\/stage.loncani.ca\/\"},{\"@type\":\"ListItem\",\"position\":2,\"name\":\"Shop\",\"item\":\"https:\/\/stage.loncani.ca\/en\/shop\/\"},{\"@type\":\"ListItem\",\"position\":3,\"name\":\"Cr\u00e8me Visage Melanin 50g\"}]}]}<\/script>\n<!-- \/ Yoast SEO plugin. -->","yoast_head_json":{"title":"Cr\u00e8me Visage Melanin 50g - LONCANI Stage","robots":{"index":"noindex","follow":"follow","max-snippet":"max-snippet:-1","max-image-preview":"max-image-preview:large","max-video-preview":"max-video-preview:-1"},"og_locale":"en_US","og_type":"article","og_title":"Cr\u00e8me Visage Melanin 50g - LONCANI Stage","og_description":"Une cr\u00e8me de correction des taches brunes et des pigments \u00e0 action rapide, formul\u00e9e avec des ingr\u00e9dients efficaces qui p\u00e9n\u00e8trent profond\u00e9ment dans la peau pour estomper l\u2019apparence des taches brunes, des cicatrices d\u2019acn\u00e9, des taches de vieillesse et des t\u00e2ches de soleil.","og_url":"https:\/\/stage.loncani.ca\/en\/shop\/skin-care\/face-treatment\/creme-visage-melanin-50g\/","og_site_name":"LONCANI Stage","article_modified_time":"2023-11-08T10:25:10+00:00","og_image":[{"width":800,"height":800,"url":"https:\/\/stage.loncani.ca\/wp-content\/uploads\/2023\/11\/calvin-klein-jeans-reflective-logo-full-zip-1.jpg","type":"image\/jpeg"}],"twitter_card":"summary_large_image","twitter_misc":{"Est. reading time":"2 minutes"},"schema":{"@context":"https:\/\/schema.org","@graph":[{"@type":"WebSite","@id":"https:\/\/stage.loncani.ca\/#website","url":"https:\/\/stage.loncani.ca\/","name":"LONCANI Stage","description":"Black-Owned Beauty Marketplace","potentialAction":[{"@type":"SearchAction","target":{"@type":"EntryPoint","urlTemplate":"https:\/\/stage.loncani.ca\/?s={search_term_string}"},"query-input":"required name=search_term_string"}],"inLanguage":"en-CA"},{"@type":"ImageObject","@id":"https:\/\/stage.loncani.ca\/en\/shop\/skin-care\/face-treatment\/creme-visage-melanin-50g\/#primaryimage","inLanguage":"en-CA","url":"https:\/\/stage.loncani.ca\/wp-content\/uploads\/2023\/11\/calvin-klein-jeans-reflective-logo-full-zip-1.jpg","contentUrl":"https:\/\/stage.loncani.ca\/wp-content\/uploads\/2023\/11\/calvin-klein-jeans-reflective-logo-full-zip-1.jpg","width":800,"height":800},{"@type":"WebPage","@id":"https:\/\/stage.loncani.ca\/en\/shop\/skin-care\/face-treatment\/creme-visage-melanin-50g\/#webpage","url":"https:\/\/stage.loncani.ca\/en\/shop\/skin-care\/face-treatment\/creme-visage-melanin-50g\/","name":"Cr\u00e8me Visage Melanin 50g - LONCANI Stage","isPartOf":{"@id":"https:\/\/stage.loncani.ca\/#website"},"primaryImageOfPage":{"@id":"https:\/\/stage.loncani.ca\/en\/shop\/skin-care\/face-treatment\/creme-visage-melanin-50g\/#primaryimage"},"datePublished":"2023-11-05T01:28:03+00:00","dateModified":"2023-11-08T10:25:10+00:00","breadcrumb":{"@id":"https:\/\/stage.loncani.ca\/en\/shop\/skin-care\/face-treatment\/creme-visage-melanin-50g\/#breadcrumb"},"inLanguage":"en-CA","potentialAction":[{"@type":"ReadAction","target":["https:\/\/stage.loncani.ca\/en\/shop\/skin-care\/face-treatment\/creme-visage-melanin-50g\/"]}]},{"@type":"BreadcrumbList","@id":"https:\/\/stage.loncani.ca\/en\/shop\/skin-care\/face-treatment\/creme-visage-melanin-50g\/#breadcrumb","itemListElement":[{"@type":"ListItem","position":1,"name":"Home","item":"https:\/\/stage.loncani.ca\/"},{"@type":"ListItem","position":2,"name":"Shop","item":"https:\/\/stage.loncani.ca\/en\/shop\/"},{"@type":"ListItem","position":3,"name":"Cr\u00e8me Visage Melanin 50g"}]}]}},"_links":{"self":[{"href":"https:\/\/stage.loncani.ca\/en\/wp-json\/wp\/v2\/product\/29976"}],"collection":[{"href":"https:\/\/stage.loncani.ca\/en\/wp-json\/wp\/v2\/product"}],"about":[{"href":"https:\/\/stage.loncani.ca\/en\/wp-json\/wp\/v2\/types\/product"}],"replies":[{"embeddable":true,"href":"https:\/\/stage.loncani.ca\/en\/wp-json\/wp\/v2\/comments?post=29976"}],"wp:featuredmedia":[{"embeddable":true,"href":"https:\/\/stage.loncani.ca\/en\/wp-json\/wp\/v2\/media\/29977"}],"wp:attachment":[{"href":"https:\/\/stage.loncani.ca\/en\/wp-json\/wp\/v2\/media?parent=29976"}],"wp:term":[{"taxonomy":"product_cat","embeddable":true,"href":"https:\/\/stage.loncani.ca\/en\/wp-json\/wp\/v2\/product_cat?post=29976"},{"taxonomy":"product_tag","embeddable":true,"href":"https:\/\/stage.loncani.ca\/en\/wp-json\/wp\/v2\/product_tag?post=29976"}],"curies":[{"name":"wp","href":"https:\/\/api.w.org\/{rel}","templated":true}]}}