{"id":29975,"date":"2023-11-04T21:26:50","date_gmt":"2023-11-05T01:26:50","guid":{"rendered":"https:\/\/stage.loncani.ca\/updatetheme\/en\/shop\/uncategorized\/gelules-melanin-60-capsules-160-00\/"},"modified":"2023-11-04T21:26:50","modified_gmt":"2023-11-05T01:26:50","slug":"gelules-melanin-60-capsules-160-00","status":"publish","type":"product","link":"https:\/\/stage.loncani.ca\/en\/shop\/skin-care\/body-treatment\/gelules-melanin-60-capsules-160-00\/","title":{"rendered":"G\u00e9lules Melanin 60 Capsules $160.00"},"content":{"rendered":"<p style=\"margin: 0px 0px 15px;padding: 0px;line-height: 28px;font-family: 'Open Sans'\">Pour un teint plus \u00e9clatant, essayez les capsules Lait Melanin 500 ML. Ces capsules miraculeuses offrent des propri\u00e9t\u00e9s extraordinaires pour la beaut\u00e9 de la peau et du corps.<\/p>\n<p style=\"margin: 0px 0px 15px;padding: 0px;line-height: 28px;font-family: 'Open Sans'\">Les r\u00e9sultats sur la peau apr\u00e8s avoir pris les capsules Goddess Skin sont remarquables. Vous constaterez une nette am\u00e9lioration de la sant\u00e9 de votre peau, qui devient plus lisse et plus belle.<\/p>\n<p style=\"margin: 0px 0px 15px;padding: 0px;line-height: 28px;font-family: 'Open Sans'\">Si vous avez des probl\u00e8mes de peau tels que l\u2019acn\u00e9 et les boutons, l\u2019action d\u00e9toxifiante des capsules vous aidera rapidement. Votre peau deviendra plus propre, moins sujette aux boutons et plus mate. Elle sera plus claire et plus douce sans avoir besoin de nombreux produits cosm\u00e9tiques encombrants.<\/p>\n<p style=\"margin: 0px 0px 15px;padding: 0px;line-height: 28px;font-family: 'Open Sans'\">En prenant ces g\u00e9lules, vous pourrez \u00e9galement r\u00e9duire le nombre de produits de beaut\u00e9 dans votre maison et dans votre placard.<\/p>\n<p style=\"margin: 0px 0px 15px;padding: 0px;line-height: 28px;font-family: 'Open Sans'\"><strong style=\"margin: 0px;padding: 0px\">Comment fonctionne le Glutathion + Vitamine C de Goddess Skin ?<\/strong><\/p>\n<p style=\"margin: 0px 0px 15px;padding: 0px;line-height: 28px;font-family: 'Open Sans'\">Tout d\u2019abord, gr\u00e2ce \u00e0 sa composition, il ralentit consid\u00e9rablement le vieillissement en \u00e9liminant les toxines responsables des rides et des taches sur la peau. Les capsules Goddess Skin contiennent 3 acides amin\u00e9s importants qui redonnent vitalit\u00e9, jeunesse et \u00e9nergie \u00e0 la peau.<\/p>\n<p style=\"margin: 0px 0px 15px;padding: 0px;line-height: 28px;font-family: 'Open Sans'\">De plus, elles renferment \u00e9galement de la vitamine C, de la vitamine E et du Liposomal qui agissent comme de puissants antioxydants pour r\u00e9duire les toxines et les mauvaises graisses dans le corps et sur la peau. Votre peau retrouvera une nouvelle jeunesse et vous retrouverez votre \u00e9nergie.<\/p>\n<p style=\"margin: 0px 0px 15px;padding: 0px;line-height: 28px;font-family: 'Open Sans'\"><strong style=\"margin: 0px;padding: 0px\">Ingr\u00e9dients :<\/strong><\/p>\n<p style=\"margin: 0px 0px 15px;padding: 0px;line-height: 28px;font-family: 'Open Sans'\">Glutathion, acide alpha-lipo\u00efque, vitamine C, cellulose microcristalline, st\u00e9arate de magn\u00e9sium, phosphate bicalcique, enrobage (hypromellose, glyc\u00e9rine).<\/p>\n<p style=\"margin: 0px 0px 15px;padding: 0px;line-height: 28px;font-family: 'Open Sans'\">Prenez 2 capsules par jour le matin avant les repas.<\/p>\n<p style=\"margin: 0px 0px 15px;padding: 0px;line-height: 28px;font-family: 'Open Sans'\">Conservez-les dans un endroit frais et sec. Gardez-les hors de port\u00e9e des enfants.<\/p>\n<p style=\"margin: 0px 0px 15px;padding: 0px;line-height: 28px;font-family: 'Open Sans'\">Offrez \u00e0 votre peau le soin qu\u2019elle m\u00e9rite avec les capsules Lait Melanin 500 ML.<\/p>\n<script>\r\njQuery('.berocket_ww_container').each( function( i, o ) {\r\n    if ( jQuery(o).height() + 20 < jQuery(o).find('.berocket_ww_ul_container').height() && jQuery(o).find('.berocket_ww_show_all').length ) {\r\n        jQuery(o).find('.berocket_ww_show_all').show();\r\n    } else if( ! jQuery(o).find('.berocket_ww_show_all').length ) {\r\n        var $scroll_block = jQuery(o).find('.berocket_ww_list');\r\n        $scroll_block.css( {maxHeight: 'initial'} );\r\n    }\r\n});\r\n<\/script>\r\n","protected":false},"excerpt":{"rendered":"<p>Pour un teint plus \u00e9clatant, nous vous proposons cette capsule miracle ! Elle a aussi d\u2019autres propri\u00e9t\u00e9s encore plus extraordinaires pour la beaut\u00e9 de notre peau et pour notre corps.<\/p>\n","protected":false},"featured_media":29974,"comment_status":"open","ping_status":"closed","template":"","meta":{"pmpro_default_level":0},"product_cat":[424],"product_tag":[],"yoast_head":"<!-- This site is optimized with the Yoast SEO plugin v18.6 - https:\/\/yoast.com\/wordpress\/plugins\/seo\/ -->\n<title>G\u00e9lules Melanin 60 Capsules $160.00 - LONCANI Stage<\/title>\n<meta name=\"robots\" content=\"noindex, follow, max-snippet:-1, max-image-preview:large, max-video-preview:-1\" \/>\n<meta property=\"og:locale\" content=\"en_US\" \/>\n<meta property=\"og:type\" content=\"article\" \/>\n<meta property=\"og:title\" content=\"G\u00e9lules Melanin 60 Capsules $160.00 - LONCANI Stage\" \/>\n<meta property=\"og:description\" content=\"Pour un teint plus \u00e9clatant, nous vous proposons cette capsule miracle ! Elle a aussi d\u2019autres propri\u00e9t\u00e9s encore plus extraordinaires pour la beaut\u00e9 de notre peau et pour notre corps.\" \/>\n<meta property=\"og:url\" content=\"https:\/\/stage.loncani.ca\/en\/shop\/skin-care\/body-treatment\/gelules-melanin-60-capsules-160-00\/\" \/>\n<meta property=\"og:site_name\" content=\"LONCANI Stage\" \/>\n<meta property=\"og:image\" content=\"https:\/\/stage.loncani.ca\/wp-content\/uploads\/2023\/11\/gelules-melanin-60-capsules.jpg\" \/>\n\t<meta property=\"og:image:width\" content=\"800\" \/>\n\t<meta property=\"og:image:height\" content=\"800\" \/>\n\t<meta property=\"og:image:type\" content=\"image\/jpeg\" \/>\n<meta name=\"twitter:card\" content=\"summary_large_image\" \/>\n<meta name=\"twitter:label1\" content=\"Est. reading time\" \/>\n\t<meta name=\"twitter:data1\" content=\"1 minute\" \/>\n<script type=\"application\/ld+json\" class=\"yoast-schema-graph\">{\"@context\":\"https:\/\/schema.org\",\"@graph\":[{\"@type\":\"WebSite\",\"@id\":\"https:\/\/stage.loncani.ca\/#website\",\"url\":\"https:\/\/stage.loncani.ca\/\",\"name\":\"LONCANI Stage\",\"description\":\"Black-Owned Beauty Marketplace\",\"potentialAction\":[{\"@type\":\"SearchAction\",\"target\":{\"@type\":\"EntryPoint\",\"urlTemplate\":\"https:\/\/stage.loncani.ca\/?s={search_term_string}\"},\"query-input\":\"required name=search_term_string\"}],\"inLanguage\":\"en-CA\"},{\"@type\":\"ImageObject\",\"@id\":\"https:\/\/stage.loncani.ca\/en\/shop\/skin-care\/body-treatment\/gelules-melanin-60-capsules-160-00\/#primaryimage\",\"inLanguage\":\"en-CA\",\"url\":\"https:\/\/stage.loncani.ca\/wp-content\/uploads\/2023\/11\/gelules-melanin-60-capsules.jpg\",\"contentUrl\":\"https:\/\/stage.loncani.ca\/wp-content\/uploads\/2023\/11\/gelules-melanin-60-capsules.jpg\",\"width\":800,\"height\":800},{\"@type\":\"WebPage\",\"@id\":\"https:\/\/stage.loncani.ca\/en\/shop\/skin-care\/body-treatment\/gelules-melanin-60-capsules-160-00\/#webpage\",\"url\":\"https:\/\/stage.loncani.ca\/en\/shop\/skin-care\/body-treatment\/gelules-melanin-60-capsules-160-00\/\",\"name\":\"G\u00e9lules Melanin 60 Capsules $160.00 - LONCANI Stage\",\"isPartOf\":{\"@id\":\"https:\/\/stage.loncani.ca\/#website\"},\"primaryImageOfPage\":{\"@id\":\"https:\/\/stage.loncani.ca\/en\/shop\/skin-care\/body-treatment\/gelules-melanin-60-capsules-160-00\/#primaryimage\"},\"datePublished\":\"2023-11-05T01:26:50+00:00\",\"dateModified\":\"2023-11-05T01:26:50+00:00\",\"breadcrumb\":{\"@id\":\"https:\/\/stage.loncani.ca\/en\/shop\/skin-care\/body-treatment\/gelules-melanin-60-capsules-160-00\/#breadcrumb\"},\"inLanguage\":\"en-CA\",\"potentialAction\":[{\"@type\":\"ReadAction\",\"target\":[\"https:\/\/stage.loncani.ca\/en\/shop\/skin-care\/body-treatment\/gelules-melanin-60-capsules-160-00\/\"]}]},{\"@type\":\"BreadcrumbList\",\"@id\":\"https:\/\/stage.loncani.ca\/en\/shop\/skin-care\/body-treatment\/gelules-melanin-60-capsules-160-00\/#breadcrumb\",\"itemListElement\":[{\"@type\":\"ListItem\",\"position\":1,\"name\":\"Home\",\"item\":\"https:\/\/stage.loncani.ca\/\"},{\"@type\":\"ListItem\",\"position\":2,\"name\":\"Shop\",\"item\":\"https:\/\/stage.loncani.ca\/en\/shop\/\"},{\"@type\":\"ListItem\",\"position\":3,\"name\":\"G\u00e9lules Melanin 60 Capsules $160.00\"}]}]}<\/script>\n<!-- \/ Yoast SEO plugin. -->","yoast_head_json":{"title":"G\u00e9lules Melanin 60 Capsules $160.00 - LONCANI Stage","robots":{"index":"noindex","follow":"follow","max-snippet":"max-snippet:-1","max-image-preview":"max-image-preview:large","max-video-preview":"max-video-preview:-1"},"og_locale":"en_US","og_type":"article","og_title":"G\u00e9lules Melanin 60 Capsules $160.00 - LONCANI Stage","og_description":"Pour un teint plus \u00e9clatant, nous vous proposons cette capsule miracle ! Elle a aussi d\u2019autres propri\u00e9t\u00e9s encore plus extraordinaires pour la beaut\u00e9 de notre peau et pour notre corps.","og_url":"https:\/\/stage.loncani.ca\/en\/shop\/skin-care\/body-treatment\/gelules-melanin-60-capsules-160-00\/","og_site_name":"LONCANI Stage","og_image":[{"width":800,"height":800,"url":"https:\/\/stage.loncani.ca\/wp-content\/uploads\/2023\/11\/gelules-melanin-60-capsules.jpg","type":"image\/jpeg"}],"twitter_card":"summary_large_image","twitter_misc":{"Est. reading time":"1 minute"},"schema":{"@context":"https:\/\/schema.org","@graph":[{"@type":"WebSite","@id":"https:\/\/stage.loncani.ca\/#website","url":"https:\/\/stage.loncani.ca\/","name":"LONCANI Stage","description":"Black-Owned Beauty Marketplace","potentialAction":[{"@type":"SearchAction","target":{"@type":"EntryPoint","urlTemplate":"https:\/\/stage.loncani.ca\/?s={search_term_string}"},"query-input":"required name=search_term_string"}],"inLanguage":"en-CA"},{"@type":"ImageObject","@id":"https:\/\/stage.loncani.ca\/en\/shop\/skin-care\/body-treatment\/gelules-melanin-60-capsules-160-00\/#primaryimage","inLanguage":"en-CA","url":"https:\/\/stage.loncani.ca\/wp-content\/uploads\/2023\/11\/gelules-melanin-60-capsules.jpg","contentUrl":"https:\/\/stage.loncani.ca\/wp-content\/uploads\/2023\/11\/gelules-melanin-60-capsules.jpg","width":800,"height":800},{"@type":"WebPage","@id":"https:\/\/stage.loncani.ca\/en\/shop\/skin-care\/body-treatment\/gelules-melanin-60-capsules-160-00\/#webpage","url":"https:\/\/stage.loncani.ca\/en\/shop\/skin-care\/body-treatment\/gelules-melanin-60-capsules-160-00\/","name":"G\u00e9lules Melanin 60 Capsules $160.00 - LONCANI Stage","isPartOf":{"@id":"https:\/\/stage.loncani.ca\/#website"},"primaryImageOfPage":{"@id":"https:\/\/stage.loncani.ca\/en\/shop\/skin-care\/body-treatment\/gelules-melanin-60-capsules-160-00\/#primaryimage"},"datePublished":"2023-11-05T01:26:50+00:00","dateModified":"2023-11-05T01:26:50+00:00","breadcrumb":{"@id":"https:\/\/stage.loncani.ca\/en\/shop\/skin-care\/body-treatment\/gelules-melanin-60-capsules-160-00\/#breadcrumb"},"inLanguage":"en-CA","potentialAction":[{"@type":"ReadAction","target":["https:\/\/stage.loncani.ca\/en\/shop\/skin-care\/body-treatment\/gelules-melanin-60-capsules-160-00\/"]}]},{"@type":"BreadcrumbList","@id":"https:\/\/stage.loncani.ca\/en\/shop\/skin-care\/body-treatment\/gelules-melanin-60-capsules-160-00\/#breadcrumb","itemListElement":[{"@type":"ListItem","position":1,"name":"Home","item":"https:\/\/stage.loncani.ca\/"},{"@type":"ListItem","position":2,"name":"Shop","item":"https:\/\/stage.loncani.ca\/en\/shop\/"},{"@type":"ListItem","position":3,"name":"G\u00e9lules Melanin 60 Capsules $160.00"}]}]}},"_links":{"self":[{"href":"https:\/\/stage.loncani.ca\/en\/wp-json\/wp\/v2\/product\/29975"}],"collection":[{"href":"https:\/\/stage.loncani.ca\/en\/wp-json\/wp\/v2\/product"}],"about":[{"href":"https:\/\/stage.loncani.ca\/en\/wp-json\/wp\/v2\/types\/product"}],"replies":[{"embeddable":true,"href":"https:\/\/stage.loncani.ca\/en\/wp-json\/wp\/v2\/comments?post=29975"}],"wp:featuredmedia":[{"embeddable":true,"href":"https:\/\/stage.loncani.ca\/en\/wp-json\/wp\/v2\/media\/29974"}],"wp:attachment":[{"href":"https:\/\/stage.loncani.ca\/en\/wp-json\/wp\/v2\/media?parent=29975"}],"wp:term":[{"taxonomy":"product_cat","embeddable":true,"href":"https:\/\/stage.loncani.ca\/en\/wp-json\/wp\/v2\/product_cat?post=29975"},{"taxonomy":"product_tag","embeddable":true,"href":"https:\/\/stage.loncani.ca\/en\/wp-json\/wp\/v2\/product_tag?post=29975"}],"curies":[{"name":"wp","href":"https:\/\/api.w.org\/{rel}","templated":true}]}}