{"id":29717,"date":"2023-08-29T20:34:03","date_gmt":"2023-08-30T00:34:03","guid":{"rendered":"https:\/\/stage.loncani.ca\/updatetheme\/en\/shop\/uncategorized\/mattemoiselle-plush-matte-lipstick\/"},"modified":"2023-08-29T20:37:03","modified_gmt":"2023-08-30T00:37:03","slug":"mattemoiselle-plush-matte-lipstick","status":"publish","type":"product","link":"https:\/\/stage.loncani.ca\/en\/shop\/listeo-booking\/mattemoiselle-plush-matte-lipstick\/","title":{"rendered":"Mattemoiselle Plush Matte Lipstick"},"content":{"rendered":"<p style=\"font-family: Montserrat, sans-serif;font-size: 14.4px;letter-spacing: 0.54px\">Pour notre boite num\u00e9ro 4, nous avons le plaisir de vous pr\u00e9senter la marque Kay\u00e8l Naturals.<\/p>\n<p class=\"font_8 wixui-rich-text__text\" style=\"font-family: Montserrat, sans-serif;font-size: 14.4px;letter-spacing: 0.54px\"><span class=\"wixui-rich-text__text\">Kay\u00e8l, est un d\u00e9riv\u00e9 des mots saint-luciens kw\u00e9y\u00f2l (cr\u00e9ole)\u00a0la-kay\u00a0signifiant \u00abmaison\u00bb et\u00a0ay\u00e8l\u00a0signifiant \u00abanc\u00eatres\u00bb, rendant hommage \u00e0 la riche culture et aux racines ancestrales des c\u00f4tes tropicales des Cara\u00efbes et des r\u00e9gions c\u00f4ti\u00e8res d&#8217;Afrique.<\/span><\/p>\n<p>&nbsp;<\/p>\n<p>La boite num\u00e9ro 4 est en\u00a0<strong>pr\u00e9commande jusqu&#8217;au\u00a004 septembre 2023<\/strong>.<\/p>\n<p><strong>Produits inclus dans ta boite:<\/strong><\/p>\n<p><em>\u00a0<\/em><span style=\"font-weight: 400\">&#8211;\u00a0<strong>Un shampoing\u00a0doux coco, avocat et citronnelle (8oz)<\/strong><\/span><\/p>\n<p><span style=\"font-weight: 400\">&#8211;\u00a0<strong>Un\u00a0conditioner au bambou et huile de jojoba (8oz)<\/strong><\/span><\/p>\n<p><span style=\"font-weight: 400\">&#8211;\u00a0<strong>Un\u00a0leave-in sans rin\u00e7age coco et beurre de cacao (8oz)<\/strong><\/span><\/p>\n<p><span style=\"font-weight: 400\"><strong>&#8211;\u00a0Un\u00a0beurre capillaire \u00e0 la mangue\u00a0(8oz)<\/strong><\/span><\/p>\n<p><strong>Les bienfaits de cette gamme:<\/strong><\/p>\n<p class=\"font_8 wixui-rich-text__text\" style=\"font-family: Montserrat, sans-serif;font-size: 14.4px;letter-spacing: 0.54px\"><span class=\"wixui-rich-text__text\">\u00a0<\/span><\/p>\n<script>\r\njQuery('.berocket_ww_container').each( function( i, o ) {\r\n    if ( jQuery(o).height() + 20 < jQuery(o).find('.berocket_ww_ul_container').height() && jQuery(o).find('.berocket_ww_show_all').length ) {\r\n        jQuery(o).find('.berocket_ww_show_all').show();\r\n    } else if( ! jQuery(o).find('.berocket_ww_show_all').length ) {\r\n        var $scroll_block = jQuery(o).find('.berocket_ww_list');\r\n        $scroll_block.css( {maxHeight: 'initial'} );\r\n    }\r\n});\r\n<\/script>\r\n","protected":false},"excerpt":{"rendered":"<p>Pour notre boite num\u00e9ro 4, nous avons le plaisir de vous pr\u00e9senter la marque Kay\u00e8l Naturals.<\/p>\n<p class=\"font_8 wixui-rich-text__text\"><span class=\"wixui-rich-text__text\">Kay\u00e8l, est un d\u00e9riv\u00e9 des mots saint-luciens kw\u00e9y\u00f2l (cr\u00e9ole)\u00a0la-kay\u00a0signifiant \u00abmaison\u00bb et\u00a0ay\u00e8l\u00a0signifiant \u00abanc\u00eatres\u00bb, rendant hommage \u00e0 la riche culture et aux racines ancestrales des c\u00f4tes tropicales des Cara\u00efbes et des r\u00e9gions c\u00f4ti\u00e8res d&#8217;Afrique.<\/span><\/p>\n","protected":false},"featured_media":28325,"comment_status":"open","ping_status":"closed","template":"","meta":{"pmpro_default_level":0},"product_cat":[328],"product_tag":[],"yoast_head":"<!-- This site is optimized with the Yoast SEO plugin v18.6 - https:\/\/yoast.com\/wordpress\/plugins\/seo\/ -->\n<title>Mattemoiselle Plush Matte Lipstick - LONCANI Stage<\/title>\n<meta name=\"robots\" content=\"noindex, follow, max-snippet:-1, max-image-preview:large, max-video-preview:-1\" \/>\n<meta property=\"og:locale\" content=\"en_US\" \/>\n<meta property=\"og:type\" content=\"article\" \/>\n<meta property=\"og:title\" content=\"Mattemoiselle Plush Matte Lipstick - LONCANI Stage\" \/>\n<meta property=\"og:description\" content=\"Pour notre boite num\u00e9ro 4, nous avons le plaisir de vous pr\u00e9senter la marque Kay\u00e8l Naturals. Kay\u00e8l, est un d\u00e9riv\u00e9 des mots saint-luciens kw\u00e9y\u00f2l (cr\u00e9ole)\u00a0la-kay\u00a0signifiant \u00abmaison\u00bb et\u00a0ay\u00e8l\u00a0signifiant \u00abanc\u00eatres\u00bb, rendant hommage \u00e0 la riche culture et aux racines ancestrales des c\u00f4tes tropicales des Cara\u00efbes et des r\u00e9gions c\u00f4ti\u00e8res d&#039;Afrique.\" \/>\n<meta property=\"og:url\" content=\"https:\/\/stage.loncani.ca\/en\/shop\/listeo-booking\/mattemoiselle-plush-matte-lipstick\/\" \/>\n<meta property=\"og:site_name\" content=\"LONCANI Stage\" \/>\n<meta property=\"article:modified_time\" content=\"2023-08-30T00:37:03+00:00\" \/>\n<meta property=\"og:image\" content=\"https:\/\/stage.loncani.ca\/wp-content\/uploads\/2022\/08\/IMG_3B15C25B91B4-1.jpg\" \/>\n\t<meta property=\"og:image:width\" content=\"1284\" \/>\n\t<meta property=\"og:image:height\" content=\"2295\" \/>\n\t<meta property=\"og:image:type\" content=\"image\/jpeg\" \/>\n<meta name=\"twitter:card\" content=\"summary_large_image\" \/>\n<meta name=\"twitter:label1\" content=\"Est. reading time\" \/>\n\t<meta name=\"twitter:data1\" content=\"1 minute\" \/>\n<script type=\"application\/ld+json\" class=\"yoast-schema-graph\">{\"@context\":\"https:\/\/schema.org\",\"@graph\":[{\"@type\":\"WebSite\",\"@id\":\"https:\/\/stage.loncani.ca\/#website\",\"url\":\"https:\/\/stage.loncani.ca\/\",\"name\":\"LONCANI Stage\",\"description\":\"Black-Owned Beauty Marketplace\",\"potentialAction\":[{\"@type\":\"SearchAction\",\"target\":{\"@type\":\"EntryPoint\",\"urlTemplate\":\"https:\/\/stage.loncani.ca\/?s={search_term_string}\"},\"query-input\":\"required name=search_term_string\"}],\"inLanguage\":\"en-CA\"},{\"@type\":\"ImageObject\",\"@id\":\"https:\/\/stage.loncani.ca\/en\/shop\/listeo-booking\/mattemoiselle-plush-matte-lipstick\/#primaryimage\",\"inLanguage\":\"en-CA\",\"url\":\"https:\/\/stage.loncani.ca\/wp-content\/uploads\/2022\/08\/IMG_3B15C25B91B4-1.jpg\",\"contentUrl\":\"https:\/\/stage.loncani.ca\/wp-content\/uploads\/2022\/08\/IMG_3B15C25B91B4-1.jpg\",\"width\":1284,\"height\":2295},{\"@type\":\"WebPage\",\"@id\":\"https:\/\/stage.loncani.ca\/en\/shop\/listeo-booking\/mattemoiselle-plush-matte-lipstick\/#webpage\",\"url\":\"https:\/\/stage.loncani.ca\/en\/shop\/listeo-booking\/mattemoiselle-plush-matte-lipstick\/\",\"name\":\"Mattemoiselle Plush Matte Lipstick - LONCANI Stage\",\"isPartOf\":{\"@id\":\"https:\/\/stage.loncani.ca\/#website\"},\"primaryImageOfPage\":{\"@id\":\"https:\/\/stage.loncani.ca\/en\/shop\/listeo-booking\/mattemoiselle-plush-matte-lipstick\/#primaryimage\"},\"datePublished\":\"2023-08-30T00:34:03+00:00\",\"dateModified\":\"2023-08-30T00:37:03+00:00\",\"breadcrumb\":{\"@id\":\"https:\/\/stage.loncani.ca\/en\/shop\/listeo-booking\/mattemoiselle-plush-matte-lipstick\/#breadcrumb\"},\"inLanguage\":\"en-CA\",\"potentialAction\":[{\"@type\":\"ReadAction\",\"target\":[\"https:\/\/stage.loncani.ca\/en\/shop\/listeo-booking\/mattemoiselle-plush-matte-lipstick\/\"]}]},{\"@type\":\"BreadcrumbList\",\"@id\":\"https:\/\/stage.loncani.ca\/en\/shop\/listeo-booking\/mattemoiselle-plush-matte-lipstick\/#breadcrumb\",\"itemListElement\":[{\"@type\":\"ListItem\",\"position\":1,\"name\":\"Home\",\"item\":\"https:\/\/stage.loncani.ca\/\"},{\"@type\":\"ListItem\",\"position\":2,\"name\":\"Shop\",\"item\":\"https:\/\/stage.loncani.ca\/en\/shop\/\"},{\"@type\":\"ListItem\",\"position\":3,\"name\":\"Mattemoiselle Plush Matte Lipstick\"}]}]}<\/script>\n<!-- \/ Yoast SEO plugin. -->","yoast_head_json":{"title":"Mattemoiselle Plush Matte Lipstick - LONCANI Stage","robots":{"index":"noindex","follow":"follow","max-snippet":"max-snippet:-1","max-image-preview":"max-image-preview:large","max-video-preview":"max-video-preview:-1"},"og_locale":"en_US","og_type":"article","og_title":"Mattemoiselle Plush Matte Lipstick - LONCANI Stage","og_description":"Pour notre boite num\u00e9ro 4, nous avons le plaisir de vous pr\u00e9senter la marque Kay\u00e8l Naturals. Kay\u00e8l, est un d\u00e9riv\u00e9 des mots saint-luciens kw\u00e9y\u00f2l (cr\u00e9ole)\u00a0la-kay\u00a0signifiant \u00abmaison\u00bb et\u00a0ay\u00e8l\u00a0signifiant \u00abanc\u00eatres\u00bb, rendant hommage \u00e0 la riche culture et aux racines ancestrales des c\u00f4tes tropicales des Cara\u00efbes et des r\u00e9gions c\u00f4ti\u00e8res d'Afrique.","og_url":"https:\/\/stage.loncani.ca\/en\/shop\/listeo-booking\/mattemoiselle-plush-matte-lipstick\/","og_site_name":"LONCANI Stage","article_modified_time":"2023-08-30T00:37:03+00:00","og_image":[{"width":1284,"height":2295,"url":"https:\/\/stage.loncani.ca\/wp-content\/uploads\/2022\/08\/IMG_3B15C25B91B4-1.jpg","type":"image\/jpeg"}],"twitter_card":"summary_large_image","twitter_misc":{"Est. reading time":"1 minute"},"schema":{"@context":"https:\/\/schema.org","@graph":[{"@type":"WebSite","@id":"https:\/\/stage.loncani.ca\/#website","url":"https:\/\/stage.loncani.ca\/","name":"LONCANI Stage","description":"Black-Owned Beauty Marketplace","potentialAction":[{"@type":"SearchAction","target":{"@type":"EntryPoint","urlTemplate":"https:\/\/stage.loncani.ca\/?s={search_term_string}"},"query-input":"required name=search_term_string"}],"inLanguage":"en-CA"},{"@type":"ImageObject","@id":"https:\/\/stage.loncani.ca\/en\/shop\/listeo-booking\/mattemoiselle-plush-matte-lipstick\/#primaryimage","inLanguage":"en-CA","url":"https:\/\/stage.loncani.ca\/wp-content\/uploads\/2022\/08\/IMG_3B15C25B91B4-1.jpg","contentUrl":"https:\/\/stage.loncani.ca\/wp-content\/uploads\/2022\/08\/IMG_3B15C25B91B4-1.jpg","width":1284,"height":2295},{"@type":"WebPage","@id":"https:\/\/stage.loncani.ca\/en\/shop\/listeo-booking\/mattemoiselle-plush-matte-lipstick\/#webpage","url":"https:\/\/stage.loncani.ca\/en\/shop\/listeo-booking\/mattemoiselle-plush-matte-lipstick\/","name":"Mattemoiselle Plush Matte Lipstick - LONCANI Stage","isPartOf":{"@id":"https:\/\/stage.loncani.ca\/#website"},"primaryImageOfPage":{"@id":"https:\/\/stage.loncani.ca\/en\/shop\/listeo-booking\/mattemoiselle-plush-matte-lipstick\/#primaryimage"},"datePublished":"2023-08-30T00:34:03+00:00","dateModified":"2023-08-30T00:37:03+00:00","breadcrumb":{"@id":"https:\/\/stage.loncani.ca\/en\/shop\/listeo-booking\/mattemoiselle-plush-matte-lipstick\/#breadcrumb"},"inLanguage":"en-CA","potentialAction":[{"@type":"ReadAction","target":["https:\/\/stage.loncani.ca\/en\/shop\/listeo-booking\/mattemoiselle-plush-matte-lipstick\/"]}]},{"@type":"BreadcrumbList","@id":"https:\/\/stage.loncani.ca\/en\/shop\/listeo-booking\/mattemoiselle-plush-matte-lipstick\/#breadcrumb","itemListElement":[{"@type":"ListItem","position":1,"name":"Home","item":"https:\/\/stage.loncani.ca\/"},{"@type":"ListItem","position":2,"name":"Shop","item":"https:\/\/stage.loncani.ca\/en\/shop\/"},{"@type":"ListItem","position":3,"name":"Mattemoiselle Plush Matte Lipstick"}]}]}},"_links":{"self":[{"href":"https:\/\/stage.loncani.ca\/en\/wp-json\/wp\/v2\/product\/29717"}],"collection":[{"href":"https:\/\/stage.loncani.ca\/en\/wp-json\/wp\/v2\/product"}],"about":[{"href":"https:\/\/stage.loncani.ca\/en\/wp-json\/wp\/v2\/types\/product"}],"replies":[{"embeddable":true,"href":"https:\/\/stage.loncani.ca\/en\/wp-json\/wp\/v2\/comments?post=29717"}],"wp:featuredmedia":[{"embeddable":true,"href":"https:\/\/stage.loncani.ca\/en\/wp-json\/wp\/v2\/media\/28325"}],"wp:attachment":[{"href":"https:\/\/stage.loncani.ca\/en\/wp-json\/wp\/v2\/media?parent=29717"}],"wp:term":[{"taxonomy":"product_cat","embeddable":true,"href":"https:\/\/stage.loncani.ca\/en\/wp-json\/wp\/v2\/product_cat?post=29717"},{"taxonomy":"product_tag","embeddable":true,"href":"https:\/\/stage.loncani.ca\/en\/wp-json\/wp\/v2\/product_tag?post=29717"}],"curies":[{"name":"wp","href":"https:\/\/api.w.org\/{rel}","templated":true}]}}