{"id":29559,"date":"2023-05-22T14:53:56","date_gmt":"2023-05-22T18:53:56","guid":{"rendered":"https:\/\/stage.loncani.ca\/updatetheme\/fr\/shop\/non%20cat\u00e9goris\u00e9\/huile-de-cheveux-a-base-dhuile-de-raisins\/"},"modified":"2023-08-25T02:19:20","modified_gmt":"2023-08-25T06:19:20","slug":"huile-de-cheveux-a-base-dhuile-de-raisins","status":"publish","type":"product","link":"https:\/\/stage.loncani.ca\/en\/shop\/hair-care\/hair-treatment\/huile-de-cheveux-a-base-dhuile-de-raisins\/","title":{"rendered":"Huile de cheveux \u00e0 base d&#8217;huile de raisin"},"content":{"rendered":"<p>Favorisez un cuir chevelu sain et nourrissez vos cheveux gr\u00e2ce \u00e0 ses puissantes propri\u00e9t\u00e9s hydratantes. Vos cheveux brilleront et les pointes fourchues appartiendront au pass\u00e9. Dites adieu aux cheveux rebelles car notre huile capillaire les dompte sans effort. Prot\u00e9gez vos cheveux des rayons UV nocifs tout en apaisant votre cuir chevelu. Utilis\u00e9e r\u00e9guli\u00e8rement, cette huile capillaire renforce vos cheveux et les rend plus r\u00e9sistants aux agressions quotidiennes. Pour l&#8217;utiliser, il suffit de masser le cuir chevelu pendant 2 minutes matin et soir. Faites ressortir le meilleur de vos cheveux et offrez-vous le luxe de l&#8217;huile de p\u00e9pins de raisin !<\/p>\n<script>\r\njQuery('.berocket_ww_container').each( function( i, o ) {\r\n    if ( jQuery(o).height() + 20 < jQuery(o).find('.berocket_ww_ul_container').height() && jQuery(o).find('.berocket_ww_show_all').length ) {\r\n        jQuery(o).find('.berocket_ww_show_all').show();\r\n    } else if( ! jQuery(o).find('.berocket_ww_show_all').length ) {\r\n        var $scroll_block = jQuery(o).find('.berocket_ww_list');\r\n        $scroll_block.css( {maxHeight: 'initial'} );\r\n    }\r\n});\r\n<\/script>\r\n","protected":false},"excerpt":{"rendered":"<p>Transformez vos cheveux avec notre huile capillaire infus\u00e9e d&#8217;huile de p\u00e9pins de raisin !<\/p>\n","protected":false},"featured_media":29593,"comment_status":"open","ping_status":"closed","template":"","meta":{"pmpro_default_level":0},"product_cat":[339,344],"product_tag":[131,1954],"yoast_head":"<!-- This site is optimized with the Yoast SEO plugin v18.6 - https:\/\/yoast.com\/wordpress\/plugins\/seo\/ -->\n<title>Huile de cheveux \u00e0 base d&#039;huile de raisin - LONCANI Stage<\/title>\n<meta name=\"robots\" content=\"noindex, follow, max-snippet:-1, max-image-preview:large, max-video-preview:-1\" \/>\n<meta property=\"og:locale\" content=\"en_US\" \/>\n<meta property=\"og:type\" content=\"article\" \/>\n<meta property=\"og:title\" content=\"Huile de cheveux \u00e0 base d&#039;huile de raisin - LONCANI Stage\" \/>\n<meta property=\"og:description\" content=\"Transformez vos cheveux avec notre huile capillaire infus\u00e9e d&#039;huile de p\u00e9pins de raisin !\" \/>\n<meta property=\"og:url\" content=\"https:\/\/stage.loncani.ca\/en\/shop\/hair-care\/hair-treatment\/huile-de-cheveux-a-base-dhuile-de-raisins\/\" \/>\n<meta property=\"og:site_name\" content=\"LONCANI Stage\" \/>\n<meta property=\"article:modified_time\" content=\"2023-08-25T06:19:20+00:00\" \/>\n<meta property=\"og:image\" content=\"https:\/\/stage.loncani.ca\/wp-content\/uploads\/2023\/05\/Oil-1-1.png\" \/>\n\t<meta property=\"og:image:width\" content=\"1704\" \/>\n\t<meta property=\"og:image:height\" content=\"2224\" \/>\n\t<meta property=\"og:image:type\" content=\"image\/png\" \/>\n<meta name=\"twitter:card\" content=\"summary_large_image\" \/>\n<meta name=\"twitter:label1\" content=\"Est. reading time\" \/>\n\t<meta name=\"twitter:data1\" content=\"1 minute\" \/>\n<script type=\"application\/ld+json\" class=\"yoast-schema-graph\">{\"@context\":\"https:\/\/schema.org\",\"@graph\":[{\"@type\":\"WebSite\",\"@id\":\"https:\/\/stage.loncani.ca\/#website\",\"url\":\"https:\/\/stage.loncani.ca\/\",\"name\":\"LONCANI Stage\",\"description\":\"Black-Owned Beauty Marketplace\",\"potentialAction\":[{\"@type\":\"SearchAction\",\"target\":{\"@type\":\"EntryPoint\",\"urlTemplate\":\"https:\/\/stage.loncani.ca\/?s={search_term_string}\"},\"query-input\":\"required name=search_term_string\"}],\"inLanguage\":\"en-CA\"},{\"@type\":\"ImageObject\",\"@id\":\"https:\/\/stage.loncani.ca\/en\/shop\/hair-care\/hair-treatment\/huile-de-cheveux-a-base-dhuile-de-raisins\/#primaryimage\",\"inLanguage\":\"en-CA\",\"url\":\"https:\/\/stage.loncani.ca\/wp-content\/uploads\/2023\/05\/Oil-1-1.png\",\"contentUrl\":\"https:\/\/stage.loncani.ca\/wp-content\/uploads\/2023\/05\/Oil-1-1.png\",\"width\":1704,\"height\":2224},{\"@type\":\"WebPage\",\"@id\":\"https:\/\/stage.loncani.ca\/en\/shop\/hair-care\/hair-treatment\/huile-de-cheveux-a-base-dhuile-de-raisins\/#webpage\",\"url\":\"https:\/\/stage.loncani.ca\/en\/shop\/hair-care\/hair-treatment\/huile-de-cheveux-a-base-dhuile-de-raisins\/\",\"name\":\"Huile de cheveux \u00e0 base d'huile de raisin - LONCANI Stage\",\"isPartOf\":{\"@id\":\"https:\/\/stage.loncani.ca\/#website\"},\"primaryImageOfPage\":{\"@id\":\"https:\/\/stage.loncani.ca\/en\/shop\/hair-care\/hair-treatment\/huile-de-cheveux-a-base-dhuile-de-raisins\/#primaryimage\"},\"datePublished\":\"2023-05-22T18:53:56+00:00\",\"dateModified\":\"2023-08-25T06:19:20+00:00\",\"breadcrumb\":{\"@id\":\"https:\/\/stage.loncani.ca\/en\/shop\/hair-care\/hair-treatment\/huile-de-cheveux-a-base-dhuile-de-raisins\/#breadcrumb\"},\"inLanguage\":\"en-CA\",\"potentialAction\":[{\"@type\":\"ReadAction\",\"target\":[\"https:\/\/stage.loncani.ca\/en\/shop\/hair-care\/hair-treatment\/huile-de-cheveux-a-base-dhuile-de-raisins\/\"]}]},{\"@type\":\"BreadcrumbList\",\"@id\":\"https:\/\/stage.loncani.ca\/en\/shop\/hair-care\/hair-treatment\/huile-de-cheveux-a-base-dhuile-de-raisins\/#breadcrumb\",\"itemListElement\":[{\"@type\":\"ListItem\",\"position\":1,\"name\":\"Home\",\"item\":\"https:\/\/stage.loncani.ca\/\"},{\"@type\":\"ListItem\",\"position\":2,\"name\":\"Shop\",\"item\":\"https:\/\/stage.loncani.ca\/en\/shop\/\"},{\"@type\":\"ListItem\",\"position\":3,\"name\":\"Huile de cheveux \u00e0 base d&#8217;huile de raisin\"}]}]}<\/script>\n<!-- \/ Yoast SEO plugin. -->","yoast_head_json":{"title":"Huile de cheveux \u00e0 base d'huile de raisin - LONCANI Stage","robots":{"index":"noindex","follow":"follow","max-snippet":"max-snippet:-1","max-image-preview":"max-image-preview:large","max-video-preview":"max-video-preview:-1"},"og_locale":"en_US","og_type":"article","og_title":"Huile de cheveux \u00e0 base d'huile de raisin - LONCANI Stage","og_description":"Transformez vos cheveux avec notre huile capillaire infus\u00e9e d'huile de p\u00e9pins de raisin !","og_url":"https:\/\/stage.loncani.ca\/en\/shop\/hair-care\/hair-treatment\/huile-de-cheveux-a-base-dhuile-de-raisins\/","og_site_name":"LONCANI Stage","article_modified_time":"2023-08-25T06:19:20+00:00","og_image":[{"width":1704,"height":2224,"url":"https:\/\/stage.loncani.ca\/wp-content\/uploads\/2023\/05\/Oil-1-1.png","type":"image\/png"}],"twitter_card":"summary_large_image","twitter_misc":{"Est. reading time":"1 minute"},"schema":{"@context":"https:\/\/schema.org","@graph":[{"@type":"WebSite","@id":"https:\/\/stage.loncani.ca\/#website","url":"https:\/\/stage.loncani.ca\/","name":"LONCANI Stage","description":"Black-Owned Beauty Marketplace","potentialAction":[{"@type":"SearchAction","target":{"@type":"EntryPoint","urlTemplate":"https:\/\/stage.loncani.ca\/?s={search_term_string}"},"query-input":"required name=search_term_string"}],"inLanguage":"en-CA"},{"@type":"ImageObject","@id":"https:\/\/stage.loncani.ca\/en\/shop\/hair-care\/hair-treatment\/huile-de-cheveux-a-base-dhuile-de-raisins\/#primaryimage","inLanguage":"en-CA","url":"https:\/\/stage.loncani.ca\/wp-content\/uploads\/2023\/05\/Oil-1-1.png","contentUrl":"https:\/\/stage.loncani.ca\/wp-content\/uploads\/2023\/05\/Oil-1-1.png","width":1704,"height":2224},{"@type":"WebPage","@id":"https:\/\/stage.loncani.ca\/en\/shop\/hair-care\/hair-treatment\/huile-de-cheveux-a-base-dhuile-de-raisins\/#webpage","url":"https:\/\/stage.loncani.ca\/en\/shop\/hair-care\/hair-treatment\/huile-de-cheveux-a-base-dhuile-de-raisins\/","name":"Huile de cheveux \u00e0 base d'huile de raisin - LONCANI Stage","isPartOf":{"@id":"https:\/\/stage.loncani.ca\/#website"},"primaryImageOfPage":{"@id":"https:\/\/stage.loncani.ca\/en\/shop\/hair-care\/hair-treatment\/huile-de-cheveux-a-base-dhuile-de-raisins\/#primaryimage"},"datePublished":"2023-05-22T18:53:56+00:00","dateModified":"2023-08-25T06:19:20+00:00","breadcrumb":{"@id":"https:\/\/stage.loncani.ca\/en\/shop\/hair-care\/hair-treatment\/huile-de-cheveux-a-base-dhuile-de-raisins\/#breadcrumb"},"inLanguage":"en-CA","potentialAction":[{"@type":"ReadAction","target":["https:\/\/stage.loncani.ca\/en\/shop\/hair-care\/hair-treatment\/huile-de-cheveux-a-base-dhuile-de-raisins\/"]}]},{"@type":"BreadcrumbList","@id":"https:\/\/stage.loncani.ca\/en\/shop\/hair-care\/hair-treatment\/huile-de-cheveux-a-base-dhuile-de-raisins\/#breadcrumb","itemListElement":[{"@type":"ListItem","position":1,"name":"Home","item":"https:\/\/stage.loncani.ca\/"},{"@type":"ListItem","position":2,"name":"Shop","item":"https:\/\/stage.loncani.ca\/en\/shop\/"},{"@type":"ListItem","position":3,"name":"Huile de cheveux \u00e0 base d&#8217;huile de raisin"}]}]}},"_links":{"self":[{"href":"https:\/\/stage.loncani.ca\/en\/wp-json\/wp\/v2\/product\/29559"}],"collection":[{"href":"https:\/\/stage.loncani.ca\/en\/wp-json\/wp\/v2\/product"}],"about":[{"href":"https:\/\/stage.loncani.ca\/en\/wp-json\/wp\/v2\/types\/product"}],"replies":[{"embeddable":true,"href":"https:\/\/stage.loncani.ca\/en\/wp-json\/wp\/v2\/comments?post=29559"}],"wp:featuredmedia":[{"embeddable":true,"href":"https:\/\/stage.loncani.ca\/en\/wp-json\/wp\/v2\/media\/29593"}],"wp:attachment":[{"href":"https:\/\/stage.loncani.ca\/en\/wp-json\/wp\/v2\/media?parent=29559"}],"wp:term":[{"taxonomy":"product_cat","embeddable":true,"href":"https:\/\/stage.loncani.ca\/en\/wp-json\/wp\/v2\/product_cat?post=29559"},{"taxonomy":"product_tag","embeddable":true,"href":"https:\/\/stage.loncani.ca\/en\/wp-json\/wp\/v2\/product_tag?post=29559"}],"curies":[{"name":"wp","href":"https:\/\/api.w.org\/{rel}","templated":true}]}}