{"id":29555,"date":"2023-05-22T14:46:38","date_gmt":"2023-05-22T18:46:38","guid":{"rendered":"https:\/\/stage.loncani.ca\/updatetheme\/fr\/shop\/non%20cat\u00e9goris\u00e9\/pommade-de-cheveux-hydratante\/"},"modified":"2023-08-07T21:29:45","modified_gmt":"2023-08-08T01:29:45","slug":"pommade-de-cheveux-hydratante","status":"publish","type":"product","link":"https:\/\/stage.loncani.ca\/en\/shop\/hair-care\/hair-care-styling-tools\/pommade-de-cheveux-hydratante\/","title":{"rendered":"Pommade de cheveux hydratante"},"content":{"rendered":"<p>Il s&#8217;agit d&#8217;une cr\u00e8me capillaire de haute qualit\u00e9 qui offre une gamme de b\u00e9n\u00e9fices uniques aux utilisateurs. Ce produit innovant est con\u00e7u pour favoriser la croissance des cheveux et r\u00e9duire leur chute, afin que vous puissiez obtenir les cheveux somptueux dont vous avez toujours r\u00eav\u00e9.<\/p>\n<p>Voici quelques-uns des principaux avantages et caract\u00e9ristiques de la cr\u00e8me capillaire The Next Baty Hair :<\/p>\n<p>&#8211; Favorise la croissance cellulaire des follicules pileux, ce qui permet d&#8217;obtenir des cheveux plus forts.<\/p>\n<p>&#8211; Soulage les d\u00e9mangeaisons, l&#8217;inflammation et l&#8217;irritation associ\u00e9es aux pellicules.<\/p>\n<p>&#8211; Aide \u00e0 r\u00e9duire la chute et la casse des cheveux.<\/p>\n<p>&#8211; Revitalise les cheveux ternes et cassants, leur donnant une apparence saine et \u00e9clatante.<\/p>\n<p>&#8211; Hydrate les cheveux et le cuir chevelu, pr\u00e9vient les pointes fourchues et favorise une croissance saine des cheveux.<\/p>\n<p>&#8211; Apporte de la brillance \u00e0 vos cheveux, leur donnant un aspect lustr\u00e9 et magnifique.<\/p>\n<p>La cr\u00e8me Next Baty Hair est un produit de haute qualit\u00e9 qui a \u00e9t\u00e9 soigneusement formul\u00e9 pour apporter toute une s\u00e9rie de bienfaits \u00e0 vos cheveux. Elle contient des ingr\u00e9dients naturels qui favorisent une croissance saine des cheveux et r\u00e9duisent leur chute. La cr\u00e8me contient \u00e9galement des agents hydratants qui maintiennent vos cheveux et votre cuir chevelu hydrat\u00e9s, \u00e9vitant ainsi les pointes fourchues et les cassures.<\/p>\n<p>Alors, pourquoi attendre ? Essayez The Next Baty Hair creme d\u00e8s aujourd&#8217;hui et d\u00e9couvrez les avantages \u00e9tonnants de ce produit innovant pour la croissance des cheveux.<\/p>\n<script>\r\njQuery('.berocket_ww_container').each( function( i, o ) {\r\n    if ( jQuery(o).height() + 20 < jQuery(o).find('.berocket_ww_ul_container').height() && jQuery(o).find('.berocket_ww_show_all').length ) {\r\n        jQuery(o).find('.berocket_ww_show_all').show();\r\n    } else if( ! jQuery(o).find('.berocket_ww_show_all').length ) {\r\n        var $scroll_block = jQuery(o).find('.berocket_ww_list');\r\n        $scroll_block.css( {maxHeight: 'initial'} );\r\n    }\r\n});\r\n<\/script>\r\n","protected":false},"excerpt":{"rendered":"<p>La cr\u00e8me Next Baty Hair est la solution ultime pour ceux qui recherchent un produit de croissance capillaire r\u00e9ellement efficace.<\/p>\n","protected":false},"featured_media":29597,"comment_status":"open","ping_status":"closed","template":"","meta":{"pmpro_default_level":0},"product_cat":[339,166,344],"product_tag":[1949,131,414,1950],"yoast_head":"<!-- This site is optimized with the Yoast SEO plugin v18.6 - https:\/\/yoast.com\/wordpress\/plugins\/seo\/ -->\n<title>Pommade de cheveux hydratante - LONCANI Stage<\/title>\n<meta name=\"robots\" content=\"noindex, follow, max-snippet:-1, max-image-preview:large, max-video-preview:-1\" \/>\n<meta property=\"og:locale\" content=\"en_US\" \/>\n<meta property=\"og:type\" content=\"article\" \/>\n<meta property=\"og:title\" content=\"Pommade de cheveux hydratante - LONCANI Stage\" \/>\n<meta property=\"og:description\" content=\"La cr\u00e8me Next Baty Hair est la solution ultime pour ceux qui recherchent un produit de croissance capillaire r\u00e9ellement efficace.\" \/>\n<meta property=\"og:url\" content=\"https:\/\/stage.loncani.ca\/en\/shop\/hair-care\/hair-care-styling-tools\/pommade-de-cheveux-hydratante\/\" \/>\n<meta property=\"og:site_name\" content=\"LONCANI Stage\" \/>\n<meta property=\"article:modified_time\" content=\"2023-08-08T01:29:45+00:00\" \/>\n<meta property=\"og:image\" content=\"https:\/\/stage.loncani.ca\/wp-content\/uploads\/2023\/05\/Hair-F-3.png\" \/>\n\t<meta property=\"og:image:width\" content=\"2235\" \/>\n\t<meta property=\"og:image:height\" content=\"1615\" \/>\n\t<meta property=\"og:image:type\" content=\"image\/png\" \/>\n<meta name=\"twitter:card\" content=\"summary_large_image\" \/>\n<meta name=\"twitter:label1\" content=\"Est. reading time\" \/>\n\t<meta name=\"twitter:data1\" content=\"1 minute\" \/>\n<script type=\"application\/ld+json\" class=\"yoast-schema-graph\">{\"@context\":\"https:\/\/schema.org\",\"@graph\":[{\"@type\":\"WebSite\",\"@id\":\"https:\/\/stage.loncani.ca\/#website\",\"url\":\"https:\/\/stage.loncani.ca\/\",\"name\":\"LONCANI Stage\",\"description\":\"Black-Owned Beauty Marketplace\",\"potentialAction\":[{\"@type\":\"SearchAction\",\"target\":{\"@type\":\"EntryPoint\",\"urlTemplate\":\"https:\/\/stage.loncani.ca\/?s={search_term_string}\"},\"query-input\":\"required name=search_term_string\"}],\"inLanguage\":\"en-CA\"},{\"@type\":\"ImageObject\",\"@id\":\"https:\/\/stage.loncani.ca\/en\/shop\/hair-care\/hair-care-styling-tools\/pommade-de-cheveux-hydratante\/#primaryimage\",\"inLanguage\":\"en-CA\",\"url\":\"https:\/\/stage.loncani.ca\/wp-content\/uploads\/2023\/05\/Hair-F-3.png\",\"contentUrl\":\"https:\/\/stage.loncani.ca\/wp-content\/uploads\/2023\/05\/Hair-F-3.png\",\"width\":2235,\"height\":1615},{\"@type\":\"WebPage\",\"@id\":\"https:\/\/stage.loncani.ca\/en\/shop\/hair-care\/hair-care-styling-tools\/pommade-de-cheveux-hydratante\/#webpage\",\"url\":\"https:\/\/stage.loncani.ca\/en\/shop\/hair-care\/hair-care-styling-tools\/pommade-de-cheveux-hydratante\/\",\"name\":\"Pommade de cheveux hydratante - LONCANI Stage\",\"isPartOf\":{\"@id\":\"https:\/\/stage.loncani.ca\/#website\"},\"primaryImageOfPage\":{\"@id\":\"https:\/\/stage.loncani.ca\/en\/shop\/hair-care\/hair-care-styling-tools\/pommade-de-cheveux-hydratante\/#primaryimage\"},\"datePublished\":\"2023-05-22T18:46:38+00:00\",\"dateModified\":\"2023-08-08T01:29:45+00:00\",\"breadcrumb\":{\"@id\":\"https:\/\/stage.loncani.ca\/en\/shop\/hair-care\/hair-care-styling-tools\/pommade-de-cheveux-hydratante\/#breadcrumb\"},\"inLanguage\":\"en-CA\",\"potentialAction\":[{\"@type\":\"ReadAction\",\"target\":[\"https:\/\/stage.loncani.ca\/en\/shop\/hair-care\/hair-care-styling-tools\/pommade-de-cheveux-hydratante\/\"]}]},{\"@type\":\"BreadcrumbList\",\"@id\":\"https:\/\/stage.loncani.ca\/en\/shop\/hair-care\/hair-care-styling-tools\/pommade-de-cheveux-hydratante\/#breadcrumb\",\"itemListElement\":[{\"@type\":\"ListItem\",\"position\":1,\"name\":\"Home\",\"item\":\"https:\/\/stage.loncani.ca\/\"},{\"@type\":\"ListItem\",\"position\":2,\"name\":\"Shop\",\"item\":\"https:\/\/stage.loncani.ca\/en\/shop\/\"},{\"@type\":\"ListItem\",\"position\":3,\"name\":\"Pommade de cheveux hydratante\"}]}]}<\/script>\n<!-- \/ Yoast SEO plugin. -->","yoast_head_json":{"title":"Pommade de cheveux hydratante - LONCANI Stage","robots":{"index":"noindex","follow":"follow","max-snippet":"max-snippet:-1","max-image-preview":"max-image-preview:large","max-video-preview":"max-video-preview:-1"},"og_locale":"en_US","og_type":"article","og_title":"Pommade de cheveux hydratante - LONCANI Stage","og_description":"La cr\u00e8me Next Baty Hair est la solution ultime pour ceux qui recherchent un produit de croissance capillaire r\u00e9ellement efficace.","og_url":"https:\/\/stage.loncani.ca\/en\/shop\/hair-care\/hair-care-styling-tools\/pommade-de-cheveux-hydratante\/","og_site_name":"LONCANI Stage","article_modified_time":"2023-08-08T01:29:45+00:00","og_image":[{"width":2235,"height":1615,"url":"https:\/\/stage.loncani.ca\/wp-content\/uploads\/2023\/05\/Hair-F-3.png","type":"image\/png"}],"twitter_card":"summary_large_image","twitter_misc":{"Est. reading time":"1 minute"},"schema":{"@context":"https:\/\/schema.org","@graph":[{"@type":"WebSite","@id":"https:\/\/stage.loncani.ca\/#website","url":"https:\/\/stage.loncani.ca\/","name":"LONCANI Stage","description":"Black-Owned Beauty Marketplace","potentialAction":[{"@type":"SearchAction","target":{"@type":"EntryPoint","urlTemplate":"https:\/\/stage.loncani.ca\/?s={search_term_string}"},"query-input":"required name=search_term_string"}],"inLanguage":"en-CA"},{"@type":"ImageObject","@id":"https:\/\/stage.loncani.ca\/en\/shop\/hair-care\/hair-care-styling-tools\/pommade-de-cheveux-hydratante\/#primaryimage","inLanguage":"en-CA","url":"https:\/\/stage.loncani.ca\/wp-content\/uploads\/2023\/05\/Hair-F-3.png","contentUrl":"https:\/\/stage.loncani.ca\/wp-content\/uploads\/2023\/05\/Hair-F-3.png","width":2235,"height":1615},{"@type":"WebPage","@id":"https:\/\/stage.loncani.ca\/en\/shop\/hair-care\/hair-care-styling-tools\/pommade-de-cheveux-hydratante\/#webpage","url":"https:\/\/stage.loncani.ca\/en\/shop\/hair-care\/hair-care-styling-tools\/pommade-de-cheveux-hydratante\/","name":"Pommade de cheveux hydratante - LONCANI Stage","isPartOf":{"@id":"https:\/\/stage.loncani.ca\/#website"},"primaryImageOfPage":{"@id":"https:\/\/stage.loncani.ca\/en\/shop\/hair-care\/hair-care-styling-tools\/pommade-de-cheveux-hydratante\/#primaryimage"},"datePublished":"2023-05-22T18:46:38+00:00","dateModified":"2023-08-08T01:29:45+00:00","breadcrumb":{"@id":"https:\/\/stage.loncani.ca\/en\/shop\/hair-care\/hair-care-styling-tools\/pommade-de-cheveux-hydratante\/#breadcrumb"},"inLanguage":"en-CA","potentialAction":[{"@type":"ReadAction","target":["https:\/\/stage.loncani.ca\/en\/shop\/hair-care\/hair-care-styling-tools\/pommade-de-cheveux-hydratante\/"]}]},{"@type":"BreadcrumbList","@id":"https:\/\/stage.loncani.ca\/en\/shop\/hair-care\/hair-care-styling-tools\/pommade-de-cheveux-hydratante\/#breadcrumb","itemListElement":[{"@type":"ListItem","position":1,"name":"Home","item":"https:\/\/stage.loncani.ca\/"},{"@type":"ListItem","position":2,"name":"Shop","item":"https:\/\/stage.loncani.ca\/en\/shop\/"},{"@type":"ListItem","position":3,"name":"Pommade de cheveux hydratante"}]}]}},"_links":{"self":[{"href":"https:\/\/stage.loncani.ca\/en\/wp-json\/wp\/v2\/product\/29555"}],"collection":[{"href":"https:\/\/stage.loncani.ca\/en\/wp-json\/wp\/v2\/product"}],"about":[{"href":"https:\/\/stage.loncani.ca\/en\/wp-json\/wp\/v2\/types\/product"}],"replies":[{"embeddable":true,"href":"https:\/\/stage.loncani.ca\/en\/wp-json\/wp\/v2\/comments?post=29555"}],"wp:featuredmedia":[{"embeddable":true,"href":"https:\/\/stage.loncani.ca\/en\/wp-json\/wp\/v2\/media\/29597"}],"wp:attachment":[{"href":"https:\/\/stage.loncani.ca\/en\/wp-json\/wp\/v2\/media?parent=29555"}],"wp:term":[{"taxonomy":"product_cat","embeddable":true,"href":"https:\/\/stage.loncani.ca\/en\/wp-json\/wp\/v2\/product_cat?post=29555"},{"taxonomy":"product_tag","embeddable":true,"href":"https:\/\/stage.loncani.ca\/en\/wp-json\/wp\/v2\/product_tag?post=29555"}],"curies":[{"name":"wp","href":"https:\/\/api.w.org\/{rel}","templated":true}]}}