{"id":29272,"date":"2022-12-21T14:19:06","date_gmt":"2022-12-21T19:19:06","guid":{"rendered":"https:\/\/stage.loncani.ca\/updatetheme\/en\/?post_type=product&#038;p=29272"},"modified":"2024-03-12T01:57:54","modified_gmt":"2024-03-12T05:57:54","slug":"catch-you-copy","status":"publish","type":"product","link":"https:\/\/stage.loncani.ca\/en\/shop\/beauty-health\/catch-you-copy\/","title":{"rendered":"HAPPY"},"content":{"rendered":"<p>G\u00e9ranium:<\/p>\n<p>Reconnue pour ses propri\u00e9t\u00e9s renfor\u00e7antes, lib\u00e9ratrices et stabilisatrices.<\/p>\n<p>Antitoxique, anti-allerg\u00e8ne, antihemorragie, d\u00e9balance hormonale, menstruation prolong\u00e9e, coupures et blessures.<\/p>\n<p>&nbsp;<\/p>\n<p>Bois de Santal reconnu pour ses propri\u00e9t\u00e9s stabilisatrices et r\u00e9g\u00e9n\u00e9ratrices<\/p>\n<p>soins des plaies et infections cutan\u00e9es.\u00a0 D\u00e9pression et s\u00e9rotonine et dopamine basse.<\/p>\n<p>D&#8217;antan il \u00e9tait utilis\u00e9 dans pratiques religieuses et spirituelles<\/p>\n<p>&nbsp;<\/p>\n<p>&#8211; Ylang-Ylang<\/p>\n<p>Reconnu pour son c\u00f4t\u00e9 exotique. c&#8217;est un bon s\u00e9datif et un aphrodisiaque<\/p>\n<p>Libido basse, fatigue mentale, d\u00e9tresse, deuil, haute pression, manque d&#8217;\u00e9quilibre.<\/p>\n<p>&#8211; Bois de Santal reconnu pour ses propri\u00e9t\u00e9s stabilisatrices et r\u00e9g\u00e9n\u00e9ratrices<\/p>\n<p>soins des plaies et infections cutan\u00e9es.\u00a0 D\u00e9pression et s\u00e9rotonine et dopamine basse.<\/p>\n<p>D&#8217;antan il \u00e9tait utilis\u00e9 dans pratiques religieuses et spirituelles<\/p>\n<p>&#8211; Ylang-Ylang &#8211; Reconnu pour son c\u00f4t\u00e9 exotique. c&#8217;est un bon s\u00e9datif et un aphrodisiaque<\/p>\n<p>Libido basse, fatigue mentale, d\u00e9tresse, deuil, haute pression, manque d&#8217;\u00e9quilibre.<\/p>\n<script>\r\njQuery('.berocket_ww_container').each( function( i, o ) {\r\n    if ( jQuery(o).height() + 20 < jQuery(o).find('.berocket_ww_ul_container').height() && jQuery(o).find('.berocket_ww_show_all').length ) {\r\n        jQuery(o).find('.berocket_ww_show_all').show();\r\n    } else if( ! jQuery(o).find('.berocket_ww_show_all').length ) {\r\n        var $scroll_block = jQuery(o).find('.berocket_ww_list');\r\n        $scroll_block.css( {maxHeight: 'initial'} );\r\n    }\r\n});\r\n<\/script>\r\n","protected":false},"excerpt":{"rendered":"<p>BOUGIE DE MASSAGE- CIRE DE SOYA BEURRE DE KARIT\u00c9 ET VITAMINE E.\u00a0 M\u00c9LANGE DHUILES ESSENTIELLES DE G\u00e9ranium, Bois de Santal, vanille, ylang ylang, patchouli<\/p>\n<p>&nbsp;<\/p>\n","protected":false},"featured_media":29343,"comment_status":"open","ping_status":"closed","template":"","meta":{"pmpro_default_level":0},"product_cat":[161],"product_tag":[1919,1921,1920,1923],"yoast_head":"<!-- This site is optimized with the Yoast SEO plugin v18.6 - https:\/\/yoast.com\/wordpress\/plugins\/seo\/ -->\n<title>HAPPY - LONCANI Stage<\/title>\n<meta name=\"robots\" content=\"noindex, follow, max-snippet:-1, max-image-preview:large, max-video-preview:-1\" \/>\n<meta property=\"og:locale\" content=\"en_US\" \/>\n<meta property=\"og:type\" content=\"article\" \/>\n<meta property=\"og:title\" content=\"HAPPY - LONCANI Stage\" \/>\n<meta property=\"og:description\" content=\"BOUGIE DE MASSAGE- CIRE DE SOYA BEURRE DE KARIT\u00c9 ET VITAMINE E.\u00a0 M\u00c9LANGE DHUILES ESSENTIELLES DE G\u00e9ranium, Bois de Santal, vanille, ylang ylang, patchouli  &nbsp;\" \/>\n<meta property=\"og:url\" content=\"https:\/\/stage.loncani.ca\/en\/shop\/beauty-health\/catch-you-copy\/\" \/>\n<meta property=\"og:site_name\" content=\"LONCANI Stage\" \/>\n<meta property=\"article:modified_time\" content=\"2024-03-12T05:57:54+00:00\" \/>\n<meta property=\"og:image\" content=\"https:\/\/stage.loncani.ca\/wp-content\/uploads\/2023\/01\/2022-09-29_02_05_41-PowerPoint_Slide_Show__-__Presentation1-removebg-preview.png\" \/>\n\t<meta property=\"og:image:width\" content=\"666\" \/>\n\t<meta property=\"og:image:height\" content=\"375\" \/>\n\t<meta property=\"og:image:type\" content=\"image\/png\" \/>\n<meta name=\"twitter:card\" content=\"summary_large_image\" \/>\n<meta name=\"twitter:label1\" content=\"Est. reading time\" \/>\n\t<meta name=\"twitter:data1\" content=\"1 minute\" \/>\n<script type=\"application\/ld+json\" class=\"yoast-schema-graph\">{\"@context\":\"https:\/\/schema.org\",\"@graph\":[{\"@type\":\"WebSite\",\"@id\":\"https:\/\/stage.loncani.ca\/#website\",\"url\":\"https:\/\/stage.loncani.ca\/\",\"name\":\"LONCANI Stage\",\"description\":\"Black-Owned Beauty Marketplace\",\"potentialAction\":[{\"@type\":\"SearchAction\",\"target\":{\"@type\":\"EntryPoint\",\"urlTemplate\":\"https:\/\/stage.loncani.ca\/?s={search_term_string}\"},\"query-input\":\"required name=search_term_string\"}],\"inLanguage\":\"en-CA\"},{\"@type\":\"ImageObject\",\"@id\":\"https:\/\/stage.loncani.ca\/en\/shop\/beauty-health\/catch-you-copy\/#primaryimage\",\"inLanguage\":\"en-CA\",\"url\":\"https:\/\/stage.loncani.ca\/wp-content\/uploads\/2023\/01\/2022-09-29_02_05_41-PowerPoint_Slide_Show__-__Presentation1-removebg-preview.png\",\"contentUrl\":\"https:\/\/stage.loncani.ca\/wp-content\/uploads\/2023\/01\/2022-09-29_02_05_41-PowerPoint_Slide_Show__-__Presentation1-removebg-preview.png\",\"width\":666,\"height\":375},{\"@type\":\"WebPage\",\"@id\":\"https:\/\/stage.loncani.ca\/en\/shop\/beauty-health\/catch-you-copy\/#webpage\",\"url\":\"https:\/\/stage.loncani.ca\/en\/shop\/beauty-health\/catch-you-copy\/\",\"name\":\"HAPPY - LONCANI Stage\",\"isPartOf\":{\"@id\":\"https:\/\/stage.loncani.ca\/#website\"},\"primaryImageOfPage\":{\"@id\":\"https:\/\/stage.loncani.ca\/en\/shop\/beauty-health\/catch-you-copy\/#primaryimage\"},\"datePublished\":\"2022-12-21T19:19:06+00:00\",\"dateModified\":\"2024-03-12T05:57:54+00:00\",\"breadcrumb\":{\"@id\":\"https:\/\/stage.loncani.ca\/en\/shop\/beauty-health\/catch-you-copy\/#breadcrumb\"},\"inLanguage\":\"en-CA\",\"potentialAction\":[{\"@type\":\"ReadAction\",\"target\":[\"https:\/\/stage.loncani.ca\/en\/shop\/beauty-health\/catch-you-copy\/\"]}]},{\"@type\":\"BreadcrumbList\",\"@id\":\"https:\/\/stage.loncani.ca\/en\/shop\/beauty-health\/catch-you-copy\/#breadcrumb\",\"itemListElement\":[{\"@type\":\"ListItem\",\"position\":1,\"name\":\"Home\",\"item\":\"https:\/\/stage.loncani.ca\/\"},{\"@type\":\"ListItem\",\"position\":2,\"name\":\"Shop\",\"item\":\"https:\/\/stage.loncani.ca\/en\/shop\/\"},{\"@type\":\"ListItem\",\"position\":3,\"name\":\"HAPPY\"}]}]}<\/script>\n<!-- \/ Yoast SEO plugin. -->","yoast_head_json":{"title":"HAPPY - LONCANI Stage","robots":{"index":"noindex","follow":"follow","max-snippet":"max-snippet:-1","max-image-preview":"max-image-preview:large","max-video-preview":"max-video-preview:-1"},"og_locale":"en_US","og_type":"article","og_title":"HAPPY - LONCANI Stage","og_description":"BOUGIE DE MASSAGE- CIRE DE SOYA BEURRE DE KARIT\u00c9 ET VITAMINE E.\u00a0 M\u00c9LANGE DHUILES ESSENTIELLES DE G\u00e9ranium, Bois de Santal, vanille, ylang ylang, patchouli  &nbsp;","og_url":"https:\/\/stage.loncani.ca\/en\/shop\/beauty-health\/catch-you-copy\/","og_site_name":"LONCANI Stage","article_modified_time":"2024-03-12T05:57:54+00:00","og_image":[{"width":666,"height":375,"url":"https:\/\/stage.loncani.ca\/wp-content\/uploads\/2023\/01\/2022-09-29_02_05_41-PowerPoint_Slide_Show__-__Presentation1-removebg-preview.png","type":"image\/png"}],"twitter_card":"summary_large_image","twitter_misc":{"Est. reading time":"1 minute"},"schema":{"@context":"https:\/\/schema.org","@graph":[{"@type":"WebSite","@id":"https:\/\/stage.loncani.ca\/#website","url":"https:\/\/stage.loncani.ca\/","name":"LONCANI Stage","description":"Black-Owned Beauty Marketplace","potentialAction":[{"@type":"SearchAction","target":{"@type":"EntryPoint","urlTemplate":"https:\/\/stage.loncani.ca\/?s={search_term_string}"},"query-input":"required name=search_term_string"}],"inLanguage":"en-CA"},{"@type":"ImageObject","@id":"https:\/\/stage.loncani.ca\/en\/shop\/beauty-health\/catch-you-copy\/#primaryimage","inLanguage":"en-CA","url":"https:\/\/stage.loncani.ca\/wp-content\/uploads\/2023\/01\/2022-09-29_02_05_41-PowerPoint_Slide_Show__-__Presentation1-removebg-preview.png","contentUrl":"https:\/\/stage.loncani.ca\/wp-content\/uploads\/2023\/01\/2022-09-29_02_05_41-PowerPoint_Slide_Show__-__Presentation1-removebg-preview.png","width":666,"height":375},{"@type":"WebPage","@id":"https:\/\/stage.loncani.ca\/en\/shop\/beauty-health\/catch-you-copy\/#webpage","url":"https:\/\/stage.loncani.ca\/en\/shop\/beauty-health\/catch-you-copy\/","name":"HAPPY - LONCANI Stage","isPartOf":{"@id":"https:\/\/stage.loncani.ca\/#website"},"primaryImageOfPage":{"@id":"https:\/\/stage.loncani.ca\/en\/shop\/beauty-health\/catch-you-copy\/#primaryimage"},"datePublished":"2022-12-21T19:19:06+00:00","dateModified":"2024-03-12T05:57:54+00:00","breadcrumb":{"@id":"https:\/\/stage.loncani.ca\/en\/shop\/beauty-health\/catch-you-copy\/#breadcrumb"},"inLanguage":"en-CA","potentialAction":[{"@type":"ReadAction","target":["https:\/\/stage.loncani.ca\/en\/shop\/beauty-health\/catch-you-copy\/"]}]},{"@type":"BreadcrumbList","@id":"https:\/\/stage.loncani.ca\/en\/shop\/beauty-health\/catch-you-copy\/#breadcrumb","itemListElement":[{"@type":"ListItem","position":1,"name":"Home","item":"https:\/\/stage.loncani.ca\/"},{"@type":"ListItem","position":2,"name":"Shop","item":"https:\/\/stage.loncani.ca\/en\/shop\/"},{"@type":"ListItem","position":3,"name":"HAPPY"}]}]}},"_links":{"self":[{"href":"https:\/\/stage.loncani.ca\/en\/wp-json\/wp\/v2\/product\/29272"}],"collection":[{"href":"https:\/\/stage.loncani.ca\/en\/wp-json\/wp\/v2\/product"}],"about":[{"href":"https:\/\/stage.loncani.ca\/en\/wp-json\/wp\/v2\/types\/product"}],"replies":[{"embeddable":true,"href":"https:\/\/stage.loncani.ca\/en\/wp-json\/wp\/v2\/comments?post=29272"}],"wp:featuredmedia":[{"embeddable":true,"href":"https:\/\/stage.loncani.ca\/en\/wp-json\/wp\/v2\/media\/29343"}],"wp:attachment":[{"href":"https:\/\/stage.loncani.ca\/en\/wp-json\/wp\/v2\/media?parent=29272"}],"wp:term":[{"taxonomy":"product_cat","embeddable":true,"href":"https:\/\/stage.loncani.ca\/en\/wp-json\/wp\/v2\/product_cat?post=29272"},{"taxonomy":"product_tag","embeddable":true,"href":"https:\/\/stage.loncani.ca\/en\/wp-json\/wp\/v2\/product_tag?post=29272"}],"curies":[{"name":"wp","href":"https:\/\/api.w.org\/{rel}","templated":true}]}}