{"id":29225,"date":"2022-12-20T16:24:11","date_gmt":"2022-12-20T21:24:11","guid":{"rendered":"https:\/\/stage.loncani.ca\/updatetheme\/en\/shop\/uncategorized\/mascara-noir\/"},"modified":"2022-12-20T16:40:29","modified_gmt":"2022-12-20T21:40:29","slug":"mascara-noir","status":"publish","type":"product","link":"https:\/\/stage.loncani.ca\/en\/shop\/makeup\/mascara-noir\/","title":{"rendered":"MASCARA NOIR MAGIQUE"},"content":{"rendered":"<p><span style=\"font-family: Open Sans\">Ce liner liquide est super facile \u00e0 appliquer gr\u00e2ce \u00e0 la brosse magn\u00e9tique. La formule longue dur\u00e9e restera mise toute la journ\u00e9e!<\/span><\/p>\n<script>\r\njQuery('.berocket_ww_container').each( function( i, o ) {\r\n    if ( jQuery(o).height() + 20 < jQuery(o).find('.berocket_ww_ul_container').height() && jQuery(o).find('.berocket_ww_show_all').length ) {\r\n        jQuery(o).find('.berocket_ww_show_all').show();\r\n    } else if( ! jQuery(o).find('.berocket_ww_show_all').length ) {\r\n        var $scroll_block = jQuery(o).find('.berocket_ww_list');\r\n        $scroll_block.css( {maxHeight: 'initial'} );\r\n    }\r\n});\r\n<\/script>\r\n","protected":false},"excerpt":{"rendered":"<p>Ce mascara liquide magn\u00e9tique est facile \u00e0 appliquer et parfait pour un look durable!<\/p>\n","protected":false},"featured_media":29359,"comment_status":"open","ping_status":"closed","template":"","meta":{"pmpro_default_level":0},"product_cat":[1941,162,1942],"product_tag":[1818,1934,1831],"yoast_head":"<!-- This site is optimized with the Yoast SEO plugin v18.6 - https:\/\/yoast.com\/wordpress\/plugins\/seo\/ -->\n<title>MASCARA NOIR MAGIQUE - LONCANI Stage<\/title>\n<meta name=\"robots\" content=\"noindex, follow, max-snippet:-1, max-image-preview:large, max-video-preview:-1\" \/>\n<meta property=\"og:locale\" content=\"en_US\" \/>\n<meta property=\"og:type\" content=\"article\" \/>\n<meta property=\"og:title\" content=\"MASCARA NOIR MAGIQUE - LONCANI Stage\" \/>\n<meta property=\"og:description\" content=\"Ce mascara liquide magn\u00e9tique est facile \u00e0 appliquer et parfait pour un look durable!\" \/>\n<meta property=\"og:url\" content=\"https:\/\/stage.loncani.ca\/en\/shop\/makeup\/mascara-noir\/\" \/>\n<meta property=\"og:site_name\" content=\"LONCANI Stage\" \/>\n<meta property=\"article:modified_time\" content=\"2022-12-20T21:40:29+00:00\" \/>\n<meta name=\"twitter:card\" content=\"summary_large_image\" \/>\n<meta name=\"twitter:image\" content=\"https:\/\/stage.loncani.ca\/wp-content\/uploads\/2023\/01\/Eyeliner5_600x.webp\" \/>\n<script type=\"application\/ld+json\" class=\"yoast-schema-graph\">{\"@context\":\"https:\/\/schema.org\",\"@graph\":[{\"@type\":\"WebSite\",\"@id\":\"https:\/\/stage.loncani.ca\/#website\",\"url\":\"https:\/\/stage.loncani.ca\/\",\"name\":\"LONCANI Stage\",\"description\":\"Black-Owned Beauty Marketplace\",\"potentialAction\":[{\"@type\":\"SearchAction\",\"target\":{\"@type\":\"EntryPoint\",\"urlTemplate\":\"https:\/\/stage.loncani.ca\/?s={search_term_string}\"},\"query-input\":\"required name=search_term_string\"}],\"inLanguage\":\"en-CA\"},{\"@type\":\"ImageObject\",\"@id\":\"https:\/\/stage.loncani.ca\/en\/shop\/makeup\/mascara-noir\/#primaryimage\",\"inLanguage\":\"en-CA\",\"url\":\"https:\/\/stage.loncani.ca\/wp-content\/uploads\/2023\/01\/Eyeliner5_600x.webp\",\"contentUrl\":\"https:\/\/stage.loncani.ca\/wp-content\/uploads\/2023\/01\/Eyeliner5_600x.webp\",\"width\":600,\"height\":462},{\"@type\":\"WebPage\",\"@id\":\"https:\/\/stage.loncani.ca\/en\/shop\/makeup\/mascara-noir\/#webpage\",\"url\":\"https:\/\/stage.loncani.ca\/en\/shop\/makeup\/mascara-noir\/\",\"name\":\"MASCARA NOIR MAGIQUE - LONCANI Stage\",\"isPartOf\":{\"@id\":\"https:\/\/stage.loncani.ca\/#website\"},\"primaryImageOfPage\":{\"@id\":\"https:\/\/stage.loncani.ca\/en\/shop\/makeup\/mascara-noir\/#primaryimage\"},\"datePublished\":\"2022-12-20T21:24:11+00:00\",\"dateModified\":\"2022-12-20T21:40:29+00:00\",\"breadcrumb\":{\"@id\":\"https:\/\/stage.loncani.ca\/en\/shop\/makeup\/mascara-noir\/#breadcrumb\"},\"inLanguage\":\"en-CA\",\"potentialAction\":[{\"@type\":\"ReadAction\",\"target\":[\"https:\/\/stage.loncani.ca\/en\/shop\/makeup\/mascara-noir\/\"]}]},{\"@type\":\"BreadcrumbList\",\"@id\":\"https:\/\/stage.loncani.ca\/en\/shop\/makeup\/mascara-noir\/#breadcrumb\",\"itemListElement\":[{\"@type\":\"ListItem\",\"position\":1,\"name\":\"Home\",\"item\":\"https:\/\/stage.loncani.ca\/\"},{\"@type\":\"ListItem\",\"position\":2,\"name\":\"Shop\",\"item\":\"https:\/\/stage.loncani.ca\/en\/shop\/\"},{\"@type\":\"ListItem\",\"position\":3,\"name\":\"MASCARA NOIR MAGIQUE\"}]}]}<\/script>\n<!-- \/ Yoast SEO plugin. -->","yoast_head_json":{"title":"MASCARA NOIR MAGIQUE - LONCANI Stage","robots":{"index":"noindex","follow":"follow","max-snippet":"max-snippet:-1","max-image-preview":"max-image-preview:large","max-video-preview":"max-video-preview:-1"},"og_locale":"en_US","og_type":"article","og_title":"MASCARA NOIR MAGIQUE - LONCANI Stage","og_description":"Ce mascara liquide magn\u00e9tique est facile \u00e0 appliquer et parfait pour un look durable!","og_url":"https:\/\/stage.loncani.ca\/en\/shop\/makeup\/mascara-noir\/","og_site_name":"LONCANI Stage","article_modified_time":"2022-12-20T21:40:29+00:00","twitter_card":"summary_large_image","twitter_image":"https:\/\/stage.loncani.ca\/wp-content\/uploads\/2023\/01\/Eyeliner5_600x.webp","schema":{"@context":"https:\/\/schema.org","@graph":[{"@type":"WebSite","@id":"https:\/\/stage.loncani.ca\/#website","url":"https:\/\/stage.loncani.ca\/","name":"LONCANI Stage","description":"Black-Owned Beauty Marketplace","potentialAction":[{"@type":"SearchAction","target":{"@type":"EntryPoint","urlTemplate":"https:\/\/stage.loncani.ca\/?s={search_term_string}"},"query-input":"required name=search_term_string"}],"inLanguage":"en-CA"},{"@type":"ImageObject","@id":"https:\/\/stage.loncani.ca\/en\/shop\/makeup\/mascara-noir\/#primaryimage","inLanguage":"en-CA","url":"https:\/\/stage.loncani.ca\/wp-content\/uploads\/2023\/01\/Eyeliner5_600x.webp","contentUrl":"https:\/\/stage.loncani.ca\/wp-content\/uploads\/2023\/01\/Eyeliner5_600x.webp","width":600,"height":462},{"@type":"WebPage","@id":"https:\/\/stage.loncani.ca\/en\/shop\/makeup\/mascara-noir\/#webpage","url":"https:\/\/stage.loncani.ca\/en\/shop\/makeup\/mascara-noir\/","name":"MASCARA NOIR MAGIQUE - LONCANI Stage","isPartOf":{"@id":"https:\/\/stage.loncani.ca\/#website"},"primaryImageOfPage":{"@id":"https:\/\/stage.loncani.ca\/en\/shop\/makeup\/mascara-noir\/#primaryimage"},"datePublished":"2022-12-20T21:24:11+00:00","dateModified":"2022-12-20T21:40:29+00:00","breadcrumb":{"@id":"https:\/\/stage.loncani.ca\/en\/shop\/makeup\/mascara-noir\/#breadcrumb"},"inLanguage":"en-CA","potentialAction":[{"@type":"ReadAction","target":["https:\/\/stage.loncani.ca\/en\/shop\/makeup\/mascara-noir\/"]}]},{"@type":"BreadcrumbList","@id":"https:\/\/stage.loncani.ca\/en\/shop\/makeup\/mascara-noir\/#breadcrumb","itemListElement":[{"@type":"ListItem","position":1,"name":"Home","item":"https:\/\/stage.loncani.ca\/"},{"@type":"ListItem","position":2,"name":"Shop","item":"https:\/\/stage.loncani.ca\/en\/shop\/"},{"@type":"ListItem","position":3,"name":"MASCARA NOIR MAGIQUE"}]}]}},"_links":{"self":[{"href":"https:\/\/stage.loncani.ca\/en\/wp-json\/wp\/v2\/product\/29225"}],"collection":[{"href":"https:\/\/stage.loncani.ca\/en\/wp-json\/wp\/v2\/product"}],"about":[{"href":"https:\/\/stage.loncani.ca\/en\/wp-json\/wp\/v2\/types\/product"}],"replies":[{"embeddable":true,"href":"https:\/\/stage.loncani.ca\/en\/wp-json\/wp\/v2\/comments?post=29225"}],"wp:featuredmedia":[{"embeddable":true,"href":"https:\/\/stage.loncani.ca\/en\/wp-json\/wp\/v2\/media\/29359"}],"wp:attachment":[{"href":"https:\/\/stage.loncani.ca\/en\/wp-json\/wp\/v2\/media?parent=29225"}],"wp:term":[{"taxonomy":"product_cat","embeddable":true,"href":"https:\/\/stage.loncani.ca\/en\/wp-json\/wp\/v2\/product_cat?post=29225"},{"taxonomy":"product_tag","embeddable":true,"href":"https:\/\/stage.loncani.ca\/en\/wp-json\/wp\/v2\/product_tag?post=29225"}],"curies":[{"name":"wp","href":"https:\/\/api.w.org\/{rel}","templated":true}]}}