{"id":29217,"date":"2022-12-20T14:15:11","date_gmt":"2022-12-20T19:15:11","guid":{"rendered":"https:\/\/stage.loncani.ca\/updatetheme\/en\/shop\/uncategorized\/brielle\/"},"modified":"2022-12-28T12:53:40","modified_gmt":"2022-12-28T17:53:40","slug":"brielle","status":"publish","type":"product","link":"https:\/\/stage.loncani.ca\/en\/shop\/makeup\/makeup-tools\/brielle\/","title":{"rendered":"BRIELLE"},"content":{"rendered":"<p><span style=\"color: #000000;font-family: 'Century Gothic', sans-serif;font-size: 15px\">100 % vrais cils 3D en vison, bande de coton noir doux de 10 \u00e0 18 mm, bande invisible transparente, qualit\u00e9 sup\u00e9rieure, doux, v\u00e9g\u00e9talien, l\u00e9ger, facile \u00e0 appliquer et \u00e0 enlever, imperm\u00e9able, magn\u00e9tique puissant, r\u00e9sultats instantan\u00e9s lisses et confortables, plus longs, plus \u00e9pais, volumineux. , Formule douce et s\u00fbre R\u00e9utilisable plus de 30 fois<\/span><\/p>\n<script>\r\njQuery('.berocket_ww_container').each( function( i, o ) {\r\n    if ( jQuery(o).height() + 20 < jQuery(o).find('.berocket_ww_ul_container').height() && jQuery(o).find('.berocket_ww_show_all').length ) {\r\n        jQuery(o).find('.berocket_ww_show_all').show();\r\n    } else if( ! jQuery(o).find('.berocket_ww_show_all').length ) {\r\n        var $scroll_block = jQuery(o).find('.berocket_ww_list');\r\n        $scroll_block.css( {maxHeight: 'initial'} );\r\n    }\r\n});\r\n<\/script>\r\n","protected":false},"excerpt":{"rendered":"<p>Design pour une personne classique de tous les jours. Donnez un #Glow Boost instantan\u00e9 ! On remarquera quelque chose de diff\u00e9rent en vous sans savoir quoi : Si vous aimez #Briller sans effort : Brielle est pour vous !<\/p>\n","protected":false},"featured_media":29365,"comment_status":"open","ping_status":"closed","template":"","meta":{"pmpro_default_level":0},"product_cat":[165,1935,162,163],"product_tag":[1938,1934,1939],"yoast_head":"<!-- This site is optimized with the Yoast SEO plugin v18.6 - https:\/\/yoast.com\/wordpress\/plugins\/seo\/ -->\n<title>BRIELLE - LONCANI Stage<\/title>\n<meta name=\"robots\" content=\"noindex, follow, max-snippet:-1, max-image-preview:large, max-video-preview:-1\" \/>\n<meta property=\"og:locale\" content=\"en_US\" \/>\n<meta property=\"og:type\" content=\"article\" \/>\n<meta property=\"og:title\" content=\"BRIELLE - LONCANI Stage\" \/>\n<meta property=\"og:description\" content=\"Design pour une personne classique de tous les jours. Donnez un #Glow Boost instantan\u00e9 ! On remarquera quelque chose de diff\u00e9rent en vous sans savoir quoi : Si vous aimez #Briller sans effort : Brielle est pour vous !\" \/>\n<meta property=\"og:url\" content=\"https:\/\/stage.loncani.ca\/en\/shop\/makeup\/makeup-tools\/brielle\/\" \/>\n<meta property=\"og:site_name\" content=\"LONCANI Stage\" \/>\n<meta property=\"article:modified_time\" content=\"2022-12-28T17:53:40+00:00\" \/>\n<meta name=\"twitter:card\" content=\"summary_large_image\" \/>\n<meta name=\"twitter:image\" content=\"https:\/\/stage.loncani.ca\/wp-content\/uploads\/2023\/01\/Brielle-1.webp\" \/>\n<script type=\"application\/ld+json\" class=\"yoast-schema-graph\">{\"@context\":\"https:\/\/schema.org\",\"@graph\":[{\"@type\":\"WebSite\",\"@id\":\"https:\/\/stage.loncani.ca\/#website\",\"url\":\"https:\/\/stage.loncani.ca\/\",\"name\":\"LONCANI Stage\",\"description\":\"Black-Owned Beauty Marketplace\",\"potentialAction\":[{\"@type\":\"SearchAction\",\"target\":{\"@type\":\"EntryPoint\",\"urlTemplate\":\"https:\/\/stage.loncani.ca\/?s={search_term_string}\"},\"query-input\":\"required name=search_term_string\"}],\"inLanguage\":\"en-CA\"},{\"@type\":\"ImageObject\",\"@id\":\"https:\/\/stage.loncani.ca\/en\/shop\/makeup\/makeup-tools\/brielle\/#primaryimage\",\"inLanguage\":\"en-CA\",\"url\":\"https:\/\/stage.loncani.ca\/wp-content\/uploads\/2023\/01\/Brielle-1.webp\",\"contentUrl\":\"https:\/\/stage.loncani.ca\/wp-content\/uploads\/2023\/01\/Brielle-1.webp\",\"width\":1400,\"height\":1400},{\"@type\":\"WebPage\",\"@id\":\"https:\/\/stage.loncani.ca\/en\/shop\/makeup\/makeup-tools\/brielle\/#webpage\",\"url\":\"https:\/\/stage.loncani.ca\/en\/shop\/makeup\/makeup-tools\/brielle\/\",\"name\":\"BRIELLE - LONCANI Stage\",\"isPartOf\":{\"@id\":\"https:\/\/stage.loncani.ca\/#website\"},\"primaryImageOfPage\":{\"@id\":\"https:\/\/stage.loncani.ca\/en\/shop\/makeup\/makeup-tools\/brielle\/#primaryimage\"},\"datePublished\":\"2022-12-20T19:15:11+00:00\",\"dateModified\":\"2022-12-28T17:53:40+00:00\",\"breadcrumb\":{\"@id\":\"https:\/\/stage.loncani.ca\/en\/shop\/makeup\/makeup-tools\/brielle\/#breadcrumb\"},\"inLanguage\":\"en-CA\",\"potentialAction\":[{\"@type\":\"ReadAction\",\"target\":[\"https:\/\/stage.loncani.ca\/en\/shop\/makeup\/makeup-tools\/brielle\/\"]}]},{\"@type\":\"BreadcrumbList\",\"@id\":\"https:\/\/stage.loncani.ca\/en\/shop\/makeup\/makeup-tools\/brielle\/#breadcrumb\",\"itemListElement\":[{\"@type\":\"ListItem\",\"position\":1,\"name\":\"Home\",\"item\":\"https:\/\/stage.loncani.ca\/\"},{\"@type\":\"ListItem\",\"position\":2,\"name\":\"Shop\",\"item\":\"https:\/\/stage.loncani.ca\/en\/shop\/\"},{\"@type\":\"ListItem\",\"position\":3,\"name\":\"BRIELLE\"}]}]}<\/script>\n<!-- \/ Yoast SEO plugin. -->","yoast_head_json":{"title":"BRIELLE - LONCANI Stage","robots":{"index":"noindex","follow":"follow","max-snippet":"max-snippet:-1","max-image-preview":"max-image-preview:large","max-video-preview":"max-video-preview:-1"},"og_locale":"en_US","og_type":"article","og_title":"BRIELLE - LONCANI Stage","og_description":"Design pour une personne classique de tous les jours. Donnez un #Glow Boost instantan\u00e9 ! On remarquera quelque chose de diff\u00e9rent en vous sans savoir quoi : Si vous aimez #Briller sans effort : Brielle est pour vous !","og_url":"https:\/\/stage.loncani.ca\/en\/shop\/makeup\/makeup-tools\/brielle\/","og_site_name":"LONCANI Stage","article_modified_time":"2022-12-28T17:53:40+00:00","twitter_card":"summary_large_image","twitter_image":"https:\/\/stage.loncani.ca\/wp-content\/uploads\/2023\/01\/Brielle-1.webp","schema":{"@context":"https:\/\/schema.org","@graph":[{"@type":"WebSite","@id":"https:\/\/stage.loncani.ca\/#website","url":"https:\/\/stage.loncani.ca\/","name":"LONCANI Stage","description":"Black-Owned Beauty Marketplace","potentialAction":[{"@type":"SearchAction","target":{"@type":"EntryPoint","urlTemplate":"https:\/\/stage.loncani.ca\/?s={search_term_string}"},"query-input":"required name=search_term_string"}],"inLanguage":"en-CA"},{"@type":"ImageObject","@id":"https:\/\/stage.loncani.ca\/en\/shop\/makeup\/makeup-tools\/brielle\/#primaryimage","inLanguage":"en-CA","url":"https:\/\/stage.loncani.ca\/wp-content\/uploads\/2023\/01\/Brielle-1.webp","contentUrl":"https:\/\/stage.loncani.ca\/wp-content\/uploads\/2023\/01\/Brielle-1.webp","width":1400,"height":1400},{"@type":"WebPage","@id":"https:\/\/stage.loncani.ca\/en\/shop\/makeup\/makeup-tools\/brielle\/#webpage","url":"https:\/\/stage.loncani.ca\/en\/shop\/makeup\/makeup-tools\/brielle\/","name":"BRIELLE - LONCANI Stage","isPartOf":{"@id":"https:\/\/stage.loncani.ca\/#website"},"primaryImageOfPage":{"@id":"https:\/\/stage.loncani.ca\/en\/shop\/makeup\/makeup-tools\/brielle\/#primaryimage"},"datePublished":"2022-12-20T19:15:11+00:00","dateModified":"2022-12-28T17:53:40+00:00","breadcrumb":{"@id":"https:\/\/stage.loncani.ca\/en\/shop\/makeup\/makeup-tools\/brielle\/#breadcrumb"},"inLanguage":"en-CA","potentialAction":[{"@type":"ReadAction","target":["https:\/\/stage.loncani.ca\/en\/shop\/makeup\/makeup-tools\/brielle\/"]}]},{"@type":"BreadcrumbList","@id":"https:\/\/stage.loncani.ca\/en\/shop\/makeup\/makeup-tools\/brielle\/#breadcrumb","itemListElement":[{"@type":"ListItem","position":1,"name":"Home","item":"https:\/\/stage.loncani.ca\/"},{"@type":"ListItem","position":2,"name":"Shop","item":"https:\/\/stage.loncani.ca\/en\/shop\/"},{"@type":"ListItem","position":3,"name":"BRIELLE"}]}]}},"_links":{"self":[{"href":"https:\/\/stage.loncani.ca\/en\/wp-json\/wp\/v2\/product\/29217"}],"collection":[{"href":"https:\/\/stage.loncani.ca\/en\/wp-json\/wp\/v2\/product"}],"about":[{"href":"https:\/\/stage.loncani.ca\/en\/wp-json\/wp\/v2\/types\/product"}],"replies":[{"embeddable":true,"href":"https:\/\/stage.loncani.ca\/en\/wp-json\/wp\/v2\/comments?post=29217"}],"wp:featuredmedia":[{"embeddable":true,"href":"https:\/\/stage.loncani.ca\/en\/wp-json\/wp\/v2\/media\/29365"}],"wp:attachment":[{"href":"https:\/\/stage.loncani.ca\/en\/wp-json\/wp\/v2\/media?parent=29217"}],"wp:term":[{"taxonomy":"product_cat","embeddable":true,"href":"https:\/\/stage.loncani.ca\/en\/wp-json\/wp\/v2\/product_cat?post=29217"},{"taxonomy":"product_tag","embeddable":true,"href":"https:\/\/stage.loncani.ca\/en\/wp-json\/wp\/v2\/product_tag?post=29217"}],"curies":[{"name":"wp","href":"https:\/\/api.w.org\/{rel}","templated":true}]}}