{"id":28889,"date":"2022-12-01T22:38:08","date_gmt":"2022-12-02T03:38:08","guid":{"rendered":"https:\/\/stage.loncani.ca\/updatetheme\/fr\/boutique\/non%20cat\u00e9goris\u00e9\/bougie-de-massage-catch-you\/"},"modified":"2022-12-21T13:47:23","modified_gmt":"2022-12-21T18:47:23","slug":"bougie-de-massage-catch-you","status":"publish","type":"product","link":"https:\/\/stage.loncani.ca\/en\/shop\/beauty-health\/bougie-de-massage-catch-you\/","title":{"rendered":"CATCH YOU"},"content":{"rendered":"<p>BOUGIE DE MASSAGE &#8211; CIRE DE SOYA BEURRE DE KARIT\u00c9 ET VITAMINE E.\u00a0 M\u00c9LANGE DHUILES ESSENTIELLES DE bois de santal, musc et ylang-ylang\u00a0 (Sandalwood, musk and Ylang-Ylang)<\/p>\n<p>&nbsp;<\/p>\n<p>&#8211; Bois de Santal reconnu pour ses propri\u00e9t\u00e9s stabilisatrices et r\u00e9g\u00e9n\u00e9ratrices<\/p>\n<p>soins des plaies et infections cutan\u00e9es.\u00a0 D\u00e9pression et s\u00e9rotonine et dopamine basse.<\/p>\n<p>D&#8217;antan il \u00e9tait utilis\u00e9 dans pratiques religieuses et spirituelles<\/p>\n<p>&#8211; Ylang-Ylang &#8211; Reconnu pour son c\u00f4t\u00e9 exotique. c&#8217;est un bon s\u00e9datif et un aphrodisiaque<\/p>\n<p>Libido basse, fatigue mentale, d\u00e9tresse, deuil, haute pression, manque d&#8217;\u00e9quilibre.<\/p>\n<script>\r\njQuery('.berocket_ww_container').each( function( i, o ) {\r\n    if ( jQuery(o).height() + 20 < jQuery(o).find('.berocket_ww_ul_container').height() && jQuery(o).find('.berocket_ww_show_all').length ) {\r\n        jQuery(o).find('.berocket_ww_show_all').show();\r\n    } else if( ! jQuery(o).find('.berocket_ww_show_all').length ) {\r\n        var $scroll_block = jQuery(o).find('.berocket_ww_list');\r\n        $scroll_block.css( {maxHeight: 'initial'} );\r\n    }\r\n});\r\n<\/script>\r\n","protected":false},"excerpt":{"rendered":"<p>BOUGIE DE MASSAGE &#8211; CIRE DE SOYA BEURRE DE KARIT\u00c9 ET VITAMINE E. M\u00c9LANGE DHUILES ESSENTIELLES DE bois de santal, musc et ylang-ylang (Sandalwood, musk and Ylang-Ylang)<\/p>\n","protected":false},"featured_media":29390,"comment_status":"open","ping_status":"closed","template":"","meta":{"pmpro_default_level":0},"product_cat":[161],"product_tag":[1919,1921,1920,1923],"yoast_head":"<!-- This site is optimized with the Yoast SEO plugin v18.6 - https:\/\/yoast.com\/wordpress\/plugins\/seo\/ -->\n<title>CATCH YOU - LONCANI Stage<\/title>\n<meta name=\"robots\" content=\"noindex, follow, max-snippet:-1, max-image-preview:large, max-video-preview:-1\" \/>\n<meta property=\"og:locale\" content=\"en_US\" \/>\n<meta property=\"og:type\" content=\"article\" \/>\n<meta property=\"og:title\" content=\"CATCH YOU - LONCANI Stage\" \/>\n<meta property=\"og:description\" content=\"BOUGIE DE MASSAGE - CIRE DE SOYA BEURRE DE KARIT\u00c9 ET VITAMINE E. M\u00c9LANGE DHUILES ESSENTIELLES DE bois de santal, musc et ylang-ylang (Sandalwood, musk and Ylang-Ylang)\" \/>\n<meta property=\"og:url\" content=\"https:\/\/stage.loncani.ca\/en\/shop\/beauty-health\/bougie-de-massage-catch-you\/\" \/>\n<meta property=\"og:site_name\" content=\"LONCANI Stage\" \/>\n<meta property=\"article:modified_time\" content=\"2022-12-21T18:47:23+00:00\" \/>\n<meta property=\"og:image\" content=\"https:\/\/stage.loncani.ca\/wp-content\/uploads\/2023\/01\/2022-09-29-02_06_55-PowerPoint-Slide-Show-Presentation1.png\" \/>\n\t<meta property=\"og:image:width\" content=\"1918\" \/>\n\t<meta property=\"og:image:height\" content=\"1080\" \/>\n\t<meta property=\"og:image:type\" content=\"image\/png\" \/>\n<meta name=\"twitter:card\" content=\"summary_large_image\" \/>\n<script type=\"application\/ld+json\" class=\"yoast-schema-graph\">{\"@context\":\"https:\/\/schema.org\",\"@graph\":[{\"@type\":\"WebSite\",\"@id\":\"https:\/\/stage.loncani.ca\/#website\",\"url\":\"https:\/\/stage.loncani.ca\/\",\"name\":\"LONCANI Stage\",\"description\":\"Black-Owned Beauty Marketplace\",\"potentialAction\":[{\"@type\":\"SearchAction\",\"target\":{\"@type\":\"EntryPoint\",\"urlTemplate\":\"https:\/\/stage.loncani.ca\/?s={search_term_string}\"},\"query-input\":\"required name=search_term_string\"}],\"inLanguage\":\"en-CA\"},{\"@type\":\"ImageObject\",\"@id\":\"https:\/\/stage.loncani.ca\/en\/shop\/beauty-health\/bougie-de-massage-catch-you\/#primaryimage\",\"inLanguage\":\"en-CA\",\"url\":\"https:\/\/stage.loncani.ca\/wp-content\/uploads\/2023\/01\/2022-09-29-02_06_55-PowerPoint-Slide-Show-Presentation1.png\",\"contentUrl\":\"https:\/\/stage.loncani.ca\/wp-content\/uploads\/2023\/01\/2022-09-29-02_06_55-PowerPoint-Slide-Show-Presentation1.png\",\"width\":1918,\"height\":1080},{\"@type\":\"WebPage\",\"@id\":\"https:\/\/stage.loncani.ca\/en\/shop\/beauty-health\/bougie-de-massage-catch-you\/#webpage\",\"url\":\"https:\/\/stage.loncani.ca\/en\/shop\/beauty-health\/bougie-de-massage-catch-you\/\",\"name\":\"CATCH YOU - LONCANI Stage\",\"isPartOf\":{\"@id\":\"https:\/\/stage.loncani.ca\/#website\"},\"primaryImageOfPage\":{\"@id\":\"https:\/\/stage.loncani.ca\/en\/shop\/beauty-health\/bougie-de-massage-catch-you\/#primaryimage\"},\"datePublished\":\"2022-12-02T03:38:08+00:00\",\"dateModified\":\"2022-12-21T18:47:23+00:00\",\"breadcrumb\":{\"@id\":\"https:\/\/stage.loncani.ca\/en\/shop\/beauty-health\/bougie-de-massage-catch-you\/#breadcrumb\"},\"inLanguage\":\"en-CA\",\"potentialAction\":[{\"@type\":\"ReadAction\",\"target\":[\"https:\/\/stage.loncani.ca\/en\/shop\/beauty-health\/bougie-de-massage-catch-you\/\"]}]},{\"@type\":\"BreadcrumbList\",\"@id\":\"https:\/\/stage.loncani.ca\/en\/shop\/beauty-health\/bougie-de-massage-catch-you\/#breadcrumb\",\"itemListElement\":[{\"@type\":\"ListItem\",\"position\":1,\"name\":\"Home\",\"item\":\"https:\/\/stage.loncani.ca\/\"},{\"@type\":\"ListItem\",\"position\":2,\"name\":\"Shop\",\"item\":\"https:\/\/stage.loncani.ca\/en\/shop\/\"},{\"@type\":\"ListItem\",\"position\":3,\"name\":\"CATCH YOU\"}]}]}<\/script>\n<!-- \/ Yoast SEO plugin. -->","yoast_head_json":{"title":"CATCH YOU - LONCANI Stage","robots":{"index":"noindex","follow":"follow","max-snippet":"max-snippet:-1","max-image-preview":"max-image-preview:large","max-video-preview":"max-video-preview:-1"},"og_locale":"en_US","og_type":"article","og_title":"CATCH YOU - LONCANI Stage","og_description":"BOUGIE DE MASSAGE - CIRE DE SOYA BEURRE DE KARIT\u00c9 ET VITAMINE E. M\u00c9LANGE DHUILES ESSENTIELLES DE bois de santal, musc et ylang-ylang (Sandalwood, musk and Ylang-Ylang)","og_url":"https:\/\/stage.loncani.ca\/en\/shop\/beauty-health\/bougie-de-massage-catch-you\/","og_site_name":"LONCANI Stage","article_modified_time":"2022-12-21T18:47:23+00:00","og_image":[{"width":1918,"height":1080,"url":"https:\/\/stage.loncani.ca\/wp-content\/uploads\/2023\/01\/2022-09-29-02_06_55-PowerPoint-Slide-Show-Presentation1.png","type":"image\/png"}],"twitter_card":"summary_large_image","schema":{"@context":"https:\/\/schema.org","@graph":[{"@type":"WebSite","@id":"https:\/\/stage.loncani.ca\/#website","url":"https:\/\/stage.loncani.ca\/","name":"LONCANI Stage","description":"Black-Owned Beauty Marketplace","potentialAction":[{"@type":"SearchAction","target":{"@type":"EntryPoint","urlTemplate":"https:\/\/stage.loncani.ca\/?s={search_term_string}"},"query-input":"required name=search_term_string"}],"inLanguage":"en-CA"},{"@type":"ImageObject","@id":"https:\/\/stage.loncani.ca\/en\/shop\/beauty-health\/bougie-de-massage-catch-you\/#primaryimage","inLanguage":"en-CA","url":"https:\/\/stage.loncani.ca\/wp-content\/uploads\/2023\/01\/2022-09-29-02_06_55-PowerPoint-Slide-Show-Presentation1.png","contentUrl":"https:\/\/stage.loncani.ca\/wp-content\/uploads\/2023\/01\/2022-09-29-02_06_55-PowerPoint-Slide-Show-Presentation1.png","width":1918,"height":1080},{"@type":"WebPage","@id":"https:\/\/stage.loncani.ca\/en\/shop\/beauty-health\/bougie-de-massage-catch-you\/#webpage","url":"https:\/\/stage.loncani.ca\/en\/shop\/beauty-health\/bougie-de-massage-catch-you\/","name":"CATCH YOU - LONCANI Stage","isPartOf":{"@id":"https:\/\/stage.loncani.ca\/#website"},"primaryImageOfPage":{"@id":"https:\/\/stage.loncani.ca\/en\/shop\/beauty-health\/bougie-de-massage-catch-you\/#primaryimage"},"datePublished":"2022-12-02T03:38:08+00:00","dateModified":"2022-12-21T18:47:23+00:00","breadcrumb":{"@id":"https:\/\/stage.loncani.ca\/en\/shop\/beauty-health\/bougie-de-massage-catch-you\/#breadcrumb"},"inLanguage":"en-CA","potentialAction":[{"@type":"ReadAction","target":["https:\/\/stage.loncani.ca\/en\/shop\/beauty-health\/bougie-de-massage-catch-you\/"]}]},{"@type":"BreadcrumbList","@id":"https:\/\/stage.loncani.ca\/en\/shop\/beauty-health\/bougie-de-massage-catch-you\/#breadcrumb","itemListElement":[{"@type":"ListItem","position":1,"name":"Home","item":"https:\/\/stage.loncani.ca\/"},{"@type":"ListItem","position":2,"name":"Shop","item":"https:\/\/stage.loncani.ca\/en\/shop\/"},{"@type":"ListItem","position":3,"name":"CATCH YOU"}]}]}},"_links":{"self":[{"href":"https:\/\/stage.loncani.ca\/en\/wp-json\/wp\/v2\/product\/28889"}],"collection":[{"href":"https:\/\/stage.loncani.ca\/en\/wp-json\/wp\/v2\/product"}],"about":[{"href":"https:\/\/stage.loncani.ca\/en\/wp-json\/wp\/v2\/types\/product"}],"replies":[{"embeddable":true,"href":"https:\/\/stage.loncani.ca\/en\/wp-json\/wp\/v2\/comments?post=28889"}],"wp:featuredmedia":[{"embeddable":true,"href":"https:\/\/stage.loncani.ca\/en\/wp-json\/wp\/v2\/media\/29390"}],"wp:attachment":[{"href":"https:\/\/stage.loncani.ca\/en\/wp-json\/wp\/v2\/media?parent=28889"}],"wp:term":[{"taxonomy":"product_cat","embeddable":true,"href":"https:\/\/stage.loncani.ca\/en\/wp-json\/wp\/v2\/product_cat?post=28889"},{"taxonomy":"product_tag","embeddable":true,"href":"https:\/\/stage.loncani.ca\/en\/wp-json\/wp\/v2\/product_tag?post=28889"}],"curies":[{"name":"wp","href":"https:\/\/api.w.org\/{rel}","templated":true}]}}