{"id":28828,"date":"2022-11-28T14:52:52","date_gmt":"2022-11-28T19:52:52","guid":{"rendered":"https:\/\/stage.loncani.ca\/updatetheme\/fr\/boutique\/non%20cat\u00e9goris\u00e9\/extensions-de-cils\/"},"modified":"2024-01-12T05:22:44","modified_gmt":"2024-01-12T10:22:44","slug":"extensions-de-cils","status":"publish","type":"product","link":"https:\/\/stage.loncani.ca\/en\/shop\/listeo-booking\/extensions-de-cils\/","title":{"rendered":"Extensions de cils"},"content":{"rendered":"<p>Bonjour, je suis technicienne certifi\u00e9e.<br \/>\nTr\u00e8s heureuse de vous annoncer que le local est enfin pr\u00eat \u00e0 vous accueillir pour sublimer votre regard! Les services offerts pour l\u2019instant :<br \/>\nCils classique<br \/>\nVolume r\u00e9gulier<br \/>\nVolume russe et m\u00e9ga volume.<br \/>\nRestez \u00e0 l\u2019aff\u00fbt pour les nouvelles tendances!<br \/>\nBient\u00f4t, des photos \u00e0 titre d\u2019exemple.<br \/>\nBien h\u00e2te de vous recevoir!!!<\/p>\n<p>N&#8217;h\u00e9sitez pas \u00e0 me contacter via le formulaire de contact pour plus d&#8217;informations<\/p>\n<script>\r\njQuery('.berocket_ww_container').each( function( i, o ) {\r\n    if ( jQuery(o).height() + 20 < jQuery(o).find('.berocket_ww_ul_container').height() && jQuery(o).find('.berocket_ww_show_all').length ) {\r\n        jQuery(o).find('.berocket_ww_show_all').show();\r\n    } else if( ! jQuery(o).find('.berocket_ww_show_all').length ) {\r\n        var $scroll_block = jQuery(o).find('.berocket_ww_list');\r\n        $scroll_block.css( {maxHeight: 'initial'} );\r\n    }\r\n});\r\n<\/script>\r\n","protected":false},"excerpt":{"rendered":"<p>Bonjour, je suis technicienne certifi\u00e9e. Tr\u00e8s heureuse de vous annoncer que le local est enfin pr\u00eat \u00e0 vous accueillir pour sublimer votre regard! Les services offerts pour l\u2019instant : Cils classique Volume r\u00e9gulier Volume russe et m\u00e9ga volume. Restez \u00e0 l\u2019aff\u00fbt pour les nouvelles tendances! Bient\u00f4t, des photos \u00e0 titre d\u2019exemple. Bien h\u00e2te de vous [&hellip;]<\/p>\n","protected":false},"featured_media":29402,"comment_status":"open","ping_status":"closed","template":"","meta":{"pmpro_default_level":0},"product_cat":[328],"product_tag":[],"yoast_head":"<!-- This site is optimized with the Yoast SEO plugin v18.6 - https:\/\/yoast.com\/wordpress\/plugins\/seo\/ -->\n<title>Extensions de cils - LONCANI Stage<\/title>\n<meta name=\"robots\" content=\"noindex, follow, max-snippet:-1, max-image-preview:large, max-video-preview:-1\" \/>\n<meta property=\"og:locale\" content=\"en_US\" \/>\n<meta property=\"og:type\" content=\"article\" \/>\n<meta property=\"og:title\" content=\"Extensions de cils - LONCANI Stage\" \/>\n<meta property=\"og:description\" content=\"Bonjour, je suis technicienne certifi\u00e9e. Tr\u00e8s heureuse de vous annoncer que le local est enfin pr\u00eat \u00e0 vous accueillir pour sublimer votre regard! Les services offerts pour l\u2019instant : Cils classique Volume r\u00e9gulier Volume russe et m\u00e9ga volume. Restez \u00e0 l\u2019aff\u00fbt pour les nouvelles tendances! Bient\u00f4t, des photos \u00e0 titre d\u2019exemple. Bien h\u00e2te de vous [&hellip;]\" \/>\n<meta property=\"og:url\" content=\"https:\/\/stage.loncani.ca\/en\/shop\/listeo-booking\/extensions-de-cils\/\" \/>\n<meta property=\"og:site_name\" content=\"LONCANI Stage\" \/>\n<meta property=\"article:modified_time\" content=\"2024-01-12T10:22:44+00:00\" \/>\n<meta property=\"og:image\" content=\"https:\/\/stage.loncani.ca\/wp-content\/uploads\/2023\/01\/IMG_3151.png\" \/>\n\t<meta property=\"og:image:width\" content=\"1284\" \/>\n\t<meta property=\"og:image:height\" content=\"1597\" \/>\n\t<meta property=\"og:image:type\" content=\"image\/png\" \/>\n<meta name=\"twitter:card\" content=\"summary_large_image\" \/>\n<script type=\"application\/ld+json\" class=\"yoast-schema-graph\">{\"@context\":\"https:\/\/schema.org\",\"@graph\":[{\"@type\":\"WebSite\",\"@id\":\"https:\/\/stage.loncani.ca\/#website\",\"url\":\"https:\/\/stage.loncani.ca\/\",\"name\":\"LONCANI Stage\",\"description\":\"Black-Owned Beauty Marketplace\",\"potentialAction\":[{\"@type\":\"SearchAction\",\"target\":{\"@type\":\"EntryPoint\",\"urlTemplate\":\"https:\/\/stage.loncani.ca\/?s={search_term_string}\"},\"query-input\":\"required name=search_term_string\"}],\"inLanguage\":\"en-CA\"},{\"@type\":\"ImageObject\",\"@id\":\"https:\/\/stage.loncani.ca\/en\/shop\/listeo-booking\/extensions-de-cils\/#primaryimage\",\"inLanguage\":\"en-CA\",\"url\":\"https:\/\/stage.loncani.ca\/wp-content\/uploads\/2023\/01\/IMG_3151.png\",\"contentUrl\":\"https:\/\/stage.loncani.ca\/wp-content\/uploads\/2023\/01\/IMG_3151.png\",\"width\":1284,\"height\":1597},{\"@type\":\"WebPage\",\"@id\":\"https:\/\/stage.loncani.ca\/en\/shop\/listeo-booking\/extensions-de-cils\/#webpage\",\"url\":\"https:\/\/stage.loncani.ca\/en\/shop\/listeo-booking\/extensions-de-cils\/\",\"name\":\"Extensions de cils - LONCANI Stage\",\"isPartOf\":{\"@id\":\"https:\/\/stage.loncani.ca\/#website\"},\"primaryImageOfPage\":{\"@id\":\"https:\/\/stage.loncani.ca\/en\/shop\/listeo-booking\/extensions-de-cils\/#primaryimage\"},\"datePublished\":\"2022-11-28T19:52:52+00:00\",\"dateModified\":\"2024-01-12T10:22:44+00:00\",\"breadcrumb\":{\"@id\":\"https:\/\/stage.loncani.ca\/en\/shop\/listeo-booking\/extensions-de-cils\/#breadcrumb\"},\"inLanguage\":\"en-CA\",\"potentialAction\":[{\"@type\":\"ReadAction\",\"target\":[\"https:\/\/stage.loncani.ca\/en\/shop\/listeo-booking\/extensions-de-cils\/\"]}]},{\"@type\":\"BreadcrumbList\",\"@id\":\"https:\/\/stage.loncani.ca\/en\/shop\/listeo-booking\/extensions-de-cils\/#breadcrumb\",\"itemListElement\":[{\"@type\":\"ListItem\",\"position\":1,\"name\":\"Home\",\"item\":\"https:\/\/stage.loncani.ca\/\"},{\"@type\":\"ListItem\",\"position\":2,\"name\":\"Shop\",\"item\":\"https:\/\/stage.loncani.ca\/en\/shop\/\"},{\"@type\":\"ListItem\",\"position\":3,\"name\":\"Extensions de cils\"}]}]}<\/script>\n<!-- \/ Yoast SEO plugin. -->","yoast_head_json":{"title":"Extensions de cils - LONCANI Stage","robots":{"index":"noindex","follow":"follow","max-snippet":"max-snippet:-1","max-image-preview":"max-image-preview:large","max-video-preview":"max-video-preview:-1"},"og_locale":"en_US","og_type":"article","og_title":"Extensions de cils - LONCANI Stage","og_description":"Bonjour, je suis technicienne certifi\u00e9e. Tr\u00e8s heureuse de vous annoncer que le local est enfin pr\u00eat \u00e0 vous accueillir pour sublimer votre regard! Les services offerts pour l\u2019instant : Cils classique Volume r\u00e9gulier Volume russe et m\u00e9ga volume. Restez \u00e0 l\u2019aff\u00fbt pour les nouvelles tendances! Bient\u00f4t, des photos \u00e0 titre d\u2019exemple. Bien h\u00e2te de vous [&hellip;]","og_url":"https:\/\/stage.loncani.ca\/en\/shop\/listeo-booking\/extensions-de-cils\/","og_site_name":"LONCANI Stage","article_modified_time":"2024-01-12T10:22:44+00:00","og_image":[{"width":1284,"height":1597,"url":"https:\/\/stage.loncani.ca\/wp-content\/uploads\/2023\/01\/IMG_3151.png","type":"image\/png"}],"twitter_card":"summary_large_image","schema":{"@context":"https:\/\/schema.org","@graph":[{"@type":"WebSite","@id":"https:\/\/stage.loncani.ca\/#website","url":"https:\/\/stage.loncani.ca\/","name":"LONCANI Stage","description":"Black-Owned Beauty Marketplace","potentialAction":[{"@type":"SearchAction","target":{"@type":"EntryPoint","urlTemplate":"https:\/\/stage.loncani.ca\/?s={search_term_string}"},"query-input":"required name=search_term_string"}],"inLanguage":"en-CA"},{"@type":"ImageObject","@id":"https:\/\/stage.loncani.ca\/en\/shop\/listeo-booking\/extensions-de-cils\/#primaryimage","inLanguage":"en-CA","url":"https:\/\/stage.loncani.ca\/wp-content\/uploads\/2023\/01\/IMG_3151.png","contentUrl":"https:\/\/stage.loncani.ca\/wp-content\/uploads\/2023\/01\/IMG_3151.png","width":1284,"height":1597},{"@type":"WebPage","@id":"https:\/\/stage.loncani.ca\/en\/shop\/listeo-booking\/extensions-de-cils\/#webpage","url":"https:\/\/stage.loncani.ca\/en\/shop\/listeo-booking\/extensions-de-cils\/","name":"Extensions de cils - LONCANI Stage","isPartOf":{"@id":"https:\/\/stage.loncani.ca\/#website"},"primaryImageOfPage":{"@id":"https:\/\/stage.loncani.ca\/en\/shop\/listeo-booking\/extensions-de-cils\/#primaryimage"},"datePublished":"2022-11-28T19:52:52+00:00","dateModified":"2024-01-12T10:22:44+00:00","breadcrumb":{"@id":"https:\/\/stage.loncani.ca\/en\/shop\/listeo-booking\/extensions-de-cils\/#breadcrumb"},"inLanguage":"en-CA","potentialAction":[{"@type":"ReadAction","target":["https:\/\/stage.loncani.ca\/en\/shop\/listeo-booking\/extensions-de-cils\/"]}]},{"@type":"BreadcrumbList","@id":"https:\/\/stage.loncani.ca\/en\/shop\/listeo-booking\/extensions-de-cils\/#breadcrumb","itemListElement":[{"@type":"ListItem","position":1,"name":"Home","item":"https:\/\/stage.loncani.ca\/"},{"@type":"ListItem","position":2,"name":"Shop","item":"https:\/\/stage.loncani.ca\/en\/shop\/"},{"@type":"ListItem","position":3,"name":"Extensions de cils"}]}]}},"_links":{"self":[{"href":"https:\/\/stage.loncani.ca\/en\/wp-json\/wp\/v2\/product\/28828"}],"collection":[{"href":"https:\/\/stage.loncani.ca\/en\/wp-json\/wp\/v2\/product"}],"about":[{"href":"https:\/\/stage.loncani.ca\/en\/wp-json\/wp\/v2\/types\/product"}],"replies":[{"embeddable":true,"href":"https:\/\/stage.loncani.ca\/en\/wp-json\/wp\/v2\/comments?post=28828"}],"wp:featuredmedia":[{"embeddable":true,"href":"https:\/\/stage.loncani.ca\/en\/wp-json\/wp\/v2\/media\/29402"}],"wp:attachment":[{"href":"https:\/\/stage.loncani.ca\/en\/wp-json\/wp\/v2\/media?parent=28828"}],"wp:term":[{"taxonomy":"product_cat","embeddable":true,"href":"https:\/\/stage.loncani.ca\/en\/wp-json\/wp\/v2\/product_cat?post=28828"},{"taxonomy":"product_tag","embeddable":true,"href":"https:\/\/stage.loncani.ca\/en\/wp-json\/wp\/v2\/product_tag?post=28828"}],"curies":[{"name":"wp","href":"https:\/\/api.w.org\/{rel}","templated":true}]}}